{"id":747774,"date":"2025-08-28T03:14:54","date_gmt":"2025-08-28T00:14:54","guid":{"rendered":"https:\/\/roveyayinevi.com.tr\/index.php\/urun\/gunesli-sonbahar\/"},"modified":"2026-04-16T03:00:33","modified_gmt":"2026-04-16T00:00:33","slug":"gunesli-sonbahar","status":"publish","type":"product","link":"https:\/\/roveyayinevi.com.tr\/index.php\/urun\/gunesli-sonbahar\/","title":{"rendered":"G\u00fcne\u015fli Sonbahar"},"content":{"rendered":"<p>G\u00fcz ve G\u00fcne\u015f, G\u00fcne\u015fli Sonbahar\u2019da Do\u011fay\u0131 dinliyor, De\u011fi\u015fimi g\u00f6r\u00fcyor, Ya\u015f\u0131yor. \u00c7\u0131t\u0131r \u00e7\u0131t\u0131r&#8230; Vuuuuuu&#8230; Zzzzzz.. Haydi, sen de kat\u0131l onlara&#8230; \u015eark\u0131y\u0131 da s\u00f6yle!<\/p>\n","protected":false},"excerpt":{"rendered":"<p>G\u00fcz ve G\u00fcne\u015f, G\u00fcne\u015fli Sonbahar\u2019da Do\u011fay\u0131 dinliyor, De\u011fi\u015fimi g\u00f6r\u00fcyor, Ya\u015f\u0131yor. \u00c7\u0131t\u0131r \u00e7\u0131t\u0131r&#8230; Vuuuuuu&#8230; Zzzzzz.. Haydi, sen de kat\u0131l onlara&#8230; \u015eark\u0131y\u0131 da s\u00f6yle!<\/p>\n","protected":false},"featured_media":0,"template":"","meta":{"_monsterinsights_skip_tracking":false,"_monsterinsights_sitenote_active":false,"_monsterinsights_sitenote_note":"","_monsterinsights_sitenote_category":0},"product_brand":[],"product_cat":[12274,12523],"product_tag":[],"class_list":{"0":"post-747774","1":"product","2":"type-product","3":"status-publish","5":"product_cat-cocuk-ve-genclik-kitaplari","6":"product_cat-masallar","7":"pa_cilt-ciltsiz","8":"pa_tur-kitap","9":"pa_yayinevi-parmak-cocuk-yayinlari","10":"pa_yazar-hale-gokalpsezer","12":"first","13":"instock","14":"sale","15":"shipping-taxable","16":"purchasable","17":"product-type-simple"},"_links":{"self":[{"href":"https:\/\/roveyayinevi.com.tr\/index.php\/wp-json\/wp\/v2\/product\/747774","targetHints":{"allow":["GET"]}}],"collection":[{"href":"https:\/\/roveyayinevi.com.tr\/index.php\/wp-json\/wp\/v2\/product"}],"about":[{"href":"https:\/\/roveyayinevi.com.tr\/index.php\/wp-json\/wp\/v2\/types\/product"}],"wp:attachment":[{"href":"https:\/\/roveyayinevi.com.tr\/index.php\/wp-json\/wp\/v2\/media?parent=747774"}],"wp:term":[{"taxonomy":"product_brand","embeddable":true,"href":"https:\/\/roveyayinevi.com.tr\/index.php\/wp-json\/wp\/v2\/product_brand?post=747774"},{"taxonomy":"product_cat","embeddable":true,"href":"https:\/\/roveyayinevi.com.tr\/index.php\/wp-json\/wp\/v2\/product_cat?post=747774"},{"taxonomy":"product_tag","embeddable":true,"href":"https:\/\/roveyayinevi.com.tr\/index.php\/wp-json\/wp\/v2\/product_tag?post=747774"}],"curies":[{"name":"wp","href":"https:\/\/api.w.org\/{rel}","templated":true}]}}