{"id":747771,"date":"2025-08-28T03:14:49","date_gmt":"2025-08-28T00:14:49","guid":{"rendered":"https:\/\/roveyayinevi.com.tr\/index.php\/urun\/gulmece-tozu-soguk-esprileri\/"},"modified":"2026-04-16T03:00:33","modified_gmt":"2026-04-16T00:00:33","slug":"gulmece-tozu-soguk-esprileri","status":"publish","type":"product","link":"https:\/\/roveyayinevi.com.tr\/index.php\/urun\/gulmece-tozu-soguk-esprileri\/","title":{"rendered":"G\u00fclmece Tozu &#8211; So\u011fuk Esprileri"},"content":{"rendered":"<p>Mizah yani g\u00fclmece bir toplumu geli\u015ftiren en \u00f6nemli ara\u00e7t\u0131r. Espri de mizah\u0131n ara\u00e7lar\u0131ndan biridir. Esprinin s\u00f6zl\u00fck anlam\u0131, ince anlaml\u0131, g\u00fcld\u00fcr\u00fcrken d\u00fc\u015f\u00fcnd\u00fcren s\u00f6zd\u00fcr. Toplumda so\u011fuk espri olarak ge\u00e7en t\u00fcr\u00fcn amac\u0131 genelde e\u011flenmek ve e\u011flendirmektir. Bu espriler yarat\u0131l\u0131rken dilin \u00e7ok anlaml\u0131l\u0131k \u00f6zelli\u011fi ya da cinas yani bir s\u00f6zc\u00fc\u011f\u00fcn i\u00e7inde ba\u015fka bir s\u00f6zc\u00fc\u011f\u00fcn ge\u00e7mesi sanat\u0131 kullan\u0131ld\u0131\u011f\u0131ndan asl\u0131nda dili iyi kullananlar\u0131n \u00fcretebildi\u011fi esprilerdir. Dikkat, i\u015fitsel ve g\u00f6rsel zek\u00e2y\u0131 geli\u015ftirmesi yan\u0131nda e\u011flendirerek olumlu bir bak\u0131\u015f a\u00e7\u0131s\u0131n\u0131 da ortaya \u00e7\u0131kar\u0131rlar. Mizahs\u0131z, esprisiz kalmayal\u0131m. So\u011fuk esprilerimiz ortam\u0131 so\u011futmas\u0131n, \u0131s\u0131ts\u0131n. Haydi g\u00fclelim, g\u00fcld\u00fcrelim o zaman\u2026HER G\u00dcN, HER \u00d6\u011e\u00dcN B\u0130R KA\u015eIK G\u00dcLMECE TOZU SA\u011eLI\u011eA \u0130Y\u0130 GEL\u0130R!<\/p>\n","protected":false},"excerpt":{"rendered":"<p>Mizah yani g\u00fclmece bir toplumu geli\u015ftiren en \u00f6nemli ara\u00e7t\u0131r. Espri de mizah\u0131n ara\u00e7lar\u0131ndan biridir. Esprinin s\u00f6zl\u00fck anlam\u0131, ince anlaml\u0131, g\u00fcld\u00fcr\u00fcrken d\u00fc\u015f\u00fcnd\u00fcren s\u00f6zd\u00fcr. Toplumda so\u011fuk espri olarak<span class=\"excerpt-hellip\"> [\u2026]<\/span><\/p>\n","protected":false},"featured_media":0,"template":"","meta":{"_monsterinsights_skip_tracking":false,"_monsterinsights_sitenote_active":false,"_monsterinsights_sitenote_note":"","_monsterinsights_sitenote_category":0},"product_brand":[],"product_cat":[12291,14825],"product_tag":[],"class_list":{"0":"post-747771","1":"product","2":"type-product","3":"status-publish","5":"product_cat-edebiyat","6":"product_cat-mizah","7":"pa_cilt-ciltsiz","8":"pa_tur-kitap","9":"pa_yayinevi-mizah-postasi-yayinlari","10":"pa_yazar-kolektif","12":"first","13":"instock","14":"sale","15":"shipping-taxable","16":"purchasable","17":"product-type-simple"},"_links":{"self":[{"href":"https:\/\/roveyayinevi.com.tr\/index.php\/wp-json\/wp\/v2\/product\/747771","targetHints":{"allow":["GET"]}}],"collection":[{"href":"https:\/\/roveyayinevi.com.tr\/index.php\/wp-json\/wp\/v2\/product"}],"about":[{"href":"https:\/\/roveyayinevi.com.tr\/index.php\/wp-json\/wp\/v2\/types\/product"}],"wp:attachment":[{"href":"https:\/\/roveyayinevi.com.tr\/index.php\/wp-json\/wp\/v2\/media?parent=747771"}],"wp:term":[{"taxonomy":"product_brand","embeddable":true,"href":"https:\/\/roveyayinevi.com.tr\/index.php\/wp-json\/wp\/v2\/product_brand?post=747771"},{"taxonomy":"product_cat","embeddable":true,"href":"https:\/\/roveyayinevi.com.tr\/index.php\/wp-json\/wp\/v2\/product_cat?post=747771"},{"taxonomy":"product_tag","embeddable":true,"href":"https:\/\/roveyayinevi.com.tr\/index.php\/wp-json\/wp\/v2\/product_tag?post=747771"}],"curies":[{"name":"wp","href":"https:\/\/api.w.org\/{rel}","templated":true}]}}