{"id":747770,"date":"2025-08-28T03:14:48","date_gmt":"2025-08-28T00:14:48","guid":{"rendered":"https:\/\/roveyayinevi.com.tr\/index.php\/urun\/gulmece-tozu-ogrenci-fikralari\/"},"modified":"2026-04-16T03:00:33","modified_gmt":"2026-04-16T00:00:33","slug":"gulmece-tozu-ogrenci-fikralari","status":"publish","type":"product","link":"https:\/\/roveyayinevi.com.tr\/index.php\/urun\/gulmece-tozu-ogrenci-fikralari\/","title":{"rendered":"G\u00fclmece Tozu &#8211; \u00d6\u011frenci F\u0131kralar\u0131"},"content":{"rendered":"<p>Mizah yani g\u00fclmece bir toplumu geli\u015ftiren en \u00f6nemli ara\u00e7t\u0131r. Ayr\u0131ca yap\u0131lan bilimsel ara\u015ft\u0131rmalar mizah\u0131n stresi azaltt\u0131\u011f\u0131n\u0131, fiziksel iyile\u015fmeyi h\u0131zland\u0131rd\u0131\u011f\u0131n\u0131, ruh sa\u011fl\u0131\u011f\u0131 a\u00e7\u0131s\u0131ndan gerekli oldu\u011funu ve insan ya\u015fam\u0131 ve iyi bir toplum i\u00e7im \u00f6nemli bir unsur oldu\u011funu ortaya koydu. \u0130nsan ya\u015fam\u0131n\u0131n \u00f6nemli bir b\u00f6l\u00fcm\u00fc de okulda, e\u011fitim-\u00f6\u011fretim s\u00fcrecinde ge\u00e7iyor. Bu ya\u015fam s\u00fcrecine de g\u00fclerek, g\u00fclmece ile bakmak ku\u015fkusuz ele\u015ftirel bak\u0131\u015f a\u00e7\u0131s\u0131 geli\u015fmi\u015f, olumlu insanlar yeti\u015fmesini sa\u011flar. Haydi g\u00fclelim, g\u00fcld\u00fcrelim o zaman\u2026 HER G\u00dcN, HER \u00d6\u011e\u00dcN B\u0130R KA\u015eIK G\u00dcLMECE TOZU SA\u011eLI\u011eA \u0130Y\u0130 GEL\u0130R!<\/p>\n","protected":false},"excerpt":{"rendered":"<p>Mizah yani g\u00fclmece bir toplumu geli\u015ftiren en \u00f6nemli ara\u00e7t\u0131r. Ayr\u0131ca yap\u0131lan bilimsel ara\u015ft\u0131rmalar mizah\u0131n stresi azaltt\u0131\u011f\u0131n\u0131, fiziksel iyile\u015fmeyi h\u0131zland\u0131rd\u0131\u011f\u0131n\u0131, ruh sa\u011fl\u0131\u011f\u0131 a\u00e7\u0131s\u0131ndan gerekli oldu\u011funu ve insan<span class=\"excerpt-hellip\"> [\u2026]<\/span><\/p>\n","protected":false},"featured_media":0,"template":"","meta":{"_monsterinsights_skip_tracking":false,"_monsterinsights_sitenote_active":false,"_monsterinsights_sitenote_note":"","_monsterinsights_sitenote_category":0},"product_brand":[],"product_cat":[12291,14825],"product_tag":[],"class_list":{"0":"post-747770","1":"product","2":"type-product","3":"status-publish","5":"product_cat-edebiyat","6":"product_cat-mizah","7":"pa_cilt-ciltsiz","8":"pa_tur-kitap","9":"pa_yayinevi-mizah-postasi-yayinlari","10":"pa_yazar-kolektif","12":"first","13":"instock","14":"sale","15":"shipping-taxable","16":"purchasable","17":"product-type-simple"},"_links":{"self":[{"href":"https:\/\/roveyayinevi.com.tr\/index.php\/wp-json\/wp\/v2\/product\/747770","targetHints":{"allow":["GET"]}}],"collection":[{"href":"https:\/\/roveyayinevi.com.tr\/index.php\/wp-json\/wp\/v2\/product"}],"about":[{"href":"https:\/\/roveyayinevi.com.tr\/index.php\/wp-json\/wp\/v2\/types\/product"}],"wp:attachment":[{"href":"https:\/\/roveyayinevi.com.tr\/index.php\/wp-json\/wp\/v2\/media?parent=747770"}],"wp:term":[{"taxonomy":"product_brand","embeddable":true,"href":"https:\/\/roveyayinevi.com.tr\/index.php\/wp-json\/wp\/v2\/product_brand?post=747770"},{"taxonomy":"product_cat","embeddable":true,"href":"https:\/\/roveyayinevi.com.tr\/index.php\/wp-json\/wp\/v2\/product_cat?post=747770"},{"taxonomy":"product_tag","embeddable":true,"href":"https:\/\/roveyayinevi.com.tr\/index.php\/wp-json\/wp\/v2\/product_tag?post=747770"}],"curies":[{"name":"wp","href":"https:\/\/api.w.org\/{rel}","templated":true}]}}