{"id":747769,"date":"2025-08-28T03:14:46","date_gmt":"2025-08-28T00:14:46","guid":{"rendered":"https:\/\/roveyayinevi.com.tr\/index.php\/urun\/gulmece-tozu-nasrettin-hoca-fikralari\/"},"modified":"2026-04-16T03:00:33","modified_gmt":"2026-04-16T00:00:33","slug":"gulmece-tozu-nasrettin-hoca-fikralari","status":"publish","type":"product","link":"https:\/\/roveyayinevi.com.tr\/index.php\/urun\/gulmece-tozu-nasrettin-hoca-fikralari\/","title":{"rendered":"G\u00fclmece Tozu &#8211; Nasrettin Hoca F\u0131kralar\u0131"},"content":{"rendered":"<p>Mizah yani g\u00fclmece bir toplumu geli\u015ftiren en \u00f6nemli ara\u00e7lardan biridir. Mizah k\u00fclt\u00fcr\u00fc geli\u015fmi\u015f bir toplum, \u00f6zg\u00fcr ve medeniyet seviyesi y\u00fcksek bir toplumdur. Mizah, ele\u015ftirel d\u00fc\u015f\u00fcnce ile olu\u015fur. Mizahs\u0131z ele\u015ftirel d\u00fc\u015f\u00fcnce, ele\u015ftirel d\u00fc\u015f\u00fcncesiz mizah var olamaz. Bizim k\u00fclt\u00fcr\u00fcm\u00fcz\u00fcn en g\u00fc\u00e7l\u00fc mizah tiplerinin ba\u015f\u0131nda Nasrettin Hoca gelir. Nasrettin Hoca f\u0131kralar\u0131 ile ya\u015fam\u0131n t\u00fcm yanlar\u0131 sorgulan\u0131r. Nasrettin Hoca mizah\u0131, ele\u015ftirel d\u00fc\u015f\u00fcnceyi ve pratik zek\u00e2y\u0131 temsil eder. Ak\u0131l g\u00f6nl\u00fc, g\u00f6n\u00fcl akl\u0131 besler onun f\u0131kralar\u0131nda. \u0130yi bir toplum olu\u015fturmada da katk\u0131s\u0131 b\u00fcy\u00fckt\u00fcr. Daha nice ku\u015faklar Nasrettin Hoca ile b\u00fcy\u00fcmeye, g\u00fclmeye devam edelim!.. Haydi g\u00fclelim, g\u00fcld\u00fcrelim o zaman\u2026 HER G\u00dcN, HER \u00d6\u011e\u00dcN B\u0130R KA\u015eIK G\u00dcLMECE TOZU SA\u011eLI\u011eA \u0130Y\u0130 GEL\u0130R!<\/p>\n","protected":false},"excerpt":{"rendered":"<p>Mizah yani g\u00fclmece bir toplumu geli\u015ftiren en \u00f6nemli ara\u00e7lardan biridir. Mizah k\u00fclt\u00fcr\u00fc geli\u015fmi\u015f bir toplum, \u00f6zg\u00fcr ve medeniyet seviyesi y\u00fcksek bir toplumdur. Mizah, ele\u015ftirel d\u00fc\u015f\u00fcnce ile<span class=\"excerpt-hellip\"> [\u2026]<\/span><\/p>\n","protected":false},"featured_media":0,"template":"","meta":{"_monsterinsights_skip_tracking":false,"_monsterinsights_sitenote_active":false,"_monsterinsights_sitenote_note":"","_monsterinsights_sitenote_category":0},"product_brand":[],"product_cat":[12291,14825],"product_tag":[],"class_list":{"0":"post-747769","1":"product","2":"type-product","3":"status-publish","5":"product_cat-edebiyat","6":"product_cat-mizah","7":"pa_cilt-ciltsiz","8":"pa_tur-kitap","9":"pa_yayinevi-mizah-postasi-yayinlari","10":"pa_yazar-kolektif","12":"first","13":"instock","14":"sale","15":"shipping-taxable","16":"purchasable","17":"product-type-simple"},"_links":{"self":[{"href":"https:\/\/roveyayinevi.com.tr\/index.php\/wp-json\/wp\/v2\/product\/747769","targetHints":{"allow":["GET"]}}],"collection":[{"href":"https:\/\/roveyayinevi.com.tr\/index.php\/wp-json\/wp\/v2\/product"}],"about":[{"href":"https:\/\/roveyayinevi.com.tr\/index.php\/wp-json\/wp\/v2\/types\/product"}],"wp:attachment":[{"href":"https:\/\/roveyayinevi.com.tr\/index.php\/wp-json\/wp\/v2\/media?parent=747769"}],"wp:term":[{"taxonomy":"product_brand","embeddable":true,"href":"https:\/\/roveyayinevi.com.tr\/index.php\/wp-json\/wp\/v2\/product_brand?post=747769"},{"taxonomy":"product_cat","embeddable":true,"href":"https:\/\/roveyayinevi.com.tr\/index.php\/wp-json\/wp\/v2\/product_cat?post=747769"},{"taxonomy":"product_tag","embeddable":true,"href":"https:\/\/roveyayinevi.com.tr\/index.php\/wp-json\/wp\/v2\/product_tag?post=747769"}],"curies":[{"name":"wp","href":"https:\/\/api.w.org\/{rel}","templated":true}]}}