{"id":747765,"date":"2025-08-28T03:14:41","date_gmt":"2025-08-28T00:14:41","guid":{"rendered":"https:\/\/roveyayinevi.com.tr\/index.php\/urun\/vay-basima-gelenler\/"},"modified":"2026-04-16T03:00:32","modified_gmt":"2026-04-16T00:00:32","slug":"vay-basima-gelenler","status":"publish","type":"product","link":"https:\/\/roveyayinevi.com.tr\/index.php\/urun\/vay-basima-gelenler\/","title":{"rendered":"Vay Ba\u015f\u0131ma Gelenler"},"content":{"rendered":"<p>Hem e\u011flenceli hem de maceralar\u0131n i\u00e7inde fark\u0131ndal\u0131klarla dolu keyifli bir Hiper Cemil hik\u00e2yesi bu! *Heyecan i\u00e7inde s\u00fcr\u00fckleyici bir \u00e7ocuk roman\u0131 olan Vay Ba\u015f\u0131ma Gelenler kitab\u0131, \u201cHiper Cemil Serisi\u201dnin ba\u011f\u0131ms\u0131z kitab\u0131d\u0131r.  Ben bu d\u00fcnyaya macera ya\u015famak i\u00e7in gelmi\u015fim, arkada\u015f! Ya\u015fad\u0131\u011f\u0131m her g\u00fcn her an ayr\u0131 bir macera! Emniyet kemeri olmayan bir varili ehliyetim olmadan s\u00fcr\u00fcp kaza yapt\u0131m.  Hayalet oldu\u011funu sand\u0131\u011f\u0131m bir evde kald\u0131m, kuyumcuyu soyan h\u0131rs\u0131zlar\u0131 yakalatt\u0131m ve tabii ki yine annem, babam ve \u00f6\u011fretmenimden ceza ald\u0131m.  Bunlar\u0131n yan\u0131nda Cing\u00f6z \u015einasi, K\u00fclyutmaz Cabbar, Oyunbozan Ercan, Uyurgezer Ali ve en sevdi\u011fim iki arkada\u015f\u0131m Do\u011fa ve Batu ile onca ya\u015fad\u0131klar\u0131m\u0131z\u0131 s\u00f6ylemedim bile.  Bu arada varili s\u00fcrerken iki Ferrari\u2019yi, bir kamyonu, bir de otob\u00fcs\u00fc sollad\u0131\u011f\u0131m da do\u011frudur. En iyisi vakit kaybetmeden bu macera dolu kitab\u0131 al\u0131n ve ba\u015flay\u0131n sayfalar\u0131 \u00e7evirmeye.img src=&#8221;https:\/\/s3-eu-west-1.amazonaws.com\/dia\/kitadagitim\/ckeditor_assets\/pictures\/53\/content_1_original_original.jpg&#8221; alt=&#8221;Tan\u0131t\u0131m Metni&#8221; height=&#8221;15&#8243; width=&#8221;15&#8243; &gt;<span>Tan\u0131t\u0131m Metni<\/span><\/img><\/p>\n","protected":false},"excerpt":{"rendered":"<p>Hem e\u011flenceli hem de maceralar\u0131n i\u00e7inde fark\u0131ndal\u0131klarla dolu keyifli bir Hiper Cemil hik\u00e2yesi bu! *Heyecan i\u00e7inde s\u00fcr\u00fckleyici bir \u00e7ocuk roman\u0131 olan Vay Ba\u015f\u0131ma Gelenler kitab\u0131, \u201cHiper<span class=\"excerpt-hellip\"> [\u2026]<\/span><\/p>\n","protected":false},"featured_media":0,"template":"","meta":{"_monsterinsights_skip_tracking":false,"_monsterinsights_sitenote_active":false,"_monsterinsights_sitenote_note":"","_monsterinsights_sitenote_category":0},"product_brand":[],"product_cat":[12689,12274],"product_tag":[],"class_list":{"0":"post-747765","1":"product","2":"type-product","3":"status-publish","5":"product_cat-cizgi-roman-cocuk-ve-genclik-kitaplari","6":"product_cat-cocuk-ve-genclik-kitaplari","7":"pa_cilt-ciltsiz","8":"pa_tur-kitap","9":"pa_yayinevi-genc-hayat","10":"pa_yazar-mustafa-kemal-celik","12":"first","13":"instock","14":"sale","15":"shipping-taxable","16":"purchasable","17":"product-type-simple"},"_links":{"self":[{"href":"https:\/\/roveyayinevi.com.tr\/index.php\/wp-json\/wp\/v2\/product\/747765","targetHints":{"allow":["GET"]}}],"collection":[{"href":"https:\/\/roveyayinevi.com.tr\/index.php\/wp-json\/wp\/v2\/product"}],"about":[{"href":"https:\/\/roveyayinevi.com.tr\/index.php\/wp-json\/wp\/v2\/types\/product"}],"wp:attachment":[{"href":"https:\/\/roveyayinevi.com.tr\/index.php\/wp-json\/wp\/v2\/media?parent=747765"}],"wp:term":[{"taxonomy":"product_brand","embeddable":true,"href":"https:\/\/roveyayinevi.com.tr\/index.php\/wp-json\/wp\/v2\/product_brand?post=747765"},{"taxonomy":"product_cat","embeddable":true,"href":"https:\/\/roveyayinevi.com.tr\/index.php\/wp-json\/wp\/v2\/product_cat?post=747765"},{"taxonomy":"product_tag","embeddable":true,"href":"https:\/\/roveyayinevi.com.tr\/index.php\/wp-json\/wp\/v2\/product_tag?post=747765"}],"curies":[{"name":"wp","href":"https:\/\/api.w.org\/{rel}","templated":true}]}}