{"id":747763,"date":"2025-08-28T03:14:39","date_gmt":"2025-08-28T00:14:39","guid":{"rendered":"https:\/\/roveyayinevi.com.tr\/index.php\/urun\/kalbim-sana-emanet-2\/"},"modified":"2026-04-16T03:00:32","modified_gmt":"2026-04-16T00:00:32","slug":"kalbim-sana-emanet-2","status":"publish","type":"product","link":"https:\/\/roveyayinevi.com.tr\/index.php\/urun\/kalbim-sana-emanet-2\/","title":{"rendered":"Kalbim Sana Emanet"},"content":{"rendered":"<p>\u201cA\u015fk-\u0131 Hakikinin S\u0131rr\u0131, A\u015fk-\u0131 Mecazide Gizlidir.\u201d   Erkek ve kad\u0131n, birbirinin rakibi de\u011fil, tamamlay\u0131c\u0131s\u0131d\u0131r. Evlilikte e\u015flerin iki \u00f6nemli rol\u00fc vard\u0131r; erke\u011fin g\u00f6revi koruyuculuk, kad\u0131n\u0131n g\u00f6revi ise ku\u015fat\u0131c\u0131l\u0131k. Erke\u011fin koruyuculu\u011fu i\u00e7ten ve d\u0131\u015ftan gelen tehlikelere kar\u015f\u0131 yuvay\u0131 g\u00fcvende tutmak, kad\u0131n\u0131n ku\u015fat\u0131c\u0131l\u0131\u011f\u0131 ise hane halk\u0131n\u0131 \u015fefkatle, sevgi ve merhametle bir arada tutup sar\u0131p sarmalamakt\u0131r. Bir ailenin ger\u00e7ek saadeti kar\u0131-koca aras\u0131ndaki g\u00fcven, samimi h\u00fcrmet ve muhabbetle devam eder. Erkek say\u0131lmay\u0131 arzu eder, kad\u0131n ise hava gibi su gibi sevgi ve ilgi ister. Bu iki unsur her ikisi i\u00e7in de manevi bir besindir. A\u015fka Adanm\u0131\u015f Bir \u00d6m\u00fcr Hz. Hatice kitab\u0131 ile y\u00fczbinlerin iltifat\u0131na mazhar olmu\u015f usta kalem Nurdan Damla Hz. Fat\u0131ma, Hz. Zeynep, Hz. Meryem romanlar\u0131nda da aile ve evlilik konusunu en g\u00fczel ve yal\u0131n h\u00e2liyle i\u015flemi\u015ftir. Bu kitap; bug\u00fcn\u00fcn evliliklerinde en b\u00fcy\u00fck problem olan e\u015fler aras\u0131 rol \u00e7at\u0131\u015fmalar\u0131nda, kad\u0131n ile erke\u011fin yarat\u0131l\u0131\u015ftan gelen farkl\u0131l\u0131klar\u0131 nedeniyle birbirinin tamamlay\u0131c\u0131s\u0131 oldu\u011funu anlat\u0131yor.img src=&#8221;https:\/\/s3-eu-west-1.amazonaws.com\/dia\/kitadagitim\/ckeditor_assets\/pictures\/53\/content_1_original_original.jpg&#8221; alt=&#8221;Tan\u0131t\u0131m Metni&#8221; height=&#8221;15&#8243; width=&#8221;15&#8243; &gt;<span>Tan\u0131t\u0131m Metni<\/span><\/img><\/p>\n","protected":false},"excerpt":{"rendered":"<p>\u201cA\u015fk-\u0131 Hakikinin S\u0131rr\u0131, A\u015fk-\u0131 Mecazide Gizlidir.\u201d Erkek ve kad\u0131n, birbirinin rakibi de\u011fil, tamamlay\u0131c\u0131s\u0131d\u0131r. Evlilikte e\u015flerin iki \u00f6nemli rol\u00fc vard\u0131r; erke\u011fin g\u00f6revi koruyuculuk, kad\u0131n\u0131n g\u00f6revi ise ku\u015fat\u0131c\u0131l\u0131k.<span class=\"excerpt-hellip\"> [\u2026]<\/span><\/p>\n","protected":false},"featured_media":0,"template":"","meta":{"_monsterinsights_skip_tracking":false,"_monsterinsights_sitenote_active":false,"_monsterinsights_sitenote_note":"","_monsterinsights_sitenote_category":0},"product_brand":[],"product_cat":[26396,13488],"product_tag":[],"class_list":{"0":"post-747763","1":"product","2":"type-product","3":"status-publish","5":"product_cat-kadin-erkek-iliskileri","6":"product_cat-toplum-ve-insan","7":"pa_cilt-ciltsiz","8":"pa_tur-kitap","9":"pa_yayinevi-hayat-yayinlari","10":"pa_yazar-nurdan-damla","12":"first","13":"instock","14":"sale","15":"shipping-taxable","16":"purchasable","17":"product-type-simple"},"_links":{"self":[{"href":"https:\/\/roveyayinevi.com.tr\/index.php\/wp-json\/wp\/v2\/product\/747763","targetHints":{"allow":["GET"]}}],"collection":[{"href":"https:\/\/roveyayinevi.com.tr\/index.php\/wp-json\/wp\/v2\/product"}],"about":[{"href":"https:\/\/roveyayinevi.com.tr\/index.php\/wp-json\/wp\/v2\/types\/product"}],"wp:attachment":[{"href":"https:\/\/roveyayinevi.com.tr\/index.php\/wp-json\/wp\/v2\/media?parent=747763"}],"wp:term":[{"taxonomy":"product_brand","embeddable":true,"href":"https:\/\/roveyayinevi.com.tr\/index.php\/wp-json\/wp\/v2\/product_brand?post=747763"},{"taxonomy":"product_cat","embeddable":true,"href":"https:\/\/roveyayinevi.com.tr\/index.php\/wp-json\/wp\/v2\/product_cat?post=747763"},{"taxonomy":"product_tag","embeddable":true,"href":"https:\/\/roveyayinevi.com.tr\/index.php\/wp-json\/wp\/v2\/product_tag?post=747763"}],"curies":[{"name":"wp","href":"https:\/\/api.w.org\/{rel}","templated":true}]}}