{"id":747762,"date":"2025-08-28T03:14:38","date_gmt":"2025-08-28T00:14:38","guid":{"rendered":"https:\/\/roveyayinevi.com.tr\/index.php\/urun\/mogol-anadolusunda-islam-edebiyat-ve-toplum\/"},"modified":"2026-04-16T03:00:32","modified_gmt":"2026-04-16T00:00:32","slug":"mogol-anadolusunda-islam-edebiyat-ve-toplum","status":"publish","type":"product","link":"https:\/\/roveyayinevi.com.tr\/index.php\/urun\/mogol-anadolusunda-islam-edebiyat-ve-toplum\/","title":{"rendered":"Mo\u011fol Anadolu\u2019sunda \u0130slam, Edebiyat ve Toplum"},"content":{"rendered":"<p>A. C. S. Peacock, Mo\u011fol Anadolu\u2019sunda \u0130slam, Edebiyat ve Toplum\u2019da, yaklas\u0327\u0131k 1240 ile 1380 y\u0131llar\u0131 aras\u0131nda Mo\u011fol egemenli\u011fi alt\u0131ndaki Anadolu\u2019yu ele al\u0131yor. \u00c7o\u011fu daha \u00f6nce yay\u0131mlanmam\u0131\u015f Arap\u00e7a, Fars\u00e7a ve T\u00fcrk\u00e7e kaynaklar\u0131 bir araya getirerek Osmanl\u0131 imparatorlu\u011fu\u2019nun ve nihayetinde modern T\u00fcrkiye\u2019nin do\u011fu\u015funun temellerini olus\u0327turacak Orta\u00e7a\u011f Anadolu\u2019sunu inceliyor.   Bu \u00f6nemli ama g\u00f6z ard\u0131 edilmi\u015f tarih, tasavvufun yay\u0131lmas\u0131nda ve \u0130slam\u2019\u0131 yaymak i\u00e7in yeni edebi bi\u00e7imlerin gelis\u0327mesinde belirleyici bir a\u015famay\u0131 olu\u015fturuyordu. Yazar, Anadolu\u2019yu daha geni\u015f I\u0307slam d\u00fcnyas\u0131 i\u00e7inde ele alarak Ortadog\u0306u tarihinin bir d\u00f6n\u00fcm noktas\u0131na \u0131\u015f\u0131k tutuyor.   A. C. S. Peacock, St. Andrews \u00dcniversitesi Tarih B\u00f6l\u00fcm\u00fc\u2019nde \u00f6\u011fretim \u00fcyesidir. <\/p>\n","protected":false},"excerpt":{"rendered":"<p>A. C. S. Peacock, Mo\u011fol Anadolu\u2019sunda \u0130slam, Edebiyat ve Toplum\u2019da, yaklas\u0327\u0131k 1240 ile 1380 y\u0131llar\u0131 aras\u0131nda Mo\u011fol egemenli\u011fi alt\u0131ndaki Anadolu\u2019yu ele al\u0131yor. \u00c7o\u011fu daha \u00f6nce yay\u0131mlanmam\u0131\u015f<span class=\"excerpt-hellip\"> [\u2026]<\/span><\/p>\n","protected":false},"featured_media":0,"template":"","meta":{"_monsterinsights_skip_tracking":false,"_monsterinsights_sitenote_active":false,"_monsterinsights_sitenote_note":"","_monsterinsights_sitenote_category":0},"product_brand":[],"product_cat":[12312,12304],"product_tag":[],"class_list":{"0":"post-747762","1":"product","2":"type-product","3":"status-publish","5":"product_cat-diger","6":"product_cat-tarih","7":"pa_cilt-ciltsiz","8":"pa_tur-kitap","9":"pa_yayinevi-koc-universitesi-yayinlari","10":"pa_yazar-a-c-s-peacock","12":"first","13":"instock","14":"sale","15":"shipping-taxable","16":"purchasable","17":"product-type-simple"},"_links":{"self":[{"href":"https:\/\/roveyayinevi.com.tr\/index.php\/wp-json\/wp\/v2\/product\/747762","targetHints":{"allow":["GET"]}}],"collection":[{"href":"https:\/\/roveyayinevi.com.tr\/index.php\/wp-json\/wp\/v2\/product"}],"about":[{"href":"https:\/\/roveyayinevi.com.tr\/index.php\/wp-json\/wp\/v2\/types\/product"}],"wp:attachment":[{"href":"https:\/\/roveyayinevi.com.tr\/index.php\/wp-json\/wp\/v2\/media?parent=747762"}],"wp:term":[{"taxonomy":"product_brand","embeddable":true,"href":"https:\/\/roveyayinevi.com.tr\/index.php\/wp-json\/wp\/v2\/product_brand?post=747762"},{"taxonomy":"product_cat","embeddable":true,"href":"https:\/\/roveyayinevi.com.tr\/index.php\/wp-json\/wp\/v2\/product_cat?post=747762"},{"taxonomy":"product_tag","embeddable":true,"href":"https:\/\/roveyayinevi.com.tr\/index.php\/wp-json\/wp\/v2\/product_tag?post=747762"}],"curies":[{"name":"wp","href":"https:\/\/api.w.org\/{rel}","templated":true}]}}