{"id":747761,"date":"2025-08-28T03:14:37","date_gmt":"2025-08-28T00:14:37","guid":{"rendered":"https:\/\/roveyayinevi.com.tr\/index.php\/urun\/klasik-antikitede-kadinlar\/"},"modified":"2026-04-16T03:00:32","modified_gmt":"2026-04-16T00:00:32","slug":"klasik-antikitede-kadinlar","status":"publish","type":"product","link":"https:\/\/roveyayinevi.com.tr\/index.php\/urun\/klasik-antikitede-kadinlar\/","title":{"rendered":"Klasik Antikitede Kad\u0131nlar"},"content":{"rendered":"<p>Prof. McClure, Antik Yunan ve Roma\u2019da kad\u0131nlar ve toplumsal cinsiyet \u00fczerine en son bulgular ve aras\u0327t\u0131rmalardan yararlanarak yazd\u0131g\u0306\u0131 bu eserinde, klasik antikitede kad\u0131nlar\u0131n toplumsal kimlig\u0306inin dog\u0306um, ergenlik, evlilik, \u00e7ocuk dog\u0306urma, yas\u0327l\u0131l\u0131k ve \u00f6l\u00fcm gibi yas\u0327am evreleri boyunca bi\u00e7imlenmesini incelemektedir.   Bek\u00e2ret, kad\u0131n bedenine dair t\u0131bbi g\u00f6r\u00fcs\u0327ler, dini roller ve eg\u0306itimle ilgili kayg\u0131lar da dahil olmak \u00fczere kad\u0131n ergenlig\u0306i, evlilik, annelik, cinsellik, zina ve fahis\u0327elik konular\u0131n\u0131 aras\u0327t\u0131ran Prof. McClure, kad\u0131nlar\u0131n otoriteyi nas\u0131l kulland\u0131klar\u0131n\u0131 ve toplumsal yas\u0327ama kat\u0131l\u0131m imk\u00e2nlar\u0131n\u0131 da incelemektedir.   Klasik d\u00fcnyada kad\u0131nlar ve toplumsal cinsiyet konusunda aras\u0327t\u0131rma yapacaklar i\u00e7in kaynak kitap nitelig\u0306indeki bu eser, ayn\u0131 zamanda ileri okuma \u00f6nerileri ve b\u00f6l\u00fcm sonlar\u0131nda yer alan sorular\u0131yla bir ders kitab\u0131d\u0131r.   Laura K. McClure, Wisconsin-Madison \u00dcniversitesi, Antik\u00e7ag\u0306 ve Eski\u00e7ag\u0306 Yak\u0131ndog\u0306u \u00c7al\u0131s\u0327malar\u0131 B\u00f6l\u00fcm\u00fc\u2019nde Yunan ve Latin Edebiyat\u0131 profes\u00f6r\u00fc<\/p>\n","protected":false},"excerpt":{"rendered":"<p>Prof. McClure, Antik Yunan ve Roma\u2019da kad\u0131nlar ve toplumsal cinsiyet \u00fczerine en son bulgular ve aras\u0327t\u0131rmalardan yararlanarak yazd\u0131g\u0306\u0131 bu eserinde, klasik antikitede kad\u0131nlar\u0131n toplumsal kimlig\u0306inin dog\u0306um,<span class=\"excerpt-hellip\"> [\u2026]<\/span><\/p>\n","protected":false},"featured_media":0,"template":"","meta":{"_monsterinsights_skip_tracking":false,"_monsterinsights_sitenote_active":false,"_monsterinsights_sitenote_note":"","_monsterinsights_sitenote_category":0},"product_brand":[],"product_cat":[13252,12324],"product_tag":[],"class_list":{"0":"post-747761","1":"product","2":"type-product","3":"status-publish","5":"product_cat-kadin-calismalari","6":"product_cat-sosyoloji","7":"pa_cilt-ciltsiz","8":"pa_tur-kitap","9":"pa_yayinevi-koc-universitesi-yayinlari","10":"pa_yazar-laura-k-mcclure","12":"first","13":"instock","14":"sale","15":"shipping-taxable","16":"purchasable","17":"product-type-simple"},"_links":{"self":[{"href":"https:\/\/roveyayinevi.com.tr\/index.php\/wp-json\/wp\/v2\/product\/747761","targetHints":{"allow":["GET"]}}],"collection":[{"href":"https:\/\/roveyayinevi.com.tr\/index.php\/wp-json\/wp\/v2\/product"}],"about":[{"href":"https:\/\/roveyayinevi.com.tr\/index.php\/wp-json\/wp\/v2\/types\/product"}],"wp:attachment":[{"href":"https:\/\/roveyayinevi.com.tr\/index.php\/wp-json\/wp\/v2\/media?parent=747761"}],"wp:term":[{"taxonomy":"product_brand","embeddable":true,"href":"https:\/\/roveyayinevi.com.tr\/index.php\/wp-json\/wp\/v2\/product_brand?post=747761"},{"taxonomy":"product_cat","embeddable":true,"href":"https:\/\/roveyayinevi.com.tr\/index.php\/wp-json\/wp\/v2\/product_cat?post=747761"},{"taxonomy":"product_tag","embeddable":true,"href":"https:\/\/roveyayinevi.com.tr\/index.php\/wp-json\/wp\/v2\/product_tag?post=747761"}],"curies":[{"name":"wp","href":"https:\/\/api.w.org\/{rel}","templated":true}]}}