{"id":747760,"date":"2025-08-28T03:14:35","date_gmt":"2025-08-28T00:14:35","guid":{"rendered":"https:\/\/roveyayinevi.com.tr\/index.php\/urun\/bay-ay-icin-muzik\/"},"modified":"2026-04-16T03:00:32","modified_gmt":"2026-04-16T00:00:32","slug":"bay-ay-icin-muzik","status":"publish","type":"product","link":"https:\/\/roveyayinevi.com.tr\/index.php\/urun\/bay-ay-icin-muzik\/","title":{"rendered":"Bay Ay \u0130\u00e7in M\u00fczik"},"content":{"rendered":"<p>Hale \u00e7ello \u00e7almay\u0131 seviyordu ama kalabal\u0131\u011f\u0131n kar\u015f\u0131s\u0131nda elleri terliyor, y\u00fcz\u00fcn\u00fc ate\u015f bas\u0131yordu. O da genellikle odas\u0131nda kendi ba\u015f\u0131nayken \u00e7ello \u00e7almay\u0131 tercih ediyordu. O ak\u015fam d\u0131\u015far\u0131dan gelen bayku\u015fun sesi onu \u00e7ok rahats\u0131z etmi\u015fti. Hale bayku\u015ftan gitmesini istedi ama bayku\u015f gitmeyince onu ka\u00e7\u0131rmak i\u00e7in bir \u00e7ay fincan\u0131n\u0131 pencereden d\u0131\u015far\u0131 f\u0131rlat\u0131verdi. Neyse ki \u00e7ay fincan\u0131 bayku\u015fa isabet etmedi ve harika arkada\u015fl\u0131klar\u0131n kurulaca\u011f\u0131 muhte\u015fem bir gece ba\u015flad\u0131. \u00c7ok sevilen yazar Philip C. Stead\u2019den okurlar\u0131 hayaller \u00e2lemine g\u00f6t\u00fcren e\u015fsiz bir kitap daha. <\/p>\n","protected":false},"excerpt":{"rendered":"<p>Hale \u00e7ello \u00e7almay\u0131 seviyordu ama kalabal\u0131\u011f\u0131n kar\u015f\u0131s\u0131nda elleri terliyor, y\u00fcz\u00fcn\u00fc ate\u015f bas\u0131yordu. O da genellikle odas\u0131nda kendi ba\u015f\u0131nayken \u00e7ello \u00e7almay\u0131 tercih ediyordu. O ak\u015fam d\u0131\u015far\u0131dan gelen<span class=\"excerpt-hellip\"> [\u2026]<\/span><\/p>\n","protected":false},"featured_media":0,"template":"","meta":{"_monsterinsights_skip_tracking":false,"_monsterinsights_sitenote_active":false,"_monsterinsights_sitenote_note":"","_monsterinsights_sitenote_category":0},"product_brand":[],"product_cat":[12274,12284],"product_tag":[],"class_list":{"0":"post-747760","1":"product","2":"type-product","3":"status-publish","5":"product_cat-cocuk-ve-genclik-kitaplari","6":"product_cat-hikayeler","7":"pa_cilt-ciltsiz","8":"pa_tur-kitap","9":"pa_yayinevi-yapi-kredi-yayinlari","10":"pa_yazar-philip-c-stead","12":"first","13":"instock","14":"sale","15":"shipping-taxable","16":"purchasable","17":"product-type-simple"},"_links":{"self":[{"href":"https:\/\/roveyayinevi.com.tr\/index.php\/wp-json\/wp\/v2\/product\/747760","targetHints":{"allow":["GET"]}}],"collection":[{"href":"https:\/\/roveyayinevi.com.tr\/index.php\/wp-json\/wp\/v2\/product"}],"about":[{"href":"https:\/\/roveyayinevi.com.tr\/index.php\/wp-json\/wp\/v2\/types\/product"}],"wp:attachment":[{"href":"https:\/\/roveyayinevi.com.tr\/index.php\/wp-json\/wp\/v2\/media?parent=747760"}],"wp:term":[{"taxonomy":"product_brand","embeddable":true,"href":"https:\/\/roveyayinevi.com.tr\/index.php\/wp-json\/wp\/v2\/product_brand?post=747760"},{"taxonomy":"product_cat","embeddable":true,"href":"https:\/\/roveyayinevi.com.tr\/index.php\/wp-json\/wp\/v2\/product_cat?post=747760"},{"taxonomy":"product_tag","embeddable":true,"href":"https:\/\/roveyayinevi.com.tr\/index.php\/wp-json\/wp\/v2\/product_tag?post=747760"}],"curies":[{"name":"wp","href":"https:\/\/api.w.org\/{rel}","templated":true}]}}