{"id":747758,"date":"2025-08-28T03:14:32","date_gmt":"2025-08-28T00:14:32","guid":{"rendered":"https:\/\/roveyayinevi.com.tr\/index.php\/urun\/bir-omur-boyle-gecti-sessiz-gemiyi-beklerken\/"},"modified":"2026-04-16T03:00:32","modified_gmt":"2026-04-16T00:00:32","slug":"bir-omur-boyle-gecti-sessiz-gemiyi-beklerken","status":"publish","type":"product","link":"https:\/\/roveyayinevi.com.tr\/index.php\/urun\/bir-omur-boyle-gecti-sessiz-gemiyi-beklerken\/","title":{"rendered":"Bir \u00d6m\u00fcr B\u00f6yle Ge\u00e7ti &#8211; Sessiz Gemiyi Beklerken"},"content":{"rendered":"<p>A\u011fao\u011flu, devrin \u00f6nemli isimlerinin konuk edildi\u011fi, siyasi ve fikri geli\u015fmelerin  tart\u0131\u015f\u0131ld\u0131\u011f\u0131 bir evde b\u00fcy\u00fcm\u00fc\u015f, hayat\u0131 boyunca ailesiyle s\u0131k\u0131 ba\u011flar\u0131n\u0131 hep korumu\u015ftur. Ya\u015fad\u0131klar\u0131n\u0131 kaleme ald\u0131\u011f\u0131 \u201cBir \u00d6m\u00fcr B\u00f6yle Ge\u00e7ti\u201d (1975) ve \u201cSessiz Gemiyi Beklerken\u201d (1982) adl\u0131 kitaplar\u0131n\u0131 bir arada sunan bu kitapta, aile i\u00e7i tan\u0131kl\u0131klar\u0131n\u0131 ve an\u0131lar\u0131n\u0131 anlat\u0131yor, T\u00fcrk sosyal ve siyasi hayat\u0131 a\u00e7\u0131s\u0131ndan \u00f6nemli ayr\u0131nt\u0131lar sunarken avukatl\u0131k mesle\u011fine dair deneyimlerini de aktar\u0131yor.   S\u00fcreyya A\u011fao\u011flu (1903-1989), T\u00fcrkiye\u2019nin ilk kad\u0131n avukat\u0131d\u0131r.   \u201cBen S\u00fcreyya A\u011fao\u011flu\u2019yum. Bezmi \u00c2lem Valide Sultanisi\u2019ni bu sene bitirdim. Hukuk tahsili yapmak istiyorum, beni Hukuk\u2019a kaydeder misiniz?\u201d s\u00f6zleriyle 1921 y\u0131l\u0131nda Dar\u00fclf\u00fcnun\u2019a ba\u015fvurur, k\u0131zlar\u0131n da hukuk fak\u00fcltesinde okuyabilmesinin yolunu a\u00e7ar. \u00c7\u0131kt\u0131\u011f\u0131 yolda ba\u015far\u0131yla ilerlemi\u015f, uluslararas\u0131 kurulu\u015flarda g\u00f6revler alarak, konferanslara kat\u0131larak \u00fclkesini temsil etmi\u015ftir. \u00d6zellikle kad\u0131n ve \u00e7ocuk haklar\u0131 konusunda b\u00fcy\u00fck katk\u0131lar sunmu\u015f, bu alanda sivil toplum kurulu\u015flar\u0131na \u00f6nc\u00fcl\u00fck ederek gelece\u011fe y\u00f6n vermi\u015ftir. <\/p>\n","protected":false},"excerpt":{"rendered":"<p>A\u011fao\u011flu, devrin \u00f6nemli isimlerinin konuk edildi\u011fi, siyasi ve fikri geli\u015fmelerin tart\u0131\u015f\u0131ld\u0131\u011f\u0131 bir evde b\u00fcy\u00fcm\u00fc\u015f, hayat\u0131 boyunca ailesiyle s\u0131k\u0131 ba\u011flar\u0131n\u0131 hep korumu\u015ftur. Ya\u015fad\u0131klar\u0131n\u0131 kaleme ald\u0131\u011f\u0131 \u201cBir \u00d6m\u00fcr<span class=\"excerpt-hellip\"> [\u2026]<\/span><\/p>\n","protected":false},"featured_media":0,"template":"","meta":{"_monsterinsights_skip_tracking":false,"_monsterinsights_sitenote_active":false,"_monsterinsights_sitenote_note":"","_monsterinsights_sitenote_category":0},"product_brand":[],"product_cat":[13701,12291],"product_tag":[],"class_list":{"0":"post-747758","1":"product","2":"type-product","3":"status-publish","5":"product_cat-ani-mektup-gunluk","6":"product_cat-edebiyat","7":"pa_cilt-ciltsiz","8":"pa_tur-kitap","9":"pa_yayinevi-yapi-kredi-yayinlari","10":"pa_yazar-sureyya-agaoglu","12":"first","13":"instock","14":"sale","15":"shipping-taxable","16":"purchasable","17":"product-type-simple"},"_links":{"self":[{"href":"https:\/\/roveyayinevi.com.tr\/index.php\/wp-json\/wp\/v2\/product\/747758","targetHints":{"allow":["GET"]}}],"collection":[{"href":"https:\/\/roveyayinevi.com.tr\/index.php\/wp-json\/wp\/v2\/product"}],"about":[{"href":"https:\/\/roveyayinevi.com.tr\/index.php\/wp-json\/wp\/v2\/types\/product"}],"wp:attachment":[{"href":"https:\/\/roveyayinevi.com.tr\/index.php\/wp-json\/wp\/v2\/media?parent=747758"}],"wp:term":[{"taxonomy":"product_brand","embeddable":true,"href":"https:\/\/roveyayinevi.com.tr\/index.php\/wp-json\/wp\/v2\/product_brand?post=747758"},{"taxonomy":"product_cat","embeddable":true,"href":"https:\/\/roveyayinevi.com.tr\/index.php\/wp-json\/wp\/v2\/product_cat?post=747758"},{"taxonomy":"product_tag","embeddable":true,"href":"https:\/\/roveyayinevi.com.tr\/index.php\/wp-json\/wp\/v2\/product_tag?post=747758"}],"curies":[{"name":"wp","href":"https:\/\/api.w.org\/{rel}","templated":true}]}}