{"id":747756,"date":"2025-08-28T03:14:30","date_gmt":"2025-08-28T00:14:30","guid":{"rendered":"https:\/\/roveyayinevi.com.tr\/index.php\/urun\/donusumun-astrolojik-kodlari-2023\/"},"modified":"2026-04-16T03:00:32","modified_gmt":"2026-04-16T00:00:32","slug":"donusumun-astrolojik-kodlari-2023","status":"publish","type":"product","link":"https:\/\/roveyayinevi.com.tr\/index.php\/urun\/donusumun-astrolojik-kodlari-2023\/","title":{"rendered":"D\u00f6n\u00fc\u015f\u00fcm\u00fcn Astrolojik Kodlar\u0131 2023"},"content":{"rendered":"<p>Bahsetmekte oldu\u011fum g\u00f6ky\u00fcz\u00fcndeki seyirlerle desteklenen  bu k\u00f6kl\u00fc de\u011fi\u015fimin ilk t\u00fcyolar\u0131n\u0131 veren 2023 y\u0131l\u0131n\u0131n mesajlar\u0131na yer vererek, enerjiyi do\u011fru y\u00f6nlendirmenin yollar\u0131n\u0131 sizlerle payla\u015fmak istedim. Astrolojik geli\u015fmelere kulak verdi\u011fimizde, do\u011fum haritas\u0131ndaki olumsuzluklar\u0131 iyiye ve g\u00fczele d\u00f6n\u00fc\u015ft\u00fcrme konusunda nas\u0131l iyi bir yol arkada\u015f\u0131 oldu\u011funu farkedeceksiniz. Gezegenlerin yolculuklar\u0131 ile ay i\u00e7erisindeki \u015fansl\u0131 g\u00fcnler hakk\u0131nda \u00f6nemli bilgilerle, bu g\u00fcnlerin veriminden faydalanman\u0131n ve daha iyi hissetmenin m\u00fcmk\u00fcn oldu\u011funu sizlere aktarmaya \u00e7al\u0131\u015farak, kitab\u0131mda eksikli\u011fini hissederek kavu\u015fmay\u0131 arzulad\u0131klar\u0131m\u0131z\u0131n hayatlar\u0131m\u0131za kar\u0131\u015fmas\u0131 i\u00e7in gerekli yol haritas\u0131 olan enerji \u00e7al\u0131\u015fmalar\u0131na yer verdim. Sizler i\u00e7in 2023 y\u0131l\u0131 i\u00e7erisinde ger\u00e7ekle\u015fecek g\u00fcne\u015f ve ay tutulmalar\u0131 d\u00f6nemlerinde uygulanacak rit\u00fcellere eri\u015filebilen bir ba\u015fucu kitab\u0131 olmas\u0131n\u0131 ama\u00e7laman\u0131n yan\u0131 s\u0131ra, her bir burcu 2023 y\u0131l\u0131nda bekleyen geli\u015fmeler ve bur\u00e7lar\u0131n yat\u0131r\u0131m ara\u00e7lar\u0131 da yer al\u0131yor. Hi\u00e7bir zaman unutmay\u0131n ki, d\u00f6n\u00fc\u015f\u00fcm asl\u0131nda i\u00e7inizdeki g\u00fc\u00e7te! Hadi \u015fimdi gelin.<\/p>\n","protected":false},"excerpt":{"rendered":"<p>Bahsetmekte oldu\u011fum g\u00f6ky\u00fcz\u00fcndeki seyirlerle desteklenen bu k\u00f6kl\u00fc de\u011fi\u015fimin ilk t\u00fcyolar\u0131n\u0131 veren 2023 y\u0131l\u0131n\u0131n mesajlar\u0131na yer vererek, enerjiyi do\u011fru y\u00f6nlendirmenin yollar\u0131n\u0131 sizlerle payla\u015fmak istedim. Astrolojik geli\u015fmelere kulak<span class=\"excerpt-hellip\"> [\u2026]<\/span><\/p>\n","protected":false},"featured_media":0,"template":"","meta":{"_monsterinsights_skip_tracking":false,"_monsterinsights_sitenote_active":false,"_monsterinsights_sitenote_note":"","_monsterinsights_sitenote_category":0},"product_brand":[],"product_cat":[19840,12364],"product_tag":[],"class_list":{"0":"post-747756","1":"product","2":"type-product","3":"status-publish","5":"product_cat-astroloji","6":"product_cat-genel-konular","7":"pa_cilt-ciltsiz","8":"pa_tur-kitap","9":"pa_yayinevi-herdem-kitap","10":"pa_yazar-sehmus-pala","12":"first","13":"instock","14":"sale","15":"shipping-taxable","16":"purchasable","17":"product-type-simple"},"_links":{"self":[{"href":"https:\/\/roveyayinevi.com.tr\/index.php\/wp-json\/wp\/v2\/product\/747756","targetHints":{"allow":["GET"]}}],"collection":[{"href":"https:\/\/roveyayinevi.com.tr\/index.php\/wp-json\/wp\/v2\/product"}],"about":[{"href":"https:\/\/roveyayinevi.com.tr\/index.php\/wp-json\/wp\/v2\/types\/product"}],"wp:attachment":[{"href":"https:\/\/roveyayinevi.com.tr\/index.php\/wp-json\/wp\/v2\/media?parent=747756"}],"wp:term":[{"taxonomy":"product_brand","embeddable":true,"href":"https:\/\/roveyayinevi.com.tr\/index.php\/wp-json\/wp\/v2\/product_brand?post=747756"},{"taxonomy":"product_cat","embeddable":true,"href":"https:\/\/roveyayinevi.com.tr\/index.php\/wp-json\/wp\/v2\/product_cat?post=747756"},{"taxonomy":"product_tag","embeddable":true,"href":"https:\/\/roveyayinevi.com.tr\/index.php\/wp-json\/wp\/v2\/product_tag?post=747756"}],"curies":[{"name":"wp","href":"https:\/\/api.w.org\/{rel}","templated":true}]}}