{"id":747755,"date":"2025-08-28T03:14:28","date_gmt":"2025-08-28T00:14:28","guid":{"rendered":"https:\/\/roveyayinevi.com.tr\/index.php\/urun\/sair-ayaklanmasi-devrimciler-icin-yazilan-siirler\/"},"modified":"2026-04-16T03:00:32","modified_gmt":"2026-04-16T00:00:32","slug":"sair-ayaklanmasi-devrimciler-icin-yazilan-siirler","status":"publish","type":"product","link":"https:\/\/roveyayinevi.com.tr\/index.php\/urun\/sair-ayaklanmasi-devrimciler-icin-yazilan-siirler\/","title":{"rendered":"\u015eair Ayaklanmas\u0131 &#8211; Devrimciler i\u00e7in Yaz\u0131lan \u015eiirler"},"content":{"rendered":"<p>\u201c Bu kitap \u015fiir se\u00e7kisi olarak kabul edilebilir. T\u00fcrkiye devrim tarihi yaz\u0131l\u0131rken \u015fairleri hak ettikleri mertebeye \u00e7\u0131karman\u0131n \u00e7abas\u0131 olarak de\u011ferlendirilebilir. Ayn\u0131 zamanda kitap \u00f6len, \u00f6ld\u00fcr\u00fclen arkada\u015flar\u0131m\u0131z\u0131 onlar i\u00e7in yaz\u0131lan \u015fiirler marifetiyle y\u00e2d etmemizi sa\u011flayabilir. \u015eiir gibi ya\u015fayanlar, onlar\u0131 \u015fiirle u\u011furlayanlar te\u015fekk\u00fcr\u00fc hak ediyor; kitap te\u015fekk\u00fcr yerine ge\u00e7ebilir. Nikaragua devrimi \u201c\u015fairler devrimi\u201d olarak da bilinir. T\u00fcrkiye devrimi de b\u00f6yledir bir bak\u0131ma. Orada \u201c\u015fairler\u201d ba\u015farm\u0131\u015f, burada devrim yenilgiye u\u011fram\u0131\u015f lakin \u00e7ok g\u00fc\u00e7l\u00fc \u015fiirler yaz\u0131lm\u0131\u015ft\u0131r. Fark\u0131nday\u0131z, g\u00fc\u00e7l\u00fc \u015fiirlere sebep b\u00fcy\u00fck yenilgilerdir.Bilinir ki \u015fairler, sadece yazmam\u0131\u015f, sadece \u015fiirleriyle var olmam\u0131\u015ft\u0131r. N\u00e2z\u0131m, Enver G\u00f6k\u00e7e, Hasan H\u00fcseyin, Can Y\u00fccel ve daha niceleri \u015fiirlerini hapiste, i\u015fkencede, s\u00fcrg\u00fcnde kaleme alm\u0131\u015ft\u0131r. Bu demektir ki \u015fairler T\u00fcrkiye devriminin bir par\u00e7as\u0131d\u0131r. T\u0131pk\u0131 Bulgar \u015fair Nikola Vaptsarov gibi.  Partizand\u0131r Vaptsarov. Antifa\u015fist m\u00fccadelenin en sert g\u00fcnlerinde \u201ctoplar g\u00fcrlerken m\u00fczik susmal\u0131d\u0131r, art\u0131k \u015fiir yazmayaca\u011f\u0131m\u201d der ve yeni bir \u015fiire ba\u015flar do\u011frularak: \u201c\u015eimdi \u015fiirin zaman\u0131 de\u011fil.\u201d Adnan Y\u00fccel \u201c\u00e7\u00fcnk\u00fc tarihin en g\u00fczel yerinde son s\u00f6z\u00fc hep direnenler s\u00f6yler derken; N\u00e2z\u0131m \u201cve bizden sonra gelenler demir parmakl\u0131klardan de\u011fil asma bah\u00e7elerinden seyredecek bahar sabahlar\u0131n\u0131, yaz ak\u015famlar\u0131n\u0131\u201d diye yazarken Vaptsarov gibi ya\u015fad\u0131klar\u0131n\u0131 ve hissettiklerini g\u00f6stermi\u015flerdir.Tarih yaz\u0131m\u0131 \u015fairlere b\u0131rak\u0131lsa kavranmas\u0131 kolayla\u015f\u0131rd\u0131 hi\u00e7 \u015f\u00fcphesiz. Ac\u0131lardan ve co\u015fkulardan yola \u00e7\u0131k\u0131larak insan, insan\u0131 \u015fekillendiren d\u00f6nem \u00e7\u00f6z\u00fcmlenebilirdi. Bu nedenle se\u00e7kiyi bir bak\u0131ma tarih yaz\u0131m\u0131 gibi de\u011ferlendiriyorum. Ya\u015fam \u00f6yk\u00fcleriyle \u015fiirlerin bulu\u015fmas\u0131 en az\u0131ndan tarihe bir pencere a\u00e7\u0131yor. Biliyorum bu \u00e7al\u0131\u015fma \u00f6zelinde pencereden g\u00f6r\u00fcnen, adanm\u0131\u015f \u00f6m\u00fcrler ve onlar\u0131n kayb\u0131n\u0131n yol a\u00e7t\u0131\u011f\u0131 h\u00fcz\u00fcn ve ac\u0131n\u0131n \u015fiire d\u00f6k\u00fclm\u00fc\u015f halidir.\u201d\u0130N\u00d6N\u00dc ALPAT<\/p>\n","protected":false},"excerpt":{"rendered":"<p>\u201c Bu kitap \u015fiir se\u00e7kisi olarak kabul edilebilir. T\u00fcrkiye devrim tarihi yaz\u0131l\u0131rken \u015fairleri hak ettikleri mertebeye \u00e7\u0131karman\u0131n \u00e7abas\u0131 olarak de\u011ferlendirilebilir. Ayn\u0131 zamanda kitap \u00f6len, \u00f6ld\u00fcr\u00fclen arkada\u015flar\u0131m\u0131z\u0131<span class=\"excerpt-hellip\"> [\u2026]<\/span><\/p>\n","protected":false},"featured_media":0,"template":"","meta":{"_monsterinsights_skip_tracking":false,"_monsterinsights_sitenote_active":false,"_monsterinsights_sitenote_note":"","_monsterinsights_sitenote_category":0},"product_brand":[],"product_cat":[12291,12509],"product_tag":[],"class_list":{"0":"post-747755","1":"product","2":"type-product","3":"status-publish","5":"product_cat-edebiyat","6":"product_cat-siir","7":"pa_cilt-ciltsiz","8":"pa_tur-kitap","9":"pa_yayinevi-herdem-kitap","10":"pa_yazar-inonu-alpat","12":"first","13":"instock","14":"sale","15":"shipping-taxable","16":"purchasable","17":"product-type-simple"},"_links":{"self":[{"href":"https:\/\/roveyayinevi.com.tr\/index.php\/wp-json\/wp\/v2\/product\/747755","targetHints":{"allow":["GET"]}}],"collection":[{"href":"https:\/\/roveyayinevi.com.tr\/index.php\/wp-json\/wp\/v2\/product"}],"about":[{"href":"https:\/\/roveyayinevi.com.tr\/index.php\/wp-json\/wp\/v2\/types\/product"}],"wp:attachment":[{"href":"https:\/\/roveyayinevi.com.tr\/index.php\/wp-json\/wp\/v2\/media?parent=747755"}],"wp:term":[{"taxonomy":"product_brand","embeddable":true,"href":"https:\/\/roveyayinevi.com.tr\/index.php\/wp-json\/wp\/v2\/product_brand?post=747755"},{"taxonomy":"product_cat","embeddable":true,"href":"https:\/\/roveyayinevi.com.tr\/index.php\/wp-json\/wp\/v2\/product_cat?post=747755"},{"taxonomy":"product_tag","embeddable":true,"href":"https:\/\/roveyayinevi.com.tr\/index.php\/wp-json\/wp\/v2\/product_tag?post=747755"}],"curies":[{"name":"wp","href":"https:\/\/api.w.org\/{rel}","templated":true}]}}