{"id":747754,"date":"2025-08-28T03:14:26","date_gmt":"2025-08-28T00:14:26","guid":{"rendered":"https:\/\/roveyayinevi.com.tr\/index.php\/urun\/abdullah-catli\/"},"modified":"2026-04-16T03:00:32","modified_gmt":"2026-04-16T00:00:32","slug":"abdullah-catli","status":"publish","type":"product","link":"https:\/\/roveyayinevi.com.tr\/index.php\/urun\/abdullah-catli\/","title":{"rendered":"Abdullah \u00c7atl\u0131"},"content":{"rendered":"<p>Bu kitap, k\u0131rk y\u0131ll\u0131k \u00f6mr\u00fcne, d\u00f6rt y\u00fcz y\u0131ll\u0131k icraat s\u0131\u011fd\u0131rm\u0131\u015f, yi\u011fitler yi\u011fidi, B\u00fcy\u00fck \u00dclk\u00fc Devi Abdullah \u00c7atl\u0131\u2019n\u0131n dava ve vatan u\u011fruna \u2018efsanevi bir \u015fekilde\u2019 yapt\u0131klar\u0131n\u0131 anlatmaktad\u0131r. Ayr\u0131ca, benim ve b\u00fct\u00fcn ailemizin dava u\u011fruna a\u011fabeyimle beraber ya\u015fad\u0131klar\u0131m\u0131za ve \u00e7ektiklerimize \u015fahit olacaks\u0131n\u0131z.Bu kitap, y\u0131llarca ya\u015fad\u0131\u011f\u0131m\u0131z olaylar zincirinin, hat\u0131ralar\u0131m\u0131z\u0131n, birikimlerimizin \u2018DAMITILARAK\u2019 ka\u011f\u0131da d\u00f6k\u00fclm\u00fc\u015f halidir.Abdullah \u00c7atl\u0131\u2019n\u0131n izlerini d\u00fcnyan\u0131n bir\u00e7ok \u00fclkesinde buluruz. T\u00fcrk Milleti ve T\u00fcrk Devleti d\u00fc\u015fmanlar\u0131na kar\u015f\u0131 nerede sava\u015fan bir k\u0131l\u0131\u00e7 varsa o Abdullah \u00c7atl\u0131\u2019d\u0131r.\u201cYETER\u0130NCE DA\u011eLANSA DA Y\u00dcRE\u011e\u0130M\u0130Z, \u00c7EKT\u0130\u011e\u0130M\u0130Z ACILAR \u015eEREF\u0130M\u0130ZD\u0130R\u201d\u2022 Alpaslan T\u00fcrke\u015f ile Abdullah \u00c7atl\u0131 nas\u0131l ve ne \u015fekilde g\u00f6r\u00fc\u015f\u00fcrlerdi?\u2022 Devlet Bah\u00e7eli ve Abdullah \u00c7atl\u0131 aras\u0131ndaki diyalog nas\u0131ld\u0131?\u2022 Muhsin Yaz\u0131c\u0131o\u011flu, ASALA konusunda Abdullah \u00c7atl\u0131\u2019ya MHP mahkeme duru\u015fmas\u0131nda nas\u0131l, kiminle ve ne \u015fekilde mesaj g\u00f6ndermi\u015fti?\u2022 Ter\u00f6rist Abdullah \u00d6calan ile Abdullah \u00c7atl\u0131\u2019y\u0131 futbol oynarken g\u00f6steren ve Mesut Y\u0131lmaz ile Abdullah \u00c7atl\u0131\u2019y\u0131 ayn\u0131 foto\u011fraf karesine montajlayan kimdi, amac\u0131 ne idi?\u2022 Abdullah \u00c7atl\u0131 hangi Belediye Ba\u015fkan\u0131n\u0131n hayat\u0131n\u0131 son anda ve nas\u0131l kurtard\u0131?\u2022 Abdullah \u00c7atl\u0131, Mehmet Ali A\u011fca\u2019y\u0131 yurtd\u0131\u015f\u0131na nas\u0131l ka\u00e7\u0131rd\u0131?\u2022 Devrimci Do\u011fu Derne\u011fi T\u00fcrkiye\u2019den hangi b\u00f6lgeyi koparmaya \u00e7al\u0131\u015f\u0131yordu? Abdullah \u00c7atl\u0131 bu derne\u011fin amac\u0131na ula\u015fmas\u0131na nas\u0131l engel oldu?\u2022 7 T\u0130P\u2019li olay\u0131n\u0131n oldu\u011fu g\u00fcn Abdullah \u00c7atl\u0131 neredeydi ?<\/p>\n","protected":false},"excerpt":{"rendered":"<p>Bu kitap, k\u0131rk y\u0131ll\u0131k \u00f6mr\u00fcne, d\u00f6rt y\u00fcz y\u0131ll\u0131k icraat s\u0131\u011fd\u0131rm\u0131\u015f, yi\u011fitler yi\u011fidi, B\u00fcy\u00fck \u00dclk\u00fc Devi Abdullah \u00c7atl\u0131\u2019n\u0131n dava ve vatan u\u011fruna \u2018efsanevi bir \u015fekilde\u2019 yapt\u0131klar\u0131n\u0131 anlatmaktad\u0131r.<span class=\"excerpt-hellip\"> [\u2026]<\/span><\/p>\n","protected":false},"featured_media":0,"template":"","meta":{"_monsterinsights_skip_tracking":false,"_monsterinsights_sitenote_active":false,"_monsterinsights_sitenote_note":"","_monsterinsights_sitenote_category":0},"product_brand":[],"product_cat":[13701,12291],"product_tag":[],"class_list":{"0":"post-747754","1":"product","2":"type-product","3":"status-publish","5":"product_cat-ani-mektup-gunluk","6":"product_cat-edebiyat","7":"pa_cilt-ciltsiz","8":"pa_tur-kitap","9":"pa_yayinevi-herdem-kitap","10":"pa_yazar-zeki-catli","12":"first","13":"instock","14":"sale","15":"shipping-taxable","16":"purchasable","17":"product-type-simple"},"_links":{"self":[{"href":"https:\/\/roveyayinevi.com.tr\/index.php\/wp-json\/wp\/v2\/product\/747754","targetHints":{"allow":["GET"]}}],"collection":[{"href":"https:\/\/roveyayinevi.com.tr\/index.php\/wp-json\/wp\/v2\/product"}],"about":[{"href":"https:\/\/roveyayinevi.com.tr\/index.php\/wp-json\/wp\/v2\/types\/product"}],"wp:attachment":[{"href":"https:\/\/roveyayinevi.com.tr\/index.php\/wp-json\/wp\/v2\/media?parent=747754"}],"wp:term":[{"taxonomy":"product_brand","embeddable":true,"href":"https:\/\/roveyayinevi.com.tr\/index.php\/wp-json\/wp\/v2\/product_brand?post=747754"},{"taxonomy":"product_cat","embeddable":true,"href":"https:\/\/roveyayinevi.com.tr\/index.php\/wp-json\/wp\/v2\/product_cat?post=747754"},{"taxonomy":"product_tag","embeddable":true,"href":"https:\/\/roveyayinevi.com.tr\/index.php\/wp-json\/wp\/v2\/product_tag?post=747754"}],"curies":[{"name":"wp","href":"https:\/\/api.w.org\/{rel}","templated":true}]}}