{"id":747752,"date":"2025-08-28T03:14:24","date_gmt":"2025-08-28T00:14:24","guid":{"rendered":"https:\/\/roveyayinevi.com.tr\/index.php\/urun\/der-zug-ins-ungewisse\/"},"modified":"2026-04-16T03:00:32","modified_gmt":"2026-04-16T00:00:32","slug":"der-zug-ins-ungewisse","status":"publish","type":"product","link":"https:\/\/roveyayinevi.com.tr\/index.php\/urun\/der-zug-ins-ungewisse\/","title":{"rendered":"Der Zug ins Ungewisse"},"content":{"rendered":"<p>\u201eBis zu diesem Moment konnte ich an nichts denken, meine Konzentration galt nur den Ger\u00e4uschen des abfahrenden Zuges. M\u00f6glicherweise hatte ich den Namen Allahs eine Million Mal erw\u00e4hnt. M\u00f6glicherweise hatte ich eine Million Mal Kerbela angefleht. Ehrf\u00fcrchtig rezitierte ich die Verse vom Koran auswendig: \u201eMein Gott! Ich habe mich dir anvertraut, ich stecke in Schwierigkeiten.\u201c Ich sprach aus, was immer mir in den Sinn kam, ich flehte Gott an. Der Zug setzte sich langsam in Bewegung, der immer schneller wurde. F\u00fcnf Minuten vergingen, dann \u00f6ffnete sich die T\u00fcr. Auf Arabisch schrien sie: \u201eHuna polis, huna polis.\u201c Dabei klopften sie an die Bettkante.Bruder Hasan versuchte mir Angst zu machen. Aber ich wusste sofort, dass er es war, denn ich erkannte ihn an dem arabischen Dialekt seiner t\u00fcrkischen Aussprache. Dieses Mal begann er auf Arabisch zu br\u00fcllen: \u201eYallah yallah inzilo.\u201c Es bedeutete so viel wie: \u201eWir haben dich erwischt.\u201c Er schlug die Decke zur\u00fcck, sah mich an, dann fragte er: \u201eWas ist los mit dir, bist du tot?\u201c Jedoch war ich so verschwitzt, dass ich antwortete: \u201eGib mir ein Glas Wasser.\u201c Sofort brachte er mir eins, welches ich austrank. Pl\u00f6tzlich war mein Verlangen nach Wasser lassen verschwunden. Mein ganzer K\u00f6rper war nass. \u201eDu Gl\u00fccklicher, wir sind auf dem syrischen Territorium. Kein Grund mehr zur Sorge &#8230;\u201c, beruhigte er mich. Dieses Werk wurde unter Verwendung der Memoiren von Ganim Authman geschrieben und mit seiner Erlaubnis ver\u00f6ffentlicht.<\/p>\n","protected":false},"excerpt":{"rendered":"<p>\u201eBis zu diesem Moment konnte ich an nichts denken, meine Konzentration galt nur den Ger\u00e4uschen des abfahrenden Zuges. M\u00f6glicherweise hatte ich den Namen Allahs eine Million<span class=\"excerpt-hellip\"> [\u2026]<\/span><\/p>\n","protected":false},"featured_media":0,"template":"","meta":{"_monsterinsights_skip_tracking":false,"_monsterinsights_sitenote_active":false,"_monsterinsights_sitenote_note":"","_monsterinsights_sitenote_category":0},"product_brand":[],"product_cat":[12472],"product_tag":[],"class_list":{"0":"post-747752","1":"product","2":"type-product","3":"status-publish","5":"product_cat-yabanci-dilde-kitaplar","6":"pa_cilt-ciltsiz","7":"pa_tur-kitap","8":"pa_yayinevi-herdem-kitap","9":"pa_yazar-defne-seidel","11":"first","12":"instock","13":"sale","14":"shipping-taxable","15":"purchasable","16":"product-type-simple"},"_links":{"self":[{"href":"https:\/\/roveyayinevi.com.tr\/index.php\/wp-json\/wp\/v2\/product\/747752","targetHints":{"allow":["GET"]}}],"collection":[{"href":"https:\/\/roveyayinevi.com.tr\/index.php\/wp-json\/wp\/v2\/product"}],"about":[{"href":"https:\/\/roveyayinevi.com.tr\/index.php\/wp-json\/wp\/v2\/types\/product"}],"wp:attachment":[{"href":"https:\/\/roveyayinevi.com.tr\/index.php\/wp-json\/wp\/v2\/media?parent=747752"}],"wp:term":[{"taxonomy":"product_brand","embeddable":true,"href":"https:\/\/roveyayinevi.com.tr\/index.php\/wp-json\/wp\/v2\/product_brand?post=747752"},{"taxonomy":"product_cat","embeddable":true,"href":"https:\/\/roveyayinevi.com.tr\/index.php\/wp-json\/wp\/v2\/product_cat?post=747752"},{"taxonomy":"product_tag","embeddable":true,"href":"https:\/\/roveyayinevi.com.tr\/index.php\/wp-json\/wp\/v2\/product_tag?post=747752"}],"curies":[{"name":"wp","href":"https:\/\/api.w.org\/{rel}","templated":true}]}}