{"id":747750,"date":"2025-08-28T03:14:21","date_gmt":"2025-08-28T00:14:21","guid":{"rendered":"https:\/\/roveyayinevi.com.tr\/index.php\/urun\/insan-denen-mechul\/"},"modified":"2026-04-16T03:00:32","modified_gmt":"2026-04-16T00:00:32","slug":"insan-denen-mechul","status":"publish","type":"product","link":"https:\/\/roveyayinevi.com.tr\/index.php\/urun\/insan-denen-mechul\/","title":{"rendered":"\u0130nsan Denen Me\u00e7hul"},"content":{"rendered":"<p>1912\u2019de Nobel \u00d6d\u00fcl\u00fc alm\u0131\u015f olan Alexis Carrel\u2019in \u0130nsan Denen Me\u00e7hul (L&#8217;Homme Ce Inconnu) adl\u0131 \u00e7ok okunan ve tan\u0131nm\u0131\u015f yap\u0131t\u0131nda, insan\u0131n neli\u011fine ve gelecekte insan\u0131n nas\u0131l olaca\u011f\u0131na dair sorulara cevaplar ar\u0131yor. Carrel, toplum \u00fczerine g\u00f6r\u00fc\u015fler ileri s\u00fcrer. O inan\u00e7s\u0131z, mekanikle\u015fmi\u015f insan\u0131 ele\u015ftirir. Carrel i\u00e7in insan\u0131n; bilgi, ahlak ve g\u00fczellikle y\u00fckselmesi \u00f6nemlidir. Ancak bu yolla toplumlar\u0131n sa\u011fl\u0131kl\u0131 olaca\u011f\u0131na inan\u0131r. \u015eu s\u00f6zleri Carrel hakk\u0131nda okura fikir verecektir: \u201cBa\u015fkalar\u0131n\u0131n \u00fcz\u00fcnt\u00fcs\u00fcn\u00fc duymak, yetenekli insanlar aras\u0131nda \u00fcz\u00fcnt\u00fc ve hayat y\u00fck\u00fcn\u00fc azaltmaya \u00e7al\u0131\u015fan ahl\u00e2kl\u0131 insan\u0131 meydana getirir. Her birimiz iyi, s\u0131radan veya k\u00f6t\u00fc olarak do\u011far\u0131z. Fakat zek\u00e2 gibi ahl\u00e2k duygusu da; e\u011fitim, disiplin ve irade ile geli\u015febilir.\u201d\u0130nsan Denen Me\u00e7hul, b\u00fcy\u00fck bir bilim insan\u0131n\u0131n ayr\u0131mc\u0131 ve tehlikeli ve g\u00fcn\u00fcm\u00fczde de\u011fersizli\u011fi g\u00f6r\u00fclm\u00fc\u015f d\u00fc\u015f\u00fcnceler i\u00e7erse de, insana dair s\u00f6yledikleriyle okunmaya de\u011fer bir kitapt\u0131r. <\/p>\n","protected":false},"excerpt":{"rendered":"<p>1912\u2019de Nobel \u00d6d\u00fcl\u00fc alm\u0131\u015f olan Alexis Carrel\u2019in \u0130nsan Denen Me\u00e7hul (L&#8217;Homme Ce Inconnu) adl\u0131 \u00e7ok okunan ve tan\u0131nm\u0131\u015f yap\u0131t\u0131nda, insan\u0131n neli\u011fine ve gelecekte insan\u0131n nas\u0131l olaca\u011f\u0131na<span class=\"excerpt-hellip\"> [\u2026]<\/span><\/p>\n","protected":false},"featured_media":0,"template":"","meta":{"_monsterinsights_skip_tracking":false,"_monsterinsights_sitenote_active":false,"_monsterinsights_sitenote_note":"","_monsterinsights_sitenote_category":0},"product_brand":[],"product_cat":[12357],"product_tag":[],"class_list":{"0":"post-747750","1":"product","2":"type-product","3":"status-publish","5":"product_cat-psikoloji","6":"pa_cilt-ciltsiz","7":"pa_tur-kitap","8":"pa_yayinevi-mirhan-kitap","9":"pa_yazar-alexis-carrel","11":"first","12":"instock","13":"sale","14":"shipping-taxable","15":"purchasable","16":"product-type-simple"},"_links":{"self":[{"href":"https:\/\/roveyayinevi.com.tr\/index.php\/wp-json\/wp\/v2\/product\/747750","targetHints":{"allow":["GET"]}}],"collection":[{"href":"https:\/\/roveyayinevi.com.tr\/index.php\/wp-json\/wp\/v2\/product"}],"about":[{"href":"https:\/\/roveyayinevi.com.tr\/index.php\/wp-json\/wp\/v2\/types\/product"}],"wp:attachment":[{"href":"https:\/\/roveyayinevi.com.tr\/index.php\/wp-json\/wp\/v2\/media?parent=747750"}],"wp:term":[{"taxonomy":"product_brand","embeddable":true,"href":"https:\/\/roveyayinevi.com.tr\/index.php\/wp-json\/wp\/v2\/product_brand?post=747750"},{"taxonomy":"product_cat","embeddable":true,"href":"https:\/\/roveyayinevi.com.tr\/index.php\/wp-json\/wp\/v2\/product_cat?post=747750"},{"taxonomy":"product_tag","embeddable":true,"href":"https:\/\/roveyayinevi.com.tr\/index.php\/wp-json\/wp\/v2\/product_tag?post=747750"}],"curies":[{"name":"wp","href":"https:\/\/api.w.org\/{rel}","templated":true}]}}