{"id":747747,"date":"2025-08-28T03:14:17","date_gmt":"2025-08-28T00:14:17","guid":{"rendered":"https:\/\/roveyayinevi.com.tr\/index.php\/urun\/kirlangic-bahari\/"},"modified":"2026-04-16T03:00:31","modified_gmt":"2026-04-16T00:00:31","slug":"kirlangic-bahari","status":"publish","type":"product","link":"https:\/\/roveyayinevi.com.tr\/index.php\/urun\/kirlangic-bahari\/","title":{"rendered":"K\u0131rlang\u0131\u00e7 Bahar\u0131"},"content":{"rendered":"<p>Ye\u015fil G\u00f6l\u2019\u00fcn ba\u015f\u0131na gelenler bir kader miydi, yoksa b\u00fct\u00fcn bunlara g\u00f6z yumdu\u011fumuz i\u00e7in b\u00fct\u00fcn su\u00e7 bizde miydi? Ye\u015fil G\u00f6l s\u00f6zde muhta\u00e7 oldu\u011fu medeniyet seviyesine, \u00e7a\u011fda\u015fl\u0131\u011fa, demokrasiye do\u011fru yol al\u0131rken \u015f\u00fcphesiz ki bizler de y\u0131llard\u0131r in\u015fa etti\u011fimiz do\u011fal hayat\u0131m\u0131zdan, insanl\u0131\u011f\u0131m\u0131zdan fark\u0131nda olmadan bir bir uzakla\u015f\u0131yorduk. Sonradan baz\u0131lar\u0131m\u0131z b\u00fct\u00fcn bu olanlara kader dedik, baz\u0131lar\u0131m\u0131z ise aptall\u0131\u011f\u0131m\u0131za yand\u0131k durduk.Ter\u00f6r \u00f6rg\u00fct\u00fc dini bir cemaate \u00fcye olmaktan yarg\u0131lanan, eski bir bakan. Yarg\u0131 s\u00fcreci devam ederken kurtulu\u015fu Ye\u015fil G\u00f6l\u2019e s\u0131\u011f\u0131nmakta bulur. Tabii ruhundaki yok edicilik, diktat\u00f6rl\u00fck, ge\u00e7mi\u015fte edindi\u011fi siyasi tecr\u00fcbelerle bir araya gelince i\u00e7indeki canavar yeniden ortaya \u00e7\u0131kacakt\u0131r. Y\u0131kan, yok eden, par\u00e7alayan kurnaz bir diktat\u00f6r\u00fcn insanlar\u0131 ele ge\u00e7irme \u00e7abas\u0131n\u0131 ve her ge\u00e7en g\u00fcn biraz daha felakete s\u00fcr\u00fcklenen Ye\u015fil G\u00f6l\u2019\u00fcn, yok edilmeye \u00e7al\u0131\u015f\u0131lan e\u015fsiz bir do\u011fan\u0131n trajikomik \u00f6yk\u00fcs\u00fcn\u00fc ibretle okurken b\u00fct\u00fcn bu kaos ortam\u0131n\u0131n i\u00e7inde ye\u015fermeye \u00e7al\u0131\u015fan bir a\u015fk hikayesine de g\u0131ptayla tan\u0131kl\u0131k edeceksiniz. Ama hep diyorum ya bence K\u0131rlang\u0131\u00e7 Bahar\u0131\u2019n\u0131n en \u00e7ok sonunu seveceksiniz.<\/p>\n","protected":false},"excerpt":{"rendered":"<p>Ye\u015fil G\u00f6l\u2019\u00fcn ba\u015f\u0131na gelenler bir kader miydi, yoksa b\u00fct\u00fcn bunlara g\u00f6z yumdu\u011fumuz i\u00e7in b\u00fct\u00fcn su\u00e7 bizde miydi? Ye\u015fil G\u00f6l s\u00f6zde muhta\u00e7 oldu\u011fu medeniyet seviyesine, \u00e7a\u011fda\u015fl\u0131\u011fa, demokrasiye<span class=\"excerpt-hellip\"> [\u2026]<\/span><\/p>\n","protected":false},"featured_media":0,"template":"","meta":{"_monsterinsights_skip_tracking":false,"_monsterinsights_sitenote_active":false,"_monsterinsights_sitenote_note":"","_monsterinsights_sitenote_category":0},"product_brand":[],"product_cat":[12291,12711],"product_tag":[],"class_list":{"0":"post-747747","1":"product","2":"type-product","3":"status-publish","5":"product_cat-edebiyat","6":"product_cat-roman-oyku","7":"pa_cilt-ciltsiz","8":"pa_tur-kitap","9":"pa_yayinevi-herdem-kitap","10":"pa_yazar-ozan-agri","12":"first","13":"instock","14":"sale","15":"shipping-taxable","16":"purchasable","17":"product-type-simple"},"_links":{"self":[{"href":"https:\/\/roveyayinevi.com.tr\/index.php\/wp-json\/wp\/v2\/product\/747747","targetHints":{"allow":["GET"]}}],"collection":[{"href":"https:\/\/roveyayinevi.com.tr\/index.php\/wp-json\/wp\/v2\/product"}],"about":[{"href":"https:\/\/roveyayinevi.com.tr\/index.php\/wp-json\/wp\/v2\/types\/product"}],"wp:attachment":[{"href":"https:\/\/roveyayinevi.com.tr\/index.php\/wp-json\/wp\/v2\/media?parent=747747"}],"wp:term":[{"taxonomy":"product_brand","embeddable":true,"href":"https:\/\/roveyayinevi.com.tr\/index.php\/wp-json\/wp\/v2\/product_brand?post=747747"},{"taxonomy":"product_cat","embeddable":true,"href":"https:\/\/roveyayinevi.com.tr\/index.php\/wp-json\/wp\/v2\/product_cat?post=747747"},{"taxonomy":"product_tag","embeddable":true,"href":"https:\/\/roveyayinevi.com.tr\/index.php\/wp-json\/wp\/v2\/product_tag?post=747747"}],"curies":[{"name":"wp","href":"https:\/\/api.w.org\/{rel}","templated":true}]}}