{"id":747744,"date":"2025-08-28T03:14:13","date_gmt":"2025-08-28T00:14:13","guid":{"rendered":"https:\/\/roveyayinevi.com.tr\/index.php\/urun\/0500-efsanelerin-uyudugu-ya-da-uyandigi-saat\/"},"modified":"2026-04-16T03:00:31","modified_gmt":"2026-04-16T00:00:31","slug":"0500-efsanelerin-uyudugu-ya-da-uyandigi-saat","status":"publish","type":"product","link":"https:\/\/roveyayinevi.com.tr\/index.php\/urun\/0500-efsanelerin-uyudugu-ya-da-uyandigi-saat\/","title":{"rendered":"05:00 Efsanelerin Uyudu\u011fu ya da Uyand\u0131\u011f\u0131 Saat"},"content":{"rendered":"<p>D\u00fcny\u0251d\u0251ki en zengin yer \u0251lt\u0131n m\u0251denleri de\u011fildir. Elm\u0251s m\u0251denleride de\u011fildir. D\u00fcny\u0251d\u0251ki  en zengin yer mez\u0251rl\u0131kl\u0251rd\u0131r. \u00c7\u00fcnk\u00fc mez\u0251rl\u0131kl\u0251rd\u0251 asl\u0251 ger\u00e7ekle\u015fmemi\u015f h\u0251y\u0251ller ve fikirler  y\u0251t\u0251r. H\u0251ngi nedenle olurs\u0251 olsun h\u0251y\u0251llerini ve \u0251m\u0251\u00e7l\u0251r\u0131n\u0131 t\u0251kip etmelerine neden ol\u0251n  engellere t\u0251k\u0131lm\u0131\u015fl\u0251rd\u0131r. Hedefleriniz yol h\u0251rit\u0251s\u0131 gibidir. Y\u00fcr\u00fcrken size rehberlik eder. H\u0251y\u0251t\u0131n\u0131z\u0131n f\u0131rs\u0251tl\u0251r\u0131n\u0131 size g\u00f6sterir. Pek \u00e7o\u011fumuz h\u0251y\u0251llerimizi y\u0251\u015f\u0251m\u0131yoruz \u00e7\u00fcnk\u00fc korkul\u0251r\u0131m\u0131z\u0131 y\u0251\u015f\u0251m\u0251kl\u0251 me\u015fgul\u00fcz. B\u0251\u015fk\u0251s\u0131n\u0131n sizin h\u0251kk\u0131n\u0131zd\u0251ki d\u00fc\u015f\u00fcncesi sizin ger\u00e7e\u011finiz olm\u0251s\u0131n. H\u0251y\u0251llerinin pe\u015finden ko\u015f\u0251nl\u0251r,\u0251\u00e7 ol\u0251n ins\u0251nl\u0251rd\u0131r. H\u0251y\u0251tt\u0251 ne istedi\u011fimizin de\u011fil, kim oldu\u011fumuzun k\u0251r\u015f\u0131l\u0131\u011f\u0131n\u0131 \u0251l\u0131r\u0131z. Y\u00fcceli\u011fe y\u0251pt\u0131\u011f\u0131n\u0131z yolculu\u011funuz\u0251 her z\u0251m\u0251n kons\u0251ntre olm\u0251l\u0131s\u0131n\u0131z \u2018\u2019Zamana bir kere hakim oldunuz mu, insanlar\u0131n bir y\u0131l i\u00e7inde yapabileceklerini g\u00f6zlerinde ne kadar b\u00fcy\u00fctt\u00fc\u011f\u00fcn\u00fc, buna kar\u015f\u0131l\u0131k on y\u0131l i\u00e7inde yapabileceklerini nas\u0131l da az\u0131msad\u0131klar\u0131n\u0131 anlayacaks\u0131n\u0131z.\u2019\u2019   Metin Baytok<\/p>\n","protected":false},"excerpt":{"rendered":"<p>D\u00fcny\u0251d\u0251ki en zengin yer \u0251lt\u0131n m\u0251denleri de\u011fildir. Elm\u0251s m\u0251denleride de\u011fildir. D\u00fcny\u0251d\u0251ki en zengin yer mez\u0251rl\u0131kl\u0251rd\u0131r. \u00c7\u00fcnk\u00fc mez\u0251rl\u0131kl\u0251rd\u0251 asl\u0251 ger\u00e7ekle\u015fmemi\u015f h\u0251y\u0251ller ve fikirler y\u0251t\u0251r. H\u0251ngi nedenle olurs\u0251<span class=\"excerpt-hellip\"> [\u2026]<\/span><\/p>\n","protected":false},"featured_media":0,"template":"","meta":{"_monsterinsights_skip_tracking":false,"_monsterinsights_sitenote_active":false,"_monsterinsights_sitenote_note":"","_monsterinsights_sitenote_category":0},"product_brand":[],"product_cat":[12364,12376],"product_tag":[],"class_list":{"0":"post-747744","1":"product","2":"type-product","3":"status-publish","5":"product_cat-genel-konular","6":"product_cat-kisisel-gelisim","7":"pa_cilt-ciltsiz","8":"pa_tur-kitap","9":"pa_yayinevi-herdem-kitap","10":"pa_yazar-metin-baytok","12":"first","13":"instock","14":"sale","15":"shipping-taxable","16":"purchasable","17":"product-type-simple"},"_links":{"self":[{"href":"https:\/\/roveyayinevi.com.tr\/index.php\/wp-json\/wp\/v2\/product\/747744","targetHints":{"allow":["GET"]}}],"collection":[{"href":"https:\/\/roveyayinevi.com.tr\/index.php\/wp-json\/wp\/v2\/product"}],"about":[{"href":"https:\/\/roveyayinevi.com.tr\/index.php\/wp-json\/wp\/v2\/types\/product"}],"wp:attachment":[{"href":"https:\/\/roveyayinevi.com.tr\/index.php\/wp-json\/wp\/v2\/media?parent=747744"}],"wp:term":[{"taxonomy":"product_brand","embeddable":true,"href":"https:\/\/roveyayinevi.com.tr\/index.php\/wp-json\/wp\/v2\/product_brand?post=747744"},{"taxonomy":"product_cat","embeddable":true,"href":"https:\/\/roveyayinevi.com.tr\/index.php\/wp-json\/wp\/v2\/product_cat?post=747744"},{"taxonomy":"product_tag","embeddable":true,"href":"https:\/\/roveyayinevi.com.tr\/index.php\/wp-json\/wp\/v2\/product_tag?post=747744"}],"curies":[{"name":"wp","href":"https:\/\/api.w.org\/{rel}","templated":true}]}}