{"id":747739,"date":"2025-08-28T03:14:05","date_gmt":"2025-08-28T00:14:05","guid":{"rendered":"https:\/\/roveyayinevi.com.tr\/index.php\/urun\/gercegin-iki-yuzu\/"},"modified":"2026-04-16T03:00:31","modified_gmt":"2026-04-16T00:00:31","slug":"gercegin-iki-yuzu","status":"publish","type":"product","link":"https:\/\/roveyayinevi.com.tr\/index.php\/urun\/gercegin-iki-yuzu\/","title":{"rendered":"Ger\u00e7e\u011fin \u0130ki Y\u00fcz\u00fc"},"content":{"rendered":"<p>O an bir kelebek kanat \u00e7\u0131rpt\u0131 m\u0131 bilinmez ama \u00e7ok uzaklarda bir kas\u0131rga kopmak u\u0308zereydi. Kelebek etkisi ger\u00e7ekle\u015fecek, bir kad\u0131n\u0131n masumca verdi\u011fini du\u0308\u015fu\u0308ndu\u0308\u011fu\u0308 bir karar \u00f6ng\u00f6ru\u0308lmez sonu\u00e7lar do\u011furacakt\u0131. Hayal\u00ee her bir kanat \u00e7\u0131rp\u0131\u015f bu\u0308yu\u0308k bir sars\u0131nt\u0131ya sebep olurken, kay\u0131plar ya\u015fanacak, hayalle ger\u00e7ek kar\u0131\u015facak, yirmi be\u015f y\u0131ll\u0131k vicdan azab\u0131n\u0131n re\u00e7etesi bir \u00f6lu\u0308m olacak, sars\u0131lmaz denilen temeller yerinden oynayacakt\u0131\u2026<\/p>\n","protected":false},"excerpt":{"rendered":"<p>O an bir kelebek kanat \u00e7\u0131rpt\u0131 m\u0131 bilinmez ama \u00e7ok uzaklarda bir kas\u0131rga kopmak u\u0308zereydi. Kelebek etkisi ger\u00e7ekle\u015fecek, bir kad\u0131n\u0131n masumca verdi\u011fini du\u0308\u015fu\u0308ndu\u0308\u011fu\u0308 bir karar \u00f6ng\u00f6ru\u0308lmez<span class=\"excerpt-hellip\"> [\u2026]<\/span><\/p>\n","protected":false},"featured_media":0,"template":"","meta":{"_monsterinsights_skip_tracking":false,"_monsterinsights_sitenote_active":false,"_monsterinsights_sitenote_note":"","_monsterinsights_sitenote_category":0},"product_brand":[],"product_cat":[12291,12711],"product_tag":[],"class_list":{"0":"post-747739","1":"product","2":"type-product","3":"status-publish","5":"product_cat-edebiyat","6":"product_cat-roman-oyku","7":"pa_cilt-ciltsiz","8":"pa_tur-kitap","9":"pa_yayinevi-herdem-kitap","10":"pa_yazar-adem-kalay","12":"first","13":"instock","14":"sale","15":"shipping-taxable","16":"purchasable","17":"product-type-simple"},"_links":{"self":[{"href":"https:\/\/roveyayinevi.com.tr\/index.php\/wp-json\/wp\/v2\/product\/747739","targetHints":{"allow":["GET"]}}],"collection":[{"href":"https:\/\/roveyayinevi.com.tr\/index.php\/wp-json\/wp\/v2\/product"}],"about":[{"href":"https:\/\/roveyayinevi.com.tr\/index.php\/wp-json\/wp\/v2\/types\/product"}],"wp:attachment":[{"href":"https:\/\/roveyayinevi.com.tr\/index.php\/wp-json\/wp\/v2\/media?parent=747739"}],"wp:term":[{"taxonomy":"product_brand","embeddable":true,"href":"https:\/\/roveyayinevi.com.tr\/index.php\/wp-json\/wp\/v2\/product_brand?post=747739"},{"taxonomy":"product_cat","embeddable":true,"href":"https:\/\/roveyayinevi.com.tr\/index.php\/wp-json\/wp\/v2\/product_cat?post=747739"},{"taxonomy":"product_tag","embeddable":true,"href":"https:\/\/roveyayinevi.com.tr\/index.php\/wp-json\/wp\/v2\/product_tag?post=747739"}],"curies":[{"name":"wp","href":"https:\/\/api.w.org\/{rel}","templated":true}]}}