{"id":747738,"date":"2025-08-28T03:14:03","date_gmt":"2025-08-28T00:14:03","guid":{"rendered":"https:\/\/roveyayinevi.com.tr\/index.php\/urun\/misafir-2\/"},"modified":"2026-04-16T03:00:31","modified_gmt":"2026-04-16T00:00:31","slug":"misafir-2","status":"publish","type":"product","link":"https:\/\/roveyayinevi.com.tr\/index.php\/urun\/misafir-2\/","title":{"rendered":"Misafir"},"content":{"rendered":"<p>\u00c7ok bekledim.Y\u0131llarca dua ettim.Tam bitti unuttum derken aniden sen \u00e7\u0131k\u0131p geldin.Gidi\u015fin nas\u0131l zamans\u0131z olduysa geli\u015fin de \u00f6yle zamans\u0131z oldu.Haz\u0131r m\u0131yd\u0131m?Seni g\u00f6rmeye, duymaya, tan\u0131maya, haz\u0131r m\u0131yd\u0131m?Yapt\u0131klar\u0131n\u0131 bile bile seninle ayn\u0131 evde kalmayasana olan nefretimi kusmayai\u00e7imi d\u00f6kmeye s\u0131ms\u0131k\u0131 sar\u0131lmaya&#8230; <\/p>\n","protected":false},"excerpt":{"rendered":"<p>\u00c7ok bekledim.Y\u0131llarca dua ettim.Tam bitti unuttum derken aniden sen \u00e7\u0131k\u0131p geldin.Gidi\u015fin nas\u0131l zamans\u0131z olduysa geli\u015fin de \u00f6yle zamans\u0131z oldu.Haz\u0131r m\u0131yd\u0131m?Seni g\u00f6rmeye, duymaya, tan\u0131maya, haz\u0131r m\u0131yd\u0131m?Yapt\u0131klar\u0131n\u0131 bile<span class=\"excerpt-hellip\"> [\u2026]<\/span><\/p>\n","protected":false},"featured_media":0,"template":"","meta":{"_monsterinsights_skip_tracking":false,"_monsterinsights_sitenote_active":false,"_monsterinsights_sitenote_note":"","_monsterinsights_sitenote_category":0},"product_brand":[],"product_cat":[12291,12711],"product_tag":[],"class_list":{"0":"post-747738","1":"product","2":"type-product","3":"status-publish","5":"product_cat-edebiyat","6":"product_cat-roman-oyku","7":"pa_cilt-ciltsiz","8":"pa_tur-kitap","9":"pa_yayinevi-herdem-kitap","10":"pa_yazar-hilal-kilicaslan","12":"first","13":"instock","14":"sale","15":"shipping-taxable","16":"purchasable","17":"product-type-simple"},"_links":{"self":[{"href":"https:\/\/roveyayinevi.com.tr\/index.php\/wp-json\/wp\/v2\/product\/747738","targetHints":{"allow":["GET"]}}],"collection":[{"href":"https:\/\/roveyayinevi.com.tr\/index.php\/wp-json\/wp\/v2\/product"}],"about":[{"href":"https:\/\/roveyayinevi.com.tr\/index.php\/wp-json\/wp\/v2\/types\/product"}],"wp:attachment":[{"href":"https:\/\/roveyayinevi.com.tr\/index.php\/wp-json\/wp\/v2\/media?parent=747738"}],"wp:term":[{"taxonomy":"product_brand","embeddable":true,"href":"https:\/\/roveyayinevi.com.tr\/index.php\/wp-json\/wp\/v2\/product_brand?post=747738"},{"taxonomy":"product_cat","embeddable":true,"href":"https:\/\/roveyayinevi.com.tr\/index.php\/wp-json\/wp\/v2\/product_cat?post=747738"},{"taxonomy":"product_tag","embeddable":true,"href":"https:\/\/roveyayinevi.com.tr\/index.php\/wp-json\/wp\/v2\/product_tag?post=747738"}],"curies":[{"name":"wp","href":"https:\/\/api.w.org\/{rel}","templated":true}]}}