{"id":747733,"date":"2025-08-28T03:13:55","date_gmt":"2025-08-28T00:13:55","guid":{"rendered":"https:\/\/roveyayinevi.com.tr\/index.php\/urun\/sitem-taslari\/"},"modified":"2026-04-16T03:00:31","modified_gmt":"2026-04-16T00:00:31","slug":"sitem-taslari","status":"publish","type":"product","link":"https:\/\/roveyayinevi.com.tr\/index.php\/urun\/sitem-taslari\/","title":{"rendered":"Sitem Ta\u015flar\u0131"},"content":{"rendered":"<p>Yabanc\u0131la\u015fmadan \u00e7\u00fcr\u00fcmeye do\u011fru kanatlanm\u0131\u015f bir \u00e7a\u011f d\u00fc\u015ft\u00fc pay\u0131m\u0131za. Eskiden kendimizi sevdi\u011fimiz bir yaln\u0131zl\u0131\u011f\u0131m\u0131z vard\u0131. Art\u0131k kendimizi de sevmedi\u011fimiz bir yaln\u0131zl\u0131\u011f\u0131m\u0131z var. Sadece korku soluk al\u0131yor evlerimizde. \u00d6nce de s\u00f6yledim, bir g\u00fcn hepimiz bir ta\u015f masal\u0131na d\u00f6nece\u011fiz. T\u00fcm bu y\u0131k\u0131ma kar\u015f\u0131, zavall\u0131 insan\u0131n tek bir varolu\u015f olana\u011f\u0131 var, hemen yan\u0131 ba\u015f\u0131ndaki \u00f6teki yaln\u0131z. Ben, insan\u0131n ac\u0131s\u0131n\u0131 insan al\u0131r demeye devam edece\u011fim. * Kalabal\u0131ktan, ona inanmaya ba\u015flam\u0131\u015fsak korkmam\u0131z gerekir. Kalabal\u0131k k\u00f6rd\u00fcr. Dili yoktur. \u015eak\u0131 s\u00f6yleyemez. Yazmay\u0131 bilmez. G\u00fczelli\u011fi k\u00fc\u00e7\u00fcmser. * \u015e\u00fckr\u00fc Erba\u015f\u2019\u0131n 2019-2022 y\u0131llar\u0131 aras\u0131nda yay\u0131nlanm\u0131\u015f yaz\u0131lar\u0131ndan ve iki \u015fiirinden olu\u015fan Sitem Ta\u015flar\u0131 art\u0131k okuruna emanet.   <\/p>\n","protected":false},"excerpt":{"rendered":"<p>Yabanc\u0131la\u015fmadan \u00e7\u00fcr\u00fcmeye do\u011fru kanatlanm\u0131\u015f bir \u00e7a\u011f d\u00fc\u015ft\u00fc pay\u0131m\u0131za. Eskiden kendimizi sevdi\u011fimiz bir yaln\u0131zl\u0131\u011f\u0131m\u0131z vard\u0131. Art\u0131k kendimizi de sevmedi\u011fimiz bir yaln\u0131zl\u0131\u011f\u0131m\u0131z var. Sadece korku soluk al\u0131yor evlerimizde.<span class=\"excerpt-hellip\"> [\u2026]<\/span><\/p>\n","protected":false},"featured_media":0,"template":"","meta":{"_monsterinsights_skip_tracking":false,"_monsterinsights_sitenote_active":false,"_monsterinsights_sitenote_note":"","_monsterinsights_sitenote_category":0},"product_brand":[],"product_cat":[12777,12291],"product_tag":[],"class_list":{"0":"post-747733","1":"product","2":"type-product","3":"status-publish","5":"product_cat-deneme","6":"product_cat-edebiyat","7":"pa_cilt-ciltsiz","8":"pa_tur-kitap","9":"pa_yayinevi-kirmizi-kedi-yayinevi","10":"pa_yazar-sukru-erbas","12":"first","13":"instock","14":"sale","15":"shipping-taxable","16":"purchasable","17":"product-type-simple"},"_links":{"self":[{"href":"https:\/\/roveyayinevi.com.tr\/index.php\/wp-json\/wp\/v2\/product\/747733","targetHints":{"allow":["GET"]}}],"collection":[{"href":"https:\/\/roveyayinevi.com.tr\/index.php\/wp-json\/wp\/v2\/product"}],"about":[{"href":"https:\/\/roveyayinevi.com.tr\/index.php\/wp-json\/wp\/v2\/types\/product"}],"wp:attachment":[{"href":"https:\/\/roveyayinevi.com.tr\/index.php\/wp-json\/wp\/v2\/media?parent=747733"}],"wp:term":[{"taxonomy":"product_brand","embeddable":true,"href":"https:\/\/roveyayinevi.com.tr\/index.php\/wp-json\/wp\/v2\/product_brand?post=747733"},{"taxonomy":"product_cat","embeddable":true,"href":"https:\/\/roveyayinevi.com.tr\/index.php\/wp-json\/wp\/v2\/product_cat?post=747733"},{"taxonomy":"product_tag","embeddable":true,"href":"https:\/\/roveyayinevi.com.tr\/index.php\/wp-json\/wp\/v2\/product_tag?post=747733"}],"curies":[{"name":"wp","href":"https:\/\/api.w.org\/{rel}","templated":true}]}}