{"id":747730,"date":"2025-08-28T03:13:49","date_gmt":"2025-08-28T00:13:49","guid":{"rendered":"https:\/\/roveyayinevi.com.tr\/index.php\/urun\/demir-okce-9\/"},"modified":"2026-04-08T03:07:26","modified_gmt":"2026-04-08T00:07:26","slug":"demir-okce-9","status":"publish","type":"product","link":"https:\/\/roveyayinevi.com.tr\/index.php\/urun\/demir-okce-9\/","title":{"rendered":"Demir \u00d6k\u00e7e"},"content":{"rendered":"<p>\u201cK\u0131rda, da\u011fda, g\u00f6l ya da deniz kenar\u0131nda ba\u015fka evleri de vard\u0131. Kendilerine hizmet\u00e7i ordular\u0131 yard\u0131mc\u0131 oluyordu. \u0130nsana hayret verecek kadar \u00e7ok sosyal ya\u015fant\u0131lar\u0131 vard\u0131. \u00dcniversite ve kiliseye avu\u00e7 dolusu para yat\u0131r\u0131rlard\u0131. Din adamlar\u0131 da onlar\u0131n \u00f6n\u00fcnde diz \u00e7\u00f6kmeye haz\u0131rlard\u0131. Ellerindeki para, onlara m\u00fcthi\u015f bir g\u00fc\u00e7 veriyordu. \u0130leride Ernest\u2019in uyar\u0131lar\u0131yla fark\u0131na varaca\u011f\u0131m gibi, parayla d\u00fc\u015f\u00fcnceleri sat\u0131n alabiliyorlard\u0131.\u201d   \u201cModern distopyalar\u0131n en eskisi\u201d olarak kabul edilen Demir \u00d6k\u00e7e, Amerika Birle\u015fik Devletleri\u2019nde oligar\u015fik bir tiranl\u0131\u011f\u0131n y\u00fckseli\u015fini anlat\u0131r. Muhtemelen Jack London\u2019\u0131n sosyalist g\u00f6r\u00fc\u015flerinin en a\u00e7\u0131k \u015fekilde sergilendi\u011fi romand\u0131r. 1960\u2019lar ve 1970\u2019lerdeki yumu\u015fak bilim kurgu roman ve \u00f6yk\u00fclerinin \u00f6nc\u00fcs\u00fc olan kitap, teknolojik de\u011fi\u015fimlere \u00e7ok daha az \u00f6nem verirken toplum ve siyasette gelecekteki de\u011fi\u015fimleri vurgulamaktad\u0131r.<\/p>\n","protected":false},"excerpt":{"rendered":"<p>\u201cK\u0131rda, da\u011fda, g\u00f6l ya da deniz kenar\u0131nda ba\u015fka evleri de vard\u0131. Kendilerine hizmet\u00e7i ordular\u0131 yard\u0131mc\u0131 oluyordu. \u0130nsana hayret verecek kadar \u00e7ok sosyal ya\u015fant\u0131lar\u0131 vard\u0131. \u00dcniversite ve<span class=\"excerpt-hellip\"> [\u2026]<\/span><\/p>\n","protected":false},"featured_media":0,"template":"","meta":{"_monsterinsights_skip_tracking":false,"_monsterinsights_sitenote_active":false,"_monsterinsights_sitenote_note":"","_monsterinsights_sitenote_category":0},"product_brand":[],"product_cat":[12291,12711],"product_tag":[],"class_list":{"0":"post-747730","1":"product","2":"type-product","3":"status-publish","5":"product_cat-edebiyat","6":"product_cat-roman-oyku","7":"pa_cilt-ciltsiz","8":"pa_tur-kitap","9":"pa_yayinevi-sms-yayinlari","10":"pa_yazar-jack-london","12":"first","13":"instock","14":"sale","15":"shipping-taxable","16":"purchasable","17":"product-type-simple"},"_links":{"self":[{"href":"https:\/\/roveyayinevi.com.tr\/index.php\/wp-json\/wp\/v2\/product\/747730","targetHints":{"allow":["GET"]}}],"collection":[{"href":"https:\/\/roveyayinevi.com.tr\/index.php\/wp-json\/wp\/v2\/product"}],"about":[{"href":"https:\/\/roveyayinevi.com.tr\/index.php\/wp-json\/wp\/v2\/types\/product"}],"wp:attachment":[{"href":"https:\/\/roveyayinevi.com.tr\/index.php\/wp-json\/wp\/v2\/media?parent=747730"}],"wp:term":[{"taxonomy":"product_brand","embeddable":true,"href":"https:\/\/roveyayinevi.com.tr\/index.php\/wp-json\/wp\/v2\/product_brand?post=747730"},{"taxonomy":"product_cat","embeddable":true,"href":"https:\/\/roveyayinevi.com.tr\/index.php\/wp-json\/wp\/v2\/product_cat?post=747730"},{"taxonomy":"product_tag","embeddable":true,"href":"https:\/\/roveyayinevi.com.tr\/index.php\/wp-json\/wp\/v2\/product_tag?post=747730"}],"curies":[{"name":"wp","href":"https:\/\/api.w.org\/{rel}","templated":true}]}}