{"id":747728,"date":"2025-08-28T03:13:47","date_gmt":"2025-08-28T00:13:47","guid":{"rendered":"https:\/\/roveyayinevi.com.tr\/index.php\/urun\/illuzyon-ekonomisi\/"},"modified":"2026-04-16T03:00:31","modified_gmt":"2026-04-16T00:00:31","slug":"illuzyon-ekonomisi","status":"publish","type":"product","link":"https:\/\/roveyayinevi.com.tr\/index.php\/urun\/illuzyon-ekonomisi\/","title":{"rendered":"\u0130ll\u00fczyon Ekonomisi"},"content":{"rendered":"<p>Enflasyonu \u00dc\u00e7 Harfle Tarif Et: ZAM   Medya \u00fczerinden bize anlat\u0131lan T\u00fcrkiye sanki bir Norve\u00e7 ya da Finlandiya&#8230; Ya\u015fam ko\u015fullar\u0131m\u0131z o kadar iyi yani. Bir elimiz ya\u011fda bir elimiz balda. Geli\u015ftik\u00e7e de geli\u015fiyoruz \u00fcstelik. Esen her r\u00fczg\u00e2r bizden yana&#8230; Ancak \u00e7ar\u015f\u0131ya pazara \u00e7\u0131kt\u0131\u011f\u0131m\u0131zda inan\u0131lmaz bir hayat pahal\u0131l\u0131\u011f\u0131yla kar\u015f\u0131 kar\u015f\u0131yay\u0131z. Sava\u015f ko\u015fullar\u0131nda g\u00f6rebilece\u011fimiz bir h\u0131zla artt\u0131 enflasyon. Aniden fakirle\u015ftik. Artan kiralar nedeniyle y\u0131llard\u0131r ya\u015fad\u0131\u011f\u0131m\u0131z muhitleri terk etmek zorunda kald\u0131k. Kendimizi bir anda ciddi bir bar\u0131nma sorunuyla kar\u015f\u0131 kar\u015f\u0131ya bulduk. Bize anlat\u0131lanlarla ya\u015fad\u0131klar\u0131m\u0131z aras\u0131ndaki farklar \u00e7ok b\u00fcy\u00fck&#8230; Ger\u00e7ekler bize sunuldu\u011fu gibi de\u011fil. Ben buna \u201cill\u00fczyon ekonomisi\u201d ad\u0131n\u0131 veriyorum. Bu kitap ill\u00fczyon ekonomisinin nas\u0131l i\u015fledi\u011fini ortaya koyuyor ve bir d\u00f6nemin de analizini yap\u0131yor.   Profes\u00f6r Dr. Arzova, ekonominin ger\u00e7ek deneyimlerden kopar\u0131larak, bir g\u00f6steri olarak sunulmas\u0131n\u0131n \u015fifrelerini s\u00f6k\u00fcyor, ill\u00fczyonun \u015foven \u00f6zelliklerini paranteze alarak, ger\u00e7ekte olup biteni yeniden g\u00f6r\u00fcn\u00fcr k\u0131l\u0131yor.\u201d \u2013 Yal\u0131n Alpay <\/p>\n","protected":false},"excerpt":{"rendered":"<p>Enflasyonu \u00dc\u00e7 Harfle Tarif Et: ZAM Medya \u00fczerinden bize anlat\u0131lan T\u00fcrkiye sanki bir Norve\u00e7 ya da Finlandiya&#8230; Ya\u015fam ko\u015fullar\u0131m\u0131z o kadar iyi yani. Bir elimiz ya\u011fda<span class=\"excerpt-hellip\"> [\u2026]<\/span><\/p>\n","protected":false},"featured_media":0,"template":"","meta":{"_monsterinsights_skip_tracking":false,"_monsterinsights_sitenote_active":false,"_monsterinsights_sitenote_note":"","_monsterinsights_sitenote_category":0},"product_brand":[],"product_cat":[14841,13043],"product_tag":[],"class_list":{"0":"post-747728","1":"product","2":"type-product","3":"status-publish","5":"product_cat-arastirma-inceleme-kuram","6":"product_cat-ekonomi","7":"pa_cilt-ciltsiz","8":"pa_tur-kitap","9":"pa_yayinevi-destek-yayinlari","10":"pa_yazar-sabri-burak-arzova","12":"first","13":"instock","14":"sale","15":"shipping-taxable","16":"purchasable","17":"product-type-simple"},"_links":{"self":[{"href":"https:\/\/roveyayinevi.com.tr\/index.php\/wp-json\/wp\/v2\/product\/747728","targetHints":{"allow":["GET"]}}],"collection":[{"href":"https:\/\/roveyayinevi.com.tr\/index.php\/wp-json\/wp\/v2\/product"}],"about":[{"href":"https:\/\/roveyayinevi.com.tr\/index.php\/wp-json\/wp\/v2\/types\/product"}],"wp:attachment":[{"href":"https:\/\/roveyayinevi.com.tr\/index.php\/wp-json\/wp\/v2\/media?parent=747728"}],"wp:term":[{"taxonomy":"product_brand","embeddable":true,"href":"https:\/\/roveyayinevi.com.tr\/index.php\/wp-json\/wp\/v2\/product_brand?post=747728"},{"taxonomy":"product_cat","embeddable":true,"href":"https:\/\/roveyayinevi.com.tr\/index.php\/wp-json\/wp\/v2\/product_cat?post=747728"},{"taxonomy":"product_tag","embeddable":true,"href":"https:\/\/roveyayinevi.com.tr\/index.php\/wp-json\/wp\/v2\/product_tag?post=747728"}],"curies":[{"name":"wp","href":"https:\/\/api.w.org\/{rel}","templated":true}]}}