{"id":747726,"date":"2025-08-28T03:13:44","date_gmt":"2025-08-28T00:13:44","guid":{"rendered":"https:\/\/roveyayinevi.com.tr\/index.php\/urun\/gokler-konusuyor-hakikat-portali-1-kitap\/"},"modified":"2026-04-07T03:05:58","modified_gmt":"2026-04-07T00:05:58","slug":"gokler-konusuyor-hakikat-portali-1-kitap","status":"publish","type":"product","link":"https:\/\/roveyayinevi.com.tr\/index.php\/urun\/gokler-konusuyor-hakikat-portali-1-kitap\/","title":{"rendered":"G\u00f6kler Konu\u015fuyor &#8211; Hakikat Portal\u0131 1. Kitap"},"content":{"rendered":"<p>Her \u201cB\u0130R\u201dimiz, Sonsuz Olas\u0131l\u0131klar \u0130\u00e7eren Kozmos Kuantum Enerji Alan\u0131n\u0131n Sonsuz Okyanusunda Kendi Realitelerimizin  YARATICILARI Olan \u201cB\u0130L\u0130N\u00c7\u201dleriz&#8230; \u0130\u00e7inde Bulundu\u011funuz Bu 3. Boyut Sanal Sim\u00fclasyon Oyununda Kulland\u0131\u011f\u0131n\u0131z Avatarlar\u0131n\u0131z\u0131n\/Bedenlerinizin DNA\u2019lar\u0131ndaki Sarmallarda Kodlanm\u0131\u015f Olan S\u0131n\u0131rs\u0131z Potansiyelinizin Kilidini A\u00e7man\u0131n ARTIK ZAMANI GELD\u0130! Sana T\u00fcm \u00d6\u011fretilenleri, Duyduklar\u0131n\u0131, Bildiklerini ve Do\u011fru Olarak Kabul Ettiklerini TAMAMEN UNUT! T\u00fcm Maddesel ve Zihinsel Kabullerini TERK ETMEYE HAZIRLAN! En \u0130nan\u0131lmaz Olan\u0131 Alg\u0131lamaya ve \u0130drak Etmeye HAZIR OL!&#8230; \u201cHAK\u0130KAT Portal\u0131\u201dn\u0131n Bilgi Ak\u0131\u015f\u0131yla S\u0131n\u0131rlar\u0131n\u0131 ve  Dogmalar\u0131n\u0131 A\u015f ve Bildi\u011fini Sand\u0131\u011f\u0131n \u201cSEN\u201din \u00d6TES\u0130NE GE\u00c7!&#8230; Seni S\u0131n\u0131rlayan T\u00fcm Kal\u0131plar\u0131n\u0131n, \u0130nan\u00e7lar\u0131n\u0131n ve Zihninin \u00d6TES\u0130NE\u2026 Orada \u201cSEN\u201di Bekleyen \u0130LAH\u0130 Bir MUC\u0130ZE VAR!&#8230; Orada, \u201cO\u201dndan\/ANAKAYNAK\u2019tan CAN Olan Ger\u00e7ek \u201cSEN\u201di Bulacaks\u0131n!&#8230;<\/p>\n","protected":false},"excerpt":{"rendered":"<p>Her \u201cB\u0130R\u201dimiz, Sonsuz Olas\u0131l\u0131klar \u0130\u00e7eren Kozmos Kuantum Enerji Alan\u0131n\u0131n Sonsuz Okyanusunda Kendi Realitelerimizin YARATICILARI Olan \u201cB\u0130L\u0130N\u00c7\u201dleriz&#8230; \u0130\u00e7inde Bulundu\u011funuz Bu 3. Boyut Sanal Sim\u00fclasyon Oyununda Kulland\u0131\u011f\u0131n\u0131z Avatarlar\u0131n\u0131z\u0131n\/Bedenlerinizin<span class=\"excerpt-hellip\"> [\u2026]<\/span><\/p>\n","protected":false},"featured_media":0,"template":"","meta":{"_monsterinsights_skip_tracking":false,"_monsterinsights_sitenote_active":false,"_monsterinsights_sitenote_note":"","_monsterinsights_sitenote_category":0},"product_brand":[],"product_cat":[12364,12376],"product_tag":[],"class_list":{"0":"post-747726","1":"product","2":"type-product","3":"status-publish","5":"product_cat-genel-konular","6":"product_cat-kisisel-gelisim","7":"pa_cilt-ciltsiz","8":"pa_tur-kitap","9":"pa_yayinevi-destek-yayinlari","10":"pa_yazar-haktan-akdogan","12":"first","13":"instock","14":"sale","15":"shipping-taxable","16":"purchasable","17":"product-type-simple"},"_links":{"self":[{"href":"https:\/\/roveyayinevi.com.tr\/index.php\/wp-json\/wp\/v2\/product\/747726","targetHints":{"allow":["GET"]}}],"collection":[{"href":"https:\/\/roveyayinevi.com.tr\/index.php\/wp-json\/wp\/v2\/product"}],"about":[{"href":"https:\/\/roveyayinevi.com.tr\/index.php\/wp-json\/wp\/v2\/types\/product"}],"wp:attachment":[{"href":"https:\/\/roveyayinevi.com.tr\/index.php\/wp-json\/wp\/v2\/media?parent=747726"}],"wp:term":[{"taxonomy":"product_brand","embeddable":true,"href":"https:\/\/roveyayinevi.com.tr\/index.php\/wp-json\/wp\/v2\/product_brand?post=747726"},{"taxonomy":"product_cat","embeddable":true,"href":"https:\/\/roveyayinevi.com.tr\/index.php\/wp-json\/wp\/v2\/product_cat?post=747726"},{"taxonomy":"product_tag","embeddable":true,"href":"https:\/\/roveyayinevi.com.tr\/index.php\/wp-json\/wp\/v2\/product_tag?post=747726"}],"curies":[{"name":"wp","href":"https:\/\/api.w.org\/{rel}","templated":true}]}}