{"id":747725,"date":"2025-08-28T03:13:44","date_gmt":"2025-08-28T00:13:44","guid":{"rendered":"https:\/\/roveyayinevi.com.tr\/index.php\/urun\/dogal-hukuk\/"},"modified":"2025-11-21T08:49:55","modified_gmt":"2025-11-21T05:49:55","slug":"dogal-hukuk","status":"publish","type":"product","link":"https:\/\/roveyayinevi.com.tr\/index.php\/urun\/dogal-hukuk\/","title":{"rendered":"Do\u011fal Hukuk"},"content":{"rendered":"<p>Do\u011fal Hukuk: Hukuk Felsefesine Bir Giri\u015f, do\u011fal hukukun tarihine ve g\u00fcn\u00fcm\u00fczde de devam eden felsefi de\u011ferine dair \u00f6nemli bir \u00e7al\u0131\u015fmad\u0131r. D\u2019Entreves, do\u011fal hukukun geli\u015fimine katk\u0131da bulunan \u00fc\u00e7 farkl\u0131 kayna\u011f\u0131 i\u015faret eder: Roma hukukunun \u00f6\u011fretileri, H\u0131ristiyanl\u0131\u011f\u0131n hukuka ili\u015fkin inan\u00e7lar\u0131 ve Ayd\u0131nlanma&#8217;n\u0131n e\u015fitlik\u00e7i ve devrimci teorileri. Yazar, bu \u00fc\u00e7 \u00f6nemli kayna\u011f\u0131 do\u011fal hukukun bir tarihini sunmak i\u00e7in \u00f6ne \u00e7\u0131karmaz. Ona g\u00f6re tarihsel geli\u015fime tabi s\u00fcrekli bir do\u011fal hukuk d\u00fc\u015f\u00fcncesi yoktur; bilakis \u00e7ok farkl\u0131 do\u011fal hukuklar vard\u0131r. \u00d6yleyse bu tespitin ard\u0131ndan yap\u0131lmas\u0131 gereken, b\u00fct\u00fcn bu farkl\u0131l\u0131klara ra\u011fmen g\u00f6rd\u00fc\u011f\u00fc hangi i\u015flevin do\u011fal hukuku farkl\u0131 bi\u00e7imler-de de olsa s\u00fcrekli hukukbilimin merkezine getirdi\u011fidir. Son k\u0131rk y\u0131lda Anglo-Amerikan hukuk teorisinin seyrinde iz b\u0131rakm\u0131\u015f olan Do\u011fal Hukuk art\u0131k klasikle\u015fmi\u015f bir \u00e7al\u0131\u015fma olarak kabul ediliyor. Kitap, modern hukukun ve siyasetin temel \u00f6\u011feleri olarak kabul edilen bir\u00e7ok konunun, esasen geleneksel olarak do\u011fal hukuk ba\u015fl\u0131\u011f\u0131 alt\u0131nda tart\u0131\u015f\u0131lm\u0131\u015f olan konular oldu\u011funu belirterek, okuru, do\u011fal hukuk d\u00fc\u015f\u00fcncesinin hakk\u0131n\u0131 vermeye \u00e7a\u011f\u0131r\u0131yor.<\/p>\n","protected":false},"excerpt":{"rendered":"<p>Do\u011fal Hukuk: Hukuk Felsefesine Bir Giri\u015f, do\u011fal hukukun tarihine ve g\u00fcn\u00fcm\u00fczde de devam eden felsefi de\u011ferine dair \u00f6nemli bir \u00e7al\u0131\u015fmad\u0131r. D\u2019Entreves, do\u011fal hukukun geli\u015fimine katk\u0131da bulunan<span class=\"excerpt-hellip\"> [\u2026]<\/span><\/p>\n","protected":false},"featured_media":0,"template":"","meta":{"_monsterinsights_skip_tracking":false,"_monsterinsights_sitenote_active":false,"_monsterinsights_sitenote_note":"","_monsterinsights_sitenote_category":0},"product_brand":[],"product_cat":[15350],"product_tag":[],"class_list":{"0":"post-747725","1":"product","2":"type-product","3":"status-publish","5":"product_cat-hukuk","6":"pa_cilt-ciltsiz","7":"pa_tur-kitap","8":"pa_yayinevi-zoe-kitap","9":"pa_yazar-alessandro-passerin-dentreves","11":"first","12":"instock","13":"sale","14":"shipping-taxable","15":"purchasable","16":"product-type-simple"},"_links":{"self":[{"href":"https:\/\/roveyayinevi.com.tr\/index.php\/wp-json\/wp\/v2\/product\/747725","targetHints":{"allow":["GET"]}}],"collection":[{"href":"https:\/\/roveyayinevi.com.tr\/index.php\/wp-json\/wp\/v2\/product"}],"about":[{"href":"https:\/\/roveyayinevi.com.tr\/index.php\/wp-json\/wp\/v2\/types\/product"}],"wp:attachment":[{"href":"https:\/\/roveyayinevi.com.tr\/index.php\/wp-json\/wp\/v2\/media?parent=747725"}],"wp:term":[{"taxonomy":"product_brand","embeddable":true,"href":"https:\/\/roveyayinevi.com.tr\/index.php\/wp-json\/wp\/v2\/product_brand?post=747725"},{"taxonomy":"product_cat","embeddable":true,"href":"https:\/\/roveyayinevi.com.tr\/index.php\/wp-json\/wp\/v2\/product_cat?post=747725"},{"taxonomy":"product_tag","embeddable":true,"href":"https:\/\/roveyayinevi.com.tr\/index.php\/wp-json\/wp\/v2\/product_tag?post=747725"}],"curies":[{"name":"wp","href":"https:\/\/api.w.org\/{rel}","templated":true}]}}