{"id":747724,"date":"2025-08-28T03:13:43","date_gmt":"2025-08-28T00:13:43","guid":{"rendered":"https:\/\/roveyayinevi.com.tr\/index.php\/urun\/dijital-etnografi-ilkeler-yaklasimlar-teknikler\/"},"modified":"2026-04-16T03:00:31","modified_gmt":"2026-04-16T00:00:31","slug":"dijital-etnografi-ilkeler-yaklasimlar-teknikler","status":"publish","type":"product","link":"https:\/\/roveyayinevi.com.tr\/index.php\/urun\/dijital-etnografi-ilkeler-yaklasimlar-teknikler\/","title":{"rendered":"Dijital Etnografi \u0130lkeler, Yakla\u015f\u0131mlar, Teknikler"},"content":{"rendered":"<p>Dijital sahalar\u0131n her ge\u00e7en g\u00fcn geni\u015fledi\u011fi son y\u0131llarda bu alanlar\u0131n ara\u015ft\u0131r\u0131lmas\u0131na duyulan ihtiya\u00e7 artarken, y\u00f6ntem konusunda yeni yakla\u015f\u0131mlar g\u00fcndeme gelmekte ve enformasyon-zengin bu sahalar\u0131n yo\u011fun teknik repertuvarlarla incelenmesi ara\u015ft\u0131rmac\u0131lara cazip gelmektedir. Bir taraftan nicel y\u00f6ntemler ve ara\u00e7larda ortaya \u00e7\u0131kan yeni olanaklar enformasyonun h\u0131zl\u0131 ak\u0131\u015f\u0131n\u0131 yakalamaya \u00e7al\u0131\u015f\u0131rken, di\u011fer taraftan da bir hermen\u00f6tik geli\u015ftirebilmek ve sosyal fenomenleri derinlemesine inceleyebilmek i\u00e7in nitel ara\u015ft\u0131rma y\u00f6ntemlerinin ge\u00e7mi\u015fte hi\u00e7 olmad\u0131\u011f\u0131 kadar yayg\u0131nla\u015ft\u0131\u011f\u0131 g\u00f6r\u00fclmektedir. Dijital etnografi y\u00f6ntemi \u00fczerine ger\u00e7ekle\u015fen bu \u00e7al\u0131\u015fman\u0131n analiti\u011fi, etnografiyi ve dijital etnografiyi kendi do\u011falar\u0131 gere\u011fi \u201ckavramsal\u201d ve \u201cy\u00f6ntemsel\u201d olarak ikiye ay\u0131rarak inceleme \u00fczerine kuruludur. Dijital etnografiden \u00f6nce ilk b\u00f6l\u00fcmde \u00f6zet olarak etnografi ele al\u0131nmakta, b\u00f6ylece dijital etnografinin teorik ve y\u00f6ntemsel bak\u0131\u015f a\u00e7\u0131s\u0131n\u0131 belirleyen metodolojik ve kavramsal d\u00f6n\u00fc\u015f\u00fcm\u00fcn temelleriyle geleneksel etnografi kar\u015f\u0131la\u015ft\u0131rmas\u0131 m\u00fcmk\u00fcn olabilmektedir. \u0130kinci b\u00f6l\u00fcmde ise dijital etnografinin de i\u00e7inde bulundu\u011fu internet \u00e7al\u0131\u015fmalar\u0131 ve bilgisayar dolay\u0131ml\u0131 ileti\u015fim \u00e7at\u0131s\u0131 alt\u0131nda ara\u015ft\u0131rma metodolojisinin kavramsal ve metodolojik unsurlar\u0131 ele al\u0131nmakta, interneti bir fenomen veya saha olarak inceleyen yakla\u015f\u0131mlara y\u00f6nelik bir bak\u0131\u015f olu\u015fturulmaya \u00e7al\u0131\u015f\u0131lmaktad\u0131r. <\/p>\n","protected":false},"excerpt":{"rendered":"<p>Dijital sahalar\u0131n her ge\u00e7en g\u00fcn geni\u015fledi\u011fi son y\u0131llarda bu alanlar\u0131n ara\u015ft\u0131r\u0131lmas\u0131na duyulan ihtiya\u00e7 artarken, y\u00f6ntem konusunda yeni yakla\u015f\u0131mlar g\u00fcndeme gelmekte ve enformasyon-zengin bu sahalar\u0131n yo\u011fun teknik<span class=\"excerpt-hellip\"> [\u2026]<\/span><\/p>\n","protected":false},"featured_media":0,"template":"","meta":{"_monsterinsights_skip_tracking":false,"_monsterinsights_sitenote_active":false,"_monsterinsights_sitenote_note":"","_monsterinsights_sitenote_category":0},"product_brand":[],"product_cat":[13005,37328],"product_tag":[],"class_list":{"0":"post-747724","1":"product","2":"type-product","3":"status-publish","5":"product_cat-bilim-muhendislik","6":"product_cat-diger-bilim-muhendislik","7":"pa_cilt-ciltsiz","8":"pa_tur-kitap","9":"pa_yayinevi-istanbul-bilgi-universitesi-yayinlari","10":"pa_yazar-f-nesrin-yarar-aksoy","12":"first","13":"instock","14":"sale","15":"shipping-taxable","16":"purchasable","17":"product-type-simple"},"_links":{"self":[{"href":"https:\/\/roveyayinevi.com.tr\/index.php\/wp-json\/wp\/v2\/product\/747724","targetHints":{"allow":["GET"]}}],"collection":[{"href":"https:\/\/roveyayinevi.com.tr\/index.php\/wp-json\/wp\/v2\/product"}],"about":[{"href":"https:\/\/roveyayinevi.com.tr\/index.php\/wp-json\/wp\/v2\/types\/product"}],"wp:attachment":[{"href":"https:\/\/roveyayinevi.com.tr\/index.php\/wp-json\/wp\/v2\/media?parent=747724"}],"wp:term":[{"taxonomy":"product_brand","embeddable":true,"href":"https:\/\/roveyayinevi.com.tr\/index.php\/wp-json\/wp\/v2\/product_brand?post=747724"},{"taxonomy":"product_cat","embeddable":true,"href":"https:\/\/roveyayinevi.com.tr\/index.php\/wp-json\/wp\/v2\/product_cat?post=747724"},{"taxonomy":"product_tag","embeddable":true,"href":"https:\/\/roveyayinevi.com.tr\/index.php\/wp-json\/wp\/v2\/product_tag?post=747724"}],"curies":[{"name":"wp","href":"https:\/\/api.w.org\/{rel}","templated":true}]}}