{"id":747723,"date":"2025-08-28T03:13:42","date_gmt":"2025-08-28T00:13:42","guid":{"rendered":"https:\/\/roveyayinevi.com.tr\/index.php\/urun\/toplumsal-arastirma-yontemleri-icin-bir-rehber-gereklilikler-sinirliliklar-ve-incelikler\/"},"modified":"2025-11-06T08:45:43","modified_gmt":"2025-11-06T05:45:43","slug":"toplumsal-arastirma-yontemleri-icin-bir-rehber-gereklilikler-sinirliliklar-ve-incelikler","status":"publish","type":"product","link":"https:\/\/roveyayinevi.com.tr\/index.php\/urun\/toplumsal-arastirma-yontemleri-icin-bir-rehber-gereklilikler-sinirliliklar-ve-incelikler\/","title":{"rendered":"Toplumsal Ara\u015ft\u0131rma Y\u00f6ntemleri \u0130\u00e7in Bir Rehber : Gereklilikler, S\u0131n\u0131rl\u0131l\u0131klar ve \u0130ncelikler"},"content":{"rendered":"<p>\u201cT\u00fcm y\u00f6ntemsel tart\u0131\u015fmalar kuramsald\u0131r\u201d c\u00fcmlesine ger\u00e7ekten inanan iki sosyal bilimci olarak, bu kitapta kuram\u0131 d\u00fc\u015f\u00fcnmeye, tart\u0131\u015fman\u0131n nas\u0131l bir kuramsal \u00e7er\u00e7eveden kurguland\u0131\u011f\u0131n\u0131 anlaman\u0131n gereklili\u011fine vurgu yapmaya \u00e7al\u0131\u015ft\u0131k. Kuramla kurulan bu ili\u015fki; bu alanda ilgili yaz\u0131na da referansla bilginin nas\u0131l olu\u015ftu\u011funu; en ki\u015fisel kayg\u0131lardan ilham alan bir ara\u015ft\u0131rma sorusunda dahi, \u00f6zel isimleri paranteze ald\u0131\u011f\u0131m\u0131zda hangi kuramsal bilgiye katk\u0131 sunmaya \u00e7al\u0131\u015ft\u0131\u011f\u0131m\u0131z\u0131 anlama gayretidir. Sorular e\u015fli\u011finde en temelde neyi merak etti\u011fimizi ve bu meraktan yola \u00e7\u0131karak, nas\u0131l bir ara\u015ft\u0131rma sorusu ve \u00f6nerisi geli\u015ftirmemiz gerekti\u011fini netle\u015ftirmeye \u00e7al\u0131\u015f\u0131yoruz. Buna istinaden de uygun y\u00f6ntemi ya da y\u00f6ntemleri d\u00fc\u015f\u00fcn\u00fcyoruz. Bu noktada yapt\u0131\u011f\u0131m\u0131z i\u015fin \u201czanaat\u201d k\u0131sm\u0131 devreye giriyor. Veriye, ampirik olana kar\u015f\u0131 \u015f\u00fcphecilik asl\u0131nda daha iyiye, daha do\u011fru y\u00f6ntemleri geli\u015ftirmeye bizleri y\u00f6neltiyor. Y\u00f6ntem ara\u00e7lar\u0131nda dikkat edilmesi gerekenleri; sorunun nas\u0131l soruldu\u011fundan yan\u0131t\u0131n nas\u0131l verildi\u011fine kadar t\u00fcm ara\u00e7lar\u0131 anlat\u0131rken yapt\u0131\u011f\u0131m\u0131z bir\u00e7ok \u00e7al\u0131\u015fmaya referansla detayland\u0131rmaya gayret ediyoruz. Tam da bu farkl\u0131 \u00f6rnek \u00e7e\u015fitlili\u011fi ve baz\u0131 a\u00e7\u0131lardan \u201cpeki ama nas\u0131l daha az hata yapar\u0131z?\u201d sorusuna vermeye \u00e7al\u0131\u015ft\u0131\u011f\u0131m\u0131z yan\u0131t bizi bu kitab\u0131 yazmaya y\u00f6neltti. Zaman da d\u00e2hil olmak \u00fczere k\u0131s\u0131tl\u0131 kaynaklar ve imk\u00e2nlar\u0131 da g\u00f6z \u00f6n\u00fcne alarak; \u00e7eviri olmayan veya daha \u00e7ok ilgili yaz\u0131n\u0131n T\u00fcrk\u00e7e derlenmesi \u015feklinde organize edilmeyen, okuru sorularla d\u00fc\u015f\u00fcnme yolculu\u011funa davet eden ve her bir ara\u015ft\u0131rmas\u0131nda kullanaca\u011f\u0131 ara\u00e7lar i\u00e7in tekrar tekrar bak\u0131p faydalanaca\u011f\u0131 bir el kitab\u0131 hayal ettik. Bu nedenle de kitab\u0131 m\u00fcmk\u00fcn oldu\u011funca konu\u015fma dilinde, \u00e7ok fazla referansa bo\u011fmadan ve \u00f6zellikle alandaki ihtiya\u00e7lara yan\u0131t verebilecek \u015fekilde toplumsal ara\u015ft\u0131rmalarda bir rehber olmas\u0131 hedefi ile kaleme ald\u0131k. <\/p>\n","protected":false},"excerpt":{"rendered":"<p>\u201cT\u00fcm y\u00f6ntemsel tart\u0131\u015fmalar kuramsald\u0131r\u201d c\u00fcmlesine ger\u00e7ekten inanan iki sosyal bilimci olarak, bu kitapta kuram\u0131 d\u00fc\u015f\u00fcnmeye, tart\u0131\u015fman\u0131n nas\u0131l bir kuramsal \u00e7er\u00e7eveden kurguland\u0131\u011f\u0131n\u0131 anlaman\u0131n gereklili\u011fine vurgu yapmaya \u00e7al\u0131\u015ft\u0131k.<span class=\"excerpt-hellip\"> [\u2026]<\/span><\/p>\n","protected":false},"featured_media":0,"template":"","meta":{"_monsterinsights_skip_tracking":false,"_monsterinsights_sitenote_active":false,"_monsterinsights_sitenote_note":"","_monsterinsights_sitenote_category":0},"product_brand":[],"product_cat":[52477],"product_tag":[],"class_list":{"0":"post-747723","1":"product","2":"type-product","3":"status-publish","5":"product_cat-arastirma","6":"pa_cilt-ciltsiz","7":"pa_tur-kitap","8":"pa_yayinevi-istanbul-bilgi-universitesi-yayinlari","9":"pa_yazar-pinar-uyan-semerci-emre-erdogan","11":"first","12":"instock","13":"sale","14":"shipping-taxable","15":"purchasable","16":"product-type-simple"},"_links":{"self":[{"href":"https:\/\/roveyayinevi.com.tr\/index.php\/wp-json\/wp\/v2\/product\/747723","targetHints":{"allow":["GET"]}}],"collection":[{"href":"https:\/\/roveyayinevi.com.tr\/index.php\/wp-json\/wp\/v2\/product"}],"about":[{"href":"https:\/\/roveyayinevi.com.tr\/index.php\/wp-json\/wp\/v2\/types\/product"}],"wp:attachment":[{"href":"https:\/\/roveyayinevi.com.tr\/index.php\/wp-json\/wp\/v2\/media?parent=747723"}],"wp:term":[{"taxonomy":"product_brand","embeddable":true,"href":"https:\/\/roveyayinevi.com.tr\/index.php\/wp-json\/wp\/v2\/product_brand?post=747723"},{"taxonomy":"product_cat","embeddable":true,"href":"https:\/\/roveyayinevi.com.tr\/index.php\/wp-json\/wp\/v2\/product_cat?post=747723"},{"taxonomy":"product_tag","embeddable":true,"href":"https:\/\/roveyayinevi.com.tr\/index.php\/wp-json\/wp\/v2\/product_tag?post=747723"}],"curies":[{"name":"wp","href":"https:\/\/api.w.org\/{rel}","templated":true}]}}