{"id":747722,"date":"2025-08-28T03:13:40","date_gmt":"2025-08-28T00:13:40","guid":{"rendered":"https:\/\/roveyayinevi.com.tr\/index.php\/urun\/bulutcelen-kuslari\/"},"modified":"2026-04-08T03:07:26","modified_gmt":"2026-04-08T00:07:26","slug":"bulutcelen-kuslari","status":"publish","type":"product","link":"https:\/\/roveyayinevi.com.tr\/index.php\/urun\/bulutcelen-kuslari\/","title":{"rendered":"Bulut\u00e7elen Ku\u015flar\u0131"},"content":{"rendered":"<p>Kendilerini bukalemunlar gibi gizleyen Bulut\u00e7elen Ku\u015flar\u0131, bulutlar\u0131n yan\u0131nda u\u00e7arlarsa beyaz, \u015fehre yakla\u015f\u0131rlarsa renk renk olurlar. Onlar\u0131 g\u00f6rmek \u00f6yle kolay de\u011fildir. G\u00fcn\u00fcn birinde g\u00f6\u00e7 ettikleri \u015fehirde ku\u015flar\u0131n yuva yapmas\u0131 yasaklan\u0131r. A\u011fa\u00e7lardan t\u00fcm ku\u015f yuvalar\u0131 kald\u0131r\u0131lacakt\u0131r. Bulut\u00e7elenler de ba\u015fka bir yere g\u00f6\u00e7 eder ancak arkalar\u0131nda bir yumurta b\u0131rak\u0131rlar. Selmira, Adnan ve Minik Adam yumurtay\u0131 koruyabilecekler mi? Yumurtadan \u00e7\u0131kan yavru ailesiyle bir daha bulu\u015fabilecek mi? Ya\u015fam\u0131 her canl\u0131 i\u00e7in savunmak \u00fczerine g\u00f6n\u00fclleri \u00e7elecek bir hikaye. <\/p>\n","protected":false},"excerpt":{"rendered":"<p>Kendilerini bukalemunlar gibi gizleyen Bulut\u00e7elen Ku\u015flar\u0131, bulutlar\u0131n yan\u0131nda u\u00e7arlarsa beyaz, \u015fehre yakla\u015f\u0131rlarsa renk renk olurlar. Onlar\u0131 g\u00f6rmek \u00f6yle kolay de\u011fildir. G\u00fcn\u00fcn birinde g\u00f6\u00e7 ettikleri \u015fehirde ku\u015flar\u0131n<span class=\"excerpt-hellip\"> [\u2026]<\/span><\/p>\n","protected":false},"featured_media":0,"template":"","meta":{"_monsterinsights_skip_tracking":false,"_monsterinsights_sitenote_active":false,"_monsterinsights_sitenote_note":"","_monsterinsights_sitenote_category":0},"product_brand":[],"product_cat":[12274,12284],"product_tag":[],"class_list":{"0":"post-747722","1":"product","2":"type-product","3":"status-publish","5":"product_cat-cocuk-ve-genclik-kitaplari","6":"product_cat-hikayeler","7":"pa_cilt-ciltsiz","8":"pa_tur-kitap","9":"pa_yayinevi-cinar-yayinlari","10":"pa_yazar-giulia-cocchella","12":"first","13":"instock","14":"sale","15":"shipping-taxable","16":"purchasable","17":"product-type-simple"},"_links":{"self":[{"href":"https:\/\/roveyayinevi.com.tr\/index.php\/wp-json\/wp\/v2\/product\/747722","targetHints":{"allow":["GET"]}}],"collection":[{"href":"https:\/\/roveyayinevi.com.tr\/index.php\/wp-json\/wp\/v2\/product"}],"about":[{"href":"https:\/\/roveyayinevi.com.tr\/index.php\/wp-json\/wp\/v2\/types\/product"}],"wp:attachment":[{"href":"https:\/\/roveyayinevi.com.tr\/index.php\/wp-json\/wp\/v2\/media?parent=747722"}],"wp:term":[{"taxonomy":"product_brand","embeddable":true,"href":"https:\/\/roveyayinevi.com.tr\/index.php\/wp-json\/wp\/v2\/product_brand?post=747722"},{"taxonomy":"product_cat","embeddable":true,"href":"https:\/\/roveyayinevi.com.tr\/index.php\/wp-json\/wp\/v2\/product_cat?post=747722"},{"taxonomy":"product_tag","embeddable":true,"href":"https:\/\/roveyayinevi.com.tr\/index.php\/wp-json\/wp\/v2\/product_tag?post=747722"}],"curies":[{"name":"wp","href":"https:\/\/api.w.org\/{rel}","templated":true}]}}