{"id":747721,"date":"2025-08-28T03:13:39","date_gmt":"2025-08-28T00:13:39","guid":{"rendered":"https:\/\/roveyayinevi.com.tr\/index.php\/urun\/guzel-ork-2\/"},"modified":"2026-04-16T03:00:31","modified_gmt":"2026-04-16T00:00:31","slug":"guzel-ork-2","status":"publish","type":"product","link":"https:\/\/roveyayinevi.com.tr\/index.php\/urun\/guzel-ork-2\/","title":{"rendered":"G\u00fczel Ork &#8211; 2"},"content":{"rendered":"<p>G\u00fczelork baba oldu. B\u00fcy\u00fck mutluluk! K\u00fc\u00e7\u00fck Orkideya, kocaman masmavi g\u00f6zleri, \u00f6rg\u00fcl\u00fc sar\u0131 sa\u00e7lar\u0131 ve melek gibi y\u00fcz\u00fcyle tam bir mucize. Ge\u011firtileriyle binan\u0131n duvarlar\u0131n\u0131 titretmesi, her \u015feyi hapur hupur yemesi ve okulda tam bir ork gibi azmas\u0131 hari\u00e7! B\u00fcy\u00fckbaba Orkeste onunla ve bu huylar\u0131yla gurur duyuyor. G\u00fczelork ise b\u00fcy\u00fckbabay\u0131 Orkideya\u2019dan uzak tutmay\u0131 tercih ediyor. Orkideya\u2019y\u0131 insanlar\u0131n ya\u015fad\u0131\u011f\u0131 bir \u015fehirde iyi bir \u00e7ocuk olarak yeti\u015ftirmek istiyor. Ama ufakl\u0131k ortadan kaybolunca her \u015fey de\u011fi\u015fiveriyor. Orkideya evden mi ka\u00e7t\u0131? Ka\u00e7\u0131r\u0131ld\u0131 m\u0131? Bir an \u00f6nce harekete ge\u00e7mek gerekiyor. Acaba bu kez G\u00fczelork i\u00e7indeki orku ortaya \u00e7\u0131karabilircek mi? Kim bilir\u2026 <\/p>\n","protected":false},"excerpt":{"rendered":"<p>G\u00fczelork baba oldu. B\u00fcy\u00fck mutluluk! K\u00fc\u00e7\u00fck Orkideya, kocaman masmavi g\u00f6zleri, \u00f6rg\u00fcl\u00fc sar\u0131 sa\u00e7lar\u0131 ve melek gibi y\u00fcz\u00fcyle tam bir mucize. Ge\u011firtileriyle binan\u0131n duvarlar\u0131n\u0131 titretmesi, her \u015feyi<span class=\"excerpt-hellip\"> [\u2026]<\/span><\/p>\n","protected":false},"featured_media":0,"template":"","meta":{"_monsterinsights_skip_tracking":false,"_monsterinsights_sitenote_active":false,"_monsterinsights_sitenote_note":"","_monsterinsights_sitenote_category":0},"product_brand":[],"product_cat":[12274,12284],"product_tag":[],"class_list":{"0":"post-747721","1":"product","2":"type-product","3":"status-publish","5":"product_cat-cocuk-ve-genclik-kitaplari","6":"product_cat-hikayeler","7":"pa_cilt-ciltsiz","8":"pa_tur-kitap","9":"pa_yayinevi-cinar-yayinlari","10":"pa_yazar-fabrizio-silei","12":"first","13":"instock","14":"sale","15":"shipping-taxable","16":"purchasable","17":"product-type-simple"},"_links":{"self":[{"href":"https:\/\/roveyayinevi.com.tr\/index.php\/wp-json\/wp\/v2\/product\/747721","targetHints":{"allow":["GET"]}}],"collection":[{"href":"https:\/\/roveyayinevi.com.tr\/index.php\/wp-json\/wp\/v2\/product"}],"about":[{"href":"https:\/\/roveyayinevi.com.tr\/index.php\/wp-json\/wp\/v2\/types\/product"}],"wp:attachment":[{"href":"https:\/\/roveyayinevi.com.tr\/index.php\/wp-json\/wp\/v2\/media?parent=747721"}],"wp:term":[{"taxonomy":"product_brand","embeddable":true,"href":"https:\/\/roveyayinevi.com.tr\/index.php\/wp-json\/wp\/v2\/product_brand?post=747721"},{"taxonomy":"product_cat","embeddable":true,"href":"https:\/\/roveyayinevi.com.tr\/index.php\/wp-json\/wp\/v2\/product_cat?post=747721"},{"taxonomy":"product_tag","embeddable":true,"href":"https:\/\/roveyayinevi.com.tr\/index.php\/wp-json\/wp\/v2\/product_tag?post=747721"}],"curies":[{"name":"wp","href":"https:\/\/api.w.org\/{rel}","templated":true}]}}