{"id":747720,"date":"2025-08-28T03:13:37","date_gmt":"2025-08-28T00:13:37","guid":{"rendered":"https:\/\/roveyayinevi.com.tr\/index.php\/urun\/tuhaf-oykuler\/"},"modified":"2026-04-16T03:00:30","modified_gmt":"2026-04-16T00:00:30","slug":"tuhaf-oykuler","status":"publish","type":"product","link":"https:\/\/roveyayinevi.com.tr\/index.php\/urun\/tuhaf-oykuler\/","title":{"rendered":"Tuhaf \u00d6yk\u00fcler"},"content":{"rendered":"<p>\u201cYapt\u0131\u011f\u0131m \u00e7al\u0131\u015fmayla bir canavar yaratma y\u00f6ntemi geli\u015ftirdim. O do\u011fad\u0131\u015f\u0131 varl\u0131k ise i\u015fimi ve de\u011fer verdi\u011fim ki\u015fileri yok etti. \u00d6z\u00fcmde masum oldu\u011fuma kendimi inand\u0131rmam bo\u015funa. Benimkisi bir haddini a\u015fma su\u00e7u.\u201d Yay\u0131n hayat\u0131na 1920\u2019li y\u0131llarda ABD\u2019de ba\u015flayan ve H. P. Lovecraft, Clark Ashton Smith, Robert Bloch ve Ray Bradbury gibi yazarlar\u0131n kariyerinde \u00f6nemli bir yer kaplayan Weird Tales (Tuhaf \u00d6yk\u00fcler) dergisi, korku edebiyat\u0131 ve fantastik kurgu alan\u0131nda etkileri g\u00fcn\u00fcm\u00fcze kadar uzanan bir gelene\u011fin be\u015fi\u011fi oldu. Derginin ilk d\u00f6nemlerinden se\u00e7me eserlerin bir araya geldi\u011fi bu antolojide Bram Stoker, O Henry, Abraham Merritt, Anthony M. Rud, Henry S. Whitehead ve Robert E. Howard imzal\u0131, halk inan\u0131\u015flar\u0131, b\u00fcy\u00fc, vah\u015fi do\u011fa ve yarat\u0131klar gibi bir\u00e7ok temay\u0131 bar\u0131nd\u0131r\u0131an \u00f6yk\u00fclere korku yazar\u0131 Galip Dursun\u2019un ufuk a\u00e7\u0131c\u0131 \u00f6ns\u00f6z\u00fc e\u015flik ediyor.   \u201cWeird Tales, t\u00fcm fantastik edebiyat dergileri i\u00e7inde en \u00f6nemli ve etkili olan\u0131d\u0131r.\u201d Robert Weinberg <\/p>\n","protected":false},"excerpt":{"rendered":"<p>\u201cYapt\u0131\u011f\u0131m \u00e7al\u0131\u015fmayla bir canavar yaratma y\u00f6ntemi geli\u015ftirdim. O do\u011fad\u0131\u015f\u0131 varl\u0131k ise i\u015fimi ve de\u011fer verdi\u011fim ki\u015fileri yok etti. \u00d6z\u00fcmde masum oldu\u011fuma kendimi inand\u0131rmam bo\u015funa. Benimkisi bir<span class=\"excerpt-hellip\"> [\u2026]<\/span><\/p>\n","protected":false},"featured_media":0,"template":"","meta":{"_monsterinsights_skip_tracking":false,"_monsterinsights_sitenote_active":false,"_monsterinsights_sitenote_note":"","_monsterinsights_sitenote_category":0},"product_brand":[],"product_cat":[12291,14777],"product_tag":[],"class_list":{"0":"post-747720","1":"product","2":"type-product","3":"status-publish","5":"product_cat-edebiyat","6":"product_cat-fantastik","7":"pa_cilt-ciltsiz","8":"pa_tur-kitap","9":"pa_yayinevi-cinar-yayinlari","10":"pa_yazar-kolektif","12":"first","13":"instock","14":"sale","15":"shipping-taxable","16":"purchasable","17":"product-type-simple"},"_links":{"self":[{"href":"https:\/\/roveyayinevi.com.tr\/index.php\/wp-json\/wp\/v2\/product\/747720","targetHints":{"allow":["GET"]}}],"collection":[{"href":"https:\/\/roveyayinevi.com.tr\/index.php\/wp-json\/wp\/v2\/product"}],"about":[{"href":"https:\/\/roveyayinevi.com.tr\/index.php\/wp-json\/wp\/v2\/types\/product"}],"wp:attachment":[{"href":"https:\/\/roveyayinevi.com.tr\/index.php\/wp-json\/wp\/v2\/media?parent=747720"}],"wp:term":[{"taxonomy":"product_brand","embeddable":true,"href":"https:\/\/roveyayinevi.com.tr\/index.php\/wp-json\/wp\/v2\/product_brand?post=747720"},{"taxonomy":"product_cat","embeddable":true,"href":"https:\/\/roveyayinevi.com.tr\/index.php\/wp-json\/wp\/v2\/product_cat?post=747720"},{"taxonomy":"product_tag","embeddable":true,"href":"https:\/\/roveyayinevi.com.tr\/index.php\/wp-json\/wp\/v2\/product_tag?post=747720"}],"curies":[{"name":"wp","href":"https:\/\/api.w.org\/{rel}","templated":true}]}}