{"id":747719,"date":"2025-08-28T03:13:36","date_gmt":"2025-08-28T00:13:36","guid":{"rendered":"https:\/\/roveyayinevi.com.tr\/index.php\/urun\/eger-serisi-6-kitap-set\/"},"modified":"2026-04-16T03:00:30","modified_gmt":"2026-04-16T00:00:30","slug":"eger-serisi-6-kitap-set","status":"publish","type":"product","link":"https:\/\/roveyayinevi.com.tr\/index.php\/urun\/eger-serisi-6-kitap-set\/","title":{"rendered":"E\u011fer&#8230; Serisi (6 Kitap Set)"},"content":{"rendered":"<p>(E\u011fer Bir Fareci\u011fe Kurabiye Verirsen &#8211; E\u011fer Bir Kedici\u011fe Kek Verirsen &#8211; E\u011fer Bir K\u00f6pek\u00e7i\u011fe \u00c7\u00f6rek Verirsen &#8211; E\u011fer Bir Geyik\u00e7i\u011fe Top Kek Verirsen &#8211; E\u011fer Bir Domuzcu\u011fa Parti Verirsen &#8211; E\u011fer Bir Fareci\u011fi Okula G\u00f6t\u00fcr\u00fcrsen)E\u011fer Serisi Seti-6 Kitap Tak\u0131m Kitap A\u00e7\u0131klamas\u0131u sette The New York Times \u00e7ok satanlar unvanl\u0131, \u00e7ocuk kitab\u0131 alan\u0131nda \u00e7ok say\u0131da \u00f6d\u00fcl kazanan, TV i\u00e7in animasyon dizisi yap\u0131lan, bir\u00e7ok dile \u00e7evrilen, d\u00fcnyan\u0131n en \u00e7ok sevilen resimli kitap serilerinden olan &#8220;E\u011fer&#8230;&#8221; serisinin alt\u0131 kitab\u0131n\u0131 birlikte sunuyoruz. Set i\u00e7indeki kitaplar: E\u011fer Bir Fareci\u011fe Kurabiye Verirsen <\/p>\n","protected":false},"excerpt":{"rendered":"<p>(E\u011fer Bir Fareci\u011fe Kurabiye Verirsen &#8211; E\u011fer Bir Kedici\u011fe Kek Verirsen &#8211; E\u011fer Bir K\u00f6pek\u00e7i\u011fe \u00c7\u00f6rek Verirsen &#8211; E\u011fer Bir Geyik\u00e7i\u011fe Top Kek Verirsen &#8211; E\u011fer<span class=\"excerpt-hellip\"> [\u2026]<\/span><\/p>\n","protected":false},"featured_media":0,"template":"","meta":{"_monsterinsights_skip_tracking":false,"_monsterinsights_sitenote_active":false,"_monsterinsights_sitenote_note":"","_monsterinsights_sitenote_category":0},"product_brand":[],"product_cat":[12274,12284],"product_tag":[],"class_list":{"0":"post-747719","1":"product","2":"type-product","3":"status-publish","5":"product_cat-cocuk-ve-genclik-kitaplari","6":"product_cat-hikayeler","7":"pa_cilt-set","8":"pa_tur-kitap","9":"pa_yayinevi-bilgi-yayinevi","10":"pa_yazar-laura-numeroff","12":"first","13":"instock","14":"sale","15":"shipping-taxable","16":"purchasable","17":"product-type-simple"},"_links":{"self":[{"href":"https:\/\/roveyayinevi.com.tr\/index.php\/wp-json\/wp\/v2\/product\/747719","targetHints":{"allow":["GET"]}}],"collection":[{"href":"https:\/\/roveyayinevi.com.tr\/index.php\/wp-json\/wp\/v2\/product"}],"about":[{"href":"https:\/\/roveyayinevi.com.tr\/index.php\/wp-json\/wp\/v2\/types\/product"}],"wp:attachment":[{"href":"https:\/\/roveyayinevi.com.tr\/index.php\/wp-json\/wp\/v2\/media?parent=747719"}],"wp:term":[{"taxonomy":"product_brand","embeddable":true,"href":"https:\/\/roveyayinevi.com.tr\/index.php\/wp-json\/wp\/v2\/product_brand?post=747719"},{"taxonomy":"product_cat","embeddable":true,"href":"https:\/\/roveyayinevi.com.tr\/index.php\/wp-json\/wp\/v2\/product_cat?post=747719"},{"taxonomy":"product_tag","embeddable":true,"href":"https:\/\/roveyayinevi.com.tr\/index.php\/wp-json\/wp\/v2\/product_tag?post=747719"}],"curies":[{"name":"wp","href":"https:\/\/api.w.org\/{rel}","templated":true}]}}