{"id":747714,"date":"2025-08-28T03:13:28","date_gmt":"2025-08-28T00:13:28","guid":{"rendered":"https:\/\/roveyayinevi.com.tr\/index.php\/urun\/gemi\/"},"modified":"2026-04-16T03:00:30","modified_gmt":"2026-04-16T00:00:30","slug":"gemi","status":"publish","type":"product","link":"https:\/\/roveyayinevi.com.tr\/index.php\/urun\/gemi\/","title":{"rendered":"Gemi"},"content":{"rendered":"<p>\u201cBu gemiye d\u00fcnyan\u0131n de\u011fi\u015fik \u00fclkelerinden \u00e7ocuklar al\u0131ponlar\u0131 iyi insanlar olarak yeti\u015ftirdikten sonra kendi do\u011fduklar\u0131topraklar d\u0131\u015f\u0131nda d\u00fcnyan\u0131n herhangi bir yerine, t\u00fcm iklimlerdeve her t\u00fcr toprakta kolayl\u0131kla yeti\u015febilen me\u015fe palamutlar\u0131 gibib\u0131rakaca\u011f\u0131z. Onlardan, b\u0131rak\u0131ld\u0131klar\u0131 yerlerdeki iyi insanlar\u0131nsay\u0131s\u0131n\u0131 \u00e7o\u011faltmalar\u0131n\u0131 bekleyece\u011fiz. Bu, s\u00fct mayalamak gibi&#8230;\u00c7ocuklar\u0131 daha birka\u00e7 ayl\u0131kken gemiye almaya ve onlar\u0131b\u0131rakaca\u011f\u0131m\u0131z topraklarda yeti\u015fmi\u015f, e\u011fitimli, ayd\u0131n, \u015fefkatlikad\u0131nlar\u0131n anneli\u011fi rehberli\u011finde \u00fc\u00e7 ya\u015f\u0131na kadar sevgi doluve doygun \u015fekilde b\u00fcy\u00fctmeye, sonra da anaokulu, ilkokul,ortaokul, lise ve \u00fcniversite e\u011fitim s\u00fcre\u00e7leri i\u00e7inde geli\u015fimlerinisa\u011flamaya karar verdik. Bunlar\u0131n hepsi ama hepsi ayn\u0131 geminin i\u00e7inde&#8230;\u201d D\u00fcnya denizlerinde dolanan bu geminin i\u00e7inde b\u00fcy\u00fcd\u00fcO\u011fuz. Vakti geldi\u011finde b\u0131rak\u0131ld\u0131\u011f\u0131 \u0130stanbul \u015fehri art\u0131kola\u011fan\u00fcst\u00fc g\u00f6kdelenlerle \u00e7evrili bir tarih m\u00fczesiydineredeyse&#8230; Yollarda y\u00fcr\u00fcmeyi, y\u00fcr\u00fcrken \u0131sl\u0131k \u00e7almay\u0131 sevdiama en \u00e7ok zihninde dolanan o melodinin sesini arad\u0131, \u201cSusun garip ku\u015flar \u00f6tmeyin susun, yetimler g\u00fczeli yavrumuyusun&#8230;\u201d Kuca\u011f\u0131nda b\u00fcy\u00fcd\u00fc\u011f\u00fc uzun sa\u00e7l\u0131 kad\u0131n ve onun g\u00f6lgesindegizlendi\u011fini zannetti\u011fi ge\u00e7mi\u015fi oralarda bir yerdeydi&#8230;<\/p>\n","protected":false},"excerpt":{"rendered":"<p>\u201cBu gemiye d\u00fcnyan\u0131n de\u011fi\u015fik \u00fclkelerinden \u00e7ocuklar al\u0131ponlar\u0131 iyi insanlar olarak yeti\u015ftirdikten sonra kendi do\u011fduklar\u0131topraklar d\u0131\u015f\u0131nda d\u00fcnyan\u0131n herhangi bir yerine, t\u00fcm iklimlerdeve her t\u00fcr toprakta kolayl\u0131kla yeti\u015febilen<span class=\"excerpt-hellip\"> [\u2026]<\/span><\/p>\n","protected":false},"featured_media":0,"template":"","meta":{"_monsterinsights_skip_tracking":false,"_monsterinsights_sitenote_active":false,"_monsterinsights_sitenote_note":"","_monsterinsights_sitenote_category":0},"product_brand":[],"product_cat":[12291,50487],"product_tag":[],"class_list":{"0":"post-747714","1":"product","2":"type-product","3":"status-publish","5":"product_cat-edebiyat","6":"product_cat-kurgu","7":"pa_cilt-ciltsiz","8":"pa_tur-kitap","9":"pa_yayinevi-epsilon-yayinlari","10":"pa_yazar-ahmet-erol","12":"first","13":"instock","14":"sale","15":"shipping-taxable","16":"purchasable","17":"product-type-simple"},"_links":{"self":[{"href":"https:\/\/roveyayinevi.com.tr\/index.php\/wp-json\/wp\/v2\/product\/747714","targetHints":{"allow":["GET"]}}],"collection":[{"href":"https:\/\/roveyayinevi.com.tr\/index.php\/wp-json\/wp\/v2\/product"}],"about":[{"href":"https:\/\/roveyayinevi.com.tr\/index.php\/wp-json\/wp\/v2\/types\/product"}],"wp:attachment":[{"href":"https:\/\/roveyayinevi.com.tr\/index.php\/wp-json\/wp\/v2\/media?parent=747714"}],"wp:term":[{"taxonomy":"product_brand","embeddable":true,"href":"https:\/\/roveyayinevi.com.tr\/index.php\/wp-json\/wp\/v2\/product_brand?post=747714"},{"taxonomy":"product_cat","embeddable":true,"href":"https:\/\/roveyayinevi.com.tr\/index.php\/wp-json\/wp\/v2\/product_cat?post=747714"},{"taxonomy":"product_tag","embeddable":true,"href":"https:\/\/roveyayinevi.com.tr\/index.php\/wp-json\/wp\/v2\/product_tag?post=747714"}],"curies":[{"name":"wp","href":"https:\/\/api.w.org\/{rel}","templated":true}]}}