{"id":747713,"date":"2025-08-28T03:13:27","date_gmt":"2025-08-28T00:13:27","guid":{"rendered":"https:\/\/roveyayinevi.com.tr\/index.php\/urun\/messi-hakkinda-her-sey\/"},"modified":"2026-04-16T03:00:30","modified_gmt":"2026-04-16T00:00:30","slug":"messi-hakkinda-her-sey","status":"publish","type":"product","link":"https:\/\/roveyayinevi.com.tr\/index.php\/urun\/messi-hakkinda-her-sey\/","title":{"rendered":"Messi Hakk\u0131nda Her \u015eey"},"content":{"rendered":"<p>Jordi Punt\u00ed, Mozart ve Picasso&#8217;ya benzetilen bir futbolcununoyunundaki g\u00fczelli\u011fi, h\u0131rs\u0131, dehay\u0131 ve tak\u0131nt\u0131y\u0131kelimelere d\u00f6k\u00fcyor.  Leo Messi on \u00fc\u00e7 ya\u015f\u0131nda F.C. Barcelona&#8217;ya kat\u0131ld\u0131\u011f\u0131ndan berifutbolculuk boyutu b\u00fcy\u00fcyerek t\u00fcm zamanlar\u0131n en iyisi h\u00e2line geldi.Herkes Messi olmak istiyor, onun formas\u0131 en \u00e7ok sat\u0131lan forma;onun golleri, YouTube&#8217;ta en \u00e7ok izlenen video. Leo Messi bizi bir\u00e7okkez mutlu etti ve bu kitap da bu mutlulu\u011fu, tamamlama ve uzatmagiri\u015fimidir.Rosario&#8217;da bir \u00e7ocukken att\u0131\u011f\u0131 ilk gollerden serbest vuru\u015flar\u0131nas\u0131l kulland\u0131\u011f\u0131na, Cristiano Ronaldo ile rekabetinden Bar\u00e7a&#8217;dakitak\u0131m arkada\u015flar\u0131yla ili\u015fkisine, bireysel rekorlar\u0131 ve \u00f6d\u00fcllerindentarihi golleri tekrarlama kolayl\u0131\u011f\u0131na kadar her bir b\u00f6l\u00fcm\u00fcn merke-zinde onun fig\u00fcr\u00fc yer al\u0131yor.Punt\u00ed e\u011flenceli, duygusal ve analitik d\u00fczyaz\u0131s\u0131yla bize Messi&#8217;yiizleme ayr\u0131cal\u0131\u011f\u0131n\u0131 yeniden ya\u015fat\u0131yor. Herkesin akl\u0131nda ise \u015fu soru-lar geliyor: Messi emekli oldu\u011funda futbol nas\u0131l olacak? Ve Mes-si&#8217;den sonra biz nas\u0131l olaca\u011f\u0131z? \u201cKatalan edebiyat\u0131nda bir mihenk ta\u015f\u0131.\u201d\u2212Vicen\u00e7 Pag\u00e8s Jord\u00e0, El Peri\u00f3dico &#8220;Hik\u00e2ye yaratmak i\u00e7in m\u00fckemmel bir makine.&#8221;\u2212Ignacio Mart\u00ednez de Pis\u00f3n<\/p>\n","protected":false},"excerpt":{"rendered":"<p>Jordi Punt\u00ed, Mozart ve Picasso&#8217;ya benzetilen bir futbolcununoyunundaki g\u00fczelli\u011fi, h\u0131rs\u0131, dehay\u0131 ve tak\u0131nt\u0131y\u0131kelimelere d\u00f6k\u00fcyor. Leo Messi on \u00fc\u00e7 ya\u015f\u0131nda F.C. Barcelona&#8217;ya kat\u0131ld\u0131\u011f\u0131ndan berifutbolculuk boyutu b\u00fcy\u00fcyerek t\u00fcm<span class=\"excerpt-hellip\"> [\u2026]<\/span><\/p>\n","protected":false},"featured_media":0,"template":"","meta":{"_monsterinsights_skip_tracking":false,"_monsterinsights_sitenote_active":false,"_monsterinsights_sitenote_note":"","_monsterinsights_sitenote_category":0},"product_brand":[],"product_cat":[14009,12291],"product_tag":[],"class_list":{"0":"post-747713","1":"product","2":"type-product","3":"status-publish","5":"product_cat-biyografi-otobiyografi-edebiyat","6":"product_cat-edebiyat","7":"pa_cilt-ciltsiz","8":"pa_tur-kitap","9":"pa_yayinevi-epsilon-yayinlari","10":"pa_yazar-jordi-punti","12":"first","13":"instock","14":"sale","15":"shipping-taxable","16":"purchasable","17":"product-type-simple"},"_links":{"self":[{"href":"https:\/\/roveyayinevi.com.tr\/index.php\/wp-json\/wp\/v2\/product\/747713","targetHints":{"allow":["GET"]}}],"collection":[{"href":"https:\/\/roveyayinevi.com.tr\/index.php\/wp-json\/wp\/v2\/product"}],"about":[{"href":"https:\/\/roveyayinevi.com.tr\/index.php\/wp-json\/wp\/v2\/types\/product"}],"wp:attachment":[{"href":"https:\/\/roveyayinevi.com.tr\/index.php\/wp-json\/wp\/v2\/media?parent=747713"}],"wp:term":[{"taxonomy":"product_brand","embeddable":true,"href":"https:\/\/roveyayinevi.com.tr\/index.php\/wp-json\/wp\/v2\/product_brand?post=747713"},{"taxonomy":"product_cat","embeddable":true,"href":"https:\/\/roveyayinevi.com.tr\/index.php\/wp-json\/wp\/v2\/product_cat?post=747713"},{"taxonomy":"product_tag","embeddable":true,"href":"https:\/\/roveyayinevi.com.tr\/index.php\/wp-json\/wp\/v2\/product_tag?post=747713"}],"curies":[{"name":"wp","href":"https:\/\/api.w.org\/{rel}","templated":true}]}}