{"id":747711,"date":"2025-08-28T03:13:25","date_gmt":"2025-08-28T00:13:25","guid":{"rendered":"https:\/\/roveyayinevi.com.tr\/index.php\/urun\/okul-oncesi-egitimde-pozitif-dusunme-ve-etkinlik-ornekleri\/"},"modified":"2026-04-16T03:00:30","modified_gmt":"2026-04-16T00:00:30","slug":"okul-oncesi-egitimde-pozitif-dusunme-ve-etkinlik-ornekleri","status":"publish","type":"product","link":"https:\/\/roveyayinevi.com.tr\/index.php\/urun\/okul-oncesi-egitimde-pozitif-dusunme-ve-etkinlik-ornekleri\/","title":{"rendered":"Okul \u00d6ncesi E\u011fitimde Pozitif D\u00fc\u015f\u00fcnme ve Etkinlik \u00d6rnekleri"},"content":{"rendered":"<p>Her ge\u00e7en g\u00fcn psikolojik rahats\u0131zl\u0131klar\u0131n t\u00fcm toplumlarda art\u0131\u015f g\u00f6sterdi\u011fi, ya\u015fan\u0131lan bir\u00e7ok olay\u0131n beyin \u00fczerinde negatif etkileri oldu\u011fu ve travmatik olarak alg\u0131lanan durumlar\u0131n ya da negatif d\u00fc\u015f\u00fcncelerin etkilerinin psikolojik rahats\u0131zl\u0131klara yol a\u00e7abildi\u011fi bilinmektedir. Ya\u015fanan her tecr\u00fcbenin ve bu tecr\u00fcbeye ya da \u00f6\u011frenilenlere ili\u015fkin benzer deneyim ve tekrarlar\u0131n beyin yap\u0131s\u0131n\u0131 de\u011fi\u015ftirdi\u011fi, ya\u015fanan ilk deneyim sonucunda yeni sinaptik ba\u011flant\u0131lar olu\u015fmaya ba\u015flad\u0131\u011f\u0131 ve her yeni deneyimin bu ba\u011flant\u0131lar\u0131 geli\u015ftirdi\u011fi, tecr\u00fcbeler artt\u0131k\u00e7a bunun bir a\u011f \u015fekline geldi\u011fi g\u00fcn\u00fcm\u00fczde g\u00f6r\u00fcnt\u00fclenerek ispatlanabilmektedir. A\u011flar\u0131n g\u00fc\u00e7lenmesi, bunun bir yeti\/beceri haline d\u00f6n\u00fc\u015fmesine ve kolayl\u0131kla yap\u0131labilir olmaya ba\u015fland\u0131\u011f\u0131na i\u015faret etmektedir. D\u00fc\u015f\u00fcnceler, duygular, davran\u0131\u015flar, beceriler ve ya\u015fam deneyimleri i\u00e7 i\u00e7edir. Bu ba\u011flamda, e\u011fer beyin \u015fekillendirilebiliyorsa, pozitif psikolojinin de kabul etti\u011fi \u00fczere, \u00f6nleyici e\u011fitimsel tedbirlerle gelecekte -\u00e7ocuklar\u0131m\u0131z\u0131n yeti\u015fkin olaca\u011f\u0131 d\u00f6nemde- daha da artmas\u0131 beklenen psikolojik rahats\u0131zl\u0131klar\u0131n y\u00fczdelik oran\u0131n\u0131 d\u00fc\u015f\u00fcrmek de m\u00fcmk\u00fcn olabilecektir. G\u00fcn\u00fcm\u00fczde, sa\u011fl\u0131kl\u0131 nesiller, \u00fcretken ve ba\u015far\u0131l\u0131 toplumlar i\u00e7in toplumsal ruh sa\u011fl\u0131\u011f\u0131n\u0131 desteklemeye y\u00f6nelik \u00f6nleyici psiko-e\u011fitim \u00e7al\u0131\u015fmalar\u0131n\u0131n b\u00fcy\u00fck \u00f6nemi oldu\u011fu g\u00f6r\u00fc\u015f\u00fc kabul edilmektedir. Mutluluk Sanat\u0131: Pozitif D\u00fc\u015f\u00fcnme ve \u00d6znel \u0130yi Olu\u015f \u00d6\u011fretmen ve Anne E\u011fitimi Projesi, bu ba\u011flamda ger\u00e7ekle\u015ftirilen bir projedir. <\/p>\n","protected":false},"excerpt":{"rendered":"<p>Her ge\u00e7en g\u00fcn psikolojik rahats\u0131zl\u0131klar\u0131n t\u00fcm toplumlarda art\u0131\u015f g\u00f6sterdi\u011fi, ya\u015fan\u0131lan bir\u00e7ok olay\u0131n beyin \u00fczerinde negatif etkileri oldu\u011fu ve travmatik olarak alg\u0131lanan durumlar\u0131n ya da negatif d\u00fc\u015f\u00fcncelerin<span class=\"excerpt-hellip\"> [\u2026]<\/span><\/p>\n","protected":false},"featured_media":0,"template":"","meta":{"_monsterinsights_skip_tracking":false,"_monsterinsights_sitenote_active":false,"_monsterinsights_sitenote_note":"","_monsterinsights_sitenote_category":0},"product_brand":[],"product_cat":[25175,12357],"product_tag":[],"class_list":{"0":"post-747711","1":"product","2":"type-product","3":"status-publish","5":"product_cat-egitim-psikolojisi","6":"product_cat-psikoloji","7":"pa_cilt-ciltsiz","8":"pa_tur-kitap","9":"pa_yayinevi-ani-yayincilik","10":"pa_yazar-kolektif","12":"first","13":"instock","14":"sale","15":"shipping-taxable","16":"purchasable","17":"product-type-simple"},"_links":{"self":[{"href":"https:\/\/roveyayinevi.com.tr\/index.php\/wp-json\/wp\/v2\/product\/747711","targetHints":{"allow":["GET"]}}],"collection":[{"href":"https:\/\/roveyayinevi.com.tr\/index.php\/wp-json\/wp\/v2\/product"}],"about":[{"href":"https:\/\/roveyayinevi.com.tr\/index.php\/wp-json\/wp\/v2\/types\/product"}],"wp:attachment":[{"href":"https:\/\/roveyayinevi.com.tr\/index.php\/wp-json\/wp\/v2\/media?parent=747711"}],"wp:term":[{"taxonomy":"product_brand","embeddable":true,"href":"https:\/\/roveyayinevi.com.tr\/index.php\/wp-json\/wp\/v2\/product_brand?post=747711"},{"taxonomy":"product_cat","embeddable":true,"href":"https:\/\/roveyayinevi.com.tr\/index.php\/wp-json\/wp\/v2\/product_cat?post=747711"},{"taxonomy":"product_tag","embeddable":true,"href":"https:\/\/roveyayinevi.com.tr\/index.php\/wp-json\/wp\/v2\/product_tag?post=747711"}],"curies":[{"name":"wp","href":"https:\/\/api.w.org\/{rel}","templated":true}]}}