{"id":747710,"date":"2025-08-28T03:13:24","date_gmt":"2025-08-28T00:13:24","guid":{"rendered":"https:\/\/roveyayinevi.com.tr\/index.php\/urun\/bebeklikten-ergenlige-iyi-olus-pozitif-dusunme-egitimi\/"},"modified":"2026-04-16T03:00:30","modified_gmt":"2026-04-16T00:00:30","slug":"bebeklikten-ergenlige-iyi-olus-pozitif-dusunme-egitimi","status":"publish","type":"product","link":"https:\/\/roveyayinevi.com.tr\/index.php\/urun\/bebeklikten-ergenlige-iyi-olus-pozitif-dusunme-egitimi\/","title":{"rendered":"Bebeklikten Ergenli\u011fe \u0130yi Olu\u015f Pozitif D\u00fc\u015f\u00fcnme E\u011fitimi"},"content":{"rendered":"<p>Nitelikli nesiller i\u00e7in nitelikli sonu\u00e7lar\u0131n s\u0131rlar\u0131n\u0131 ke\u015ffedin. Hayat\u0131n fayda g\u00f6r\u00fclecek \u015fekilde tasarlanabilmesi her zaman m\u00fcmk\u00fcnd\u00fcr. K\u00fc\u00e7\u00fck ad\u0131mlar b\u00fcy\u00fck sonu\u00e7lara ula\u015ft\u0131r\u0131r. \u0130yi olu\u015f temelde hem bireysel hem evrensel ya\u015famda geli\u015fmeye ve potansiyelini en \u00fcst d\u00fczeyde ger\u00e7ekle\u015ftirmeye y\u00f6nelik bir ger\u00e7ekli\u011fe \u0131\u015f\u0131k tutmaktad\u0131r. \u0130yi olu\u015f sadece iyi hissetmenin yani zihinde inan\u0131lan\u0131n \u00f6tesinde, ger\u00e7ekten ya\u015famda anlam, nitelikli ili\u015fkiler ve yap\u0131c\u0131 \u00e7\u00f6z\u00fcmlerin bile\u015fimine i\u015faret etmektedir. Bu ba\u011flamda, ya\u015fam\u0131n nas\u0131l y\u00f6nlendirildi\u011finin ve belirlenecek olan hedeflerin, bu unsurlar\u0131 en \u00fcst d\u00fczeye \u00e7\u0131karmaya y\u00f6nelik olmas\u0131n\u0131n \u00f6nemi a\u00e7\u0131k\u00e7a ortaya \u00e7\u0131kmaktad\u0131r. <\/p>\n","protected":false},"excerpt":{"rendered":"<p>Nitelikli nesiller i\u00e7in nitelikli sonu\u00e7lar\u0131n s\u0131rlar\u0131n\u0131 ke\u015ffedin. Hayat\u0131n fayda g\u00f6r\u00fclecek \u015fekilde tasarlanabilmesi her zaman m\u00fcmk\u00fcnd\u00fcr. K\u00fc\u00e7\u00fck ad\u0131mlar b\u00fcy\u00fck sonu\u00e7lara ula\u015ft\u0131r\u0131r. \u0130yi olu\u015f temelde hem bireysel hem<span class=\"excerpt-hellip\"> [\u2026]<\/span><\/p>\n","protected":false},"featured_media":0,"template":"","meta":{"_monsterinsights_skip_tracking":false,"_monsterinsights_sitenote_active":false,"_monsterinsights_sitenote_note":"","_monsterinsights_sitenote_category":0},"product_brand":[],"product_cat":[25175,12357],"product_tag":[],"class_list":{"0":"post-747710","1":"product","2":"type-product","3":"status-publish","5":"product_cat-egitim-psikolojisi","6":"product_cat-psikoloji","7":"pa_cilt-ciltsiz","8":"pa_tur-kitap","9":"pa_yayinevi-ani-yayincilik","10":"pa_yazar-kolektif","12":"first","13":"instock","14":"sale","15":"shipping-taxable","16":"purchasable","17":"product-type-simple"},"_links":{"self":[{"href":"https:\/\/roveyayinevi.com.tr\/index.php\/wp-json\/wp\/v2\/product\/747710","targetHints":{"allow":["GET"]}}],"collection":[{"href":"https:\/\/roveyayinevi.com.tr\/index.php\/wp-json\/wp\/v2\/product"}],"about":[{"href":"https:\/\/roveyayinevi.com.tr\/index.php\/wp-json\/wp\/v2\/types\/product"}],"wp:attachment":[{"href":"https:\/\/roveyayinevi.com.tr\/index.php\/wp-json\/wp\/v2\/media?parent=747710"}],"wp:term":[{"taxonomy":"product_brand","embeddable":true,"href":"https:\/\/roveyayinevi.com.tr\/index.php\/wp-json\/wp\/v2\/product_brand?post=747710"},{"taxonomy":"product_cat","embeddable":true,"href":"https:\/\/roveyayinevi.com.tr\/index.php\/wp-json\/wp\/v2\/product_cat?post=747710"},{"taxonomy":"product_tag","embeddable":true,"href":"https:\/\/roveyayinevi.com.tr\/index.php\/wp-json\/wp\/v2\/product_tag?post=747710"}],"curies":[{"name":"wp","href":"https:\/\/api.w.org\/{rel}","templated":true}]}}