{"id":747709,"date":"2025-08-28T03:13:22","date_gmt":"2025-08-28T00:13:22","guid":{"rendered":"https:\/\/roveyayinevi.com.tr\/index.php\/urun\/megaverse\/"},"modified":"2026-04-16T03:00:30","modified_gmt":"2026-04-16T00:00:30","slug":"megaverse","status":"publish","type":"product","link":"https:\/\/roveyayinevi.com.tr\/index.php\/urun\/megaverse\/","title":{"rendered":"Megaverse"},"content":{"rendered":"<p>Tanr\u0131n\u0131n varl\u0131\u011f\u0131 bilimsel olarak kan\u0131tlanabilir mi? Art\u0131k \u00f6lmek zorunda olmad\u0131\u011f\u0131m\u0131z, b\u00fct\u00fcn canl\u0131lar\u0131n denge halinde ve mutlu ya\u015fad\u0131\u011f\u0131 bir d\u00fcnya kurabilir miyiz? D\u00fcnya t\u00fckenmeye y\u00fcz tutmu\u015fken bizi yok olmaktan ne kurtarabilir? Sendeki enerjinin fark\u0131nda m\u0131s\u0131n? Fark\u0131na var\u0131rsan \u00e7ok \u015fey de\u011fi\u015febilir\u2026 Bilime, a\u015fka ve do\u011faya ithaf edilmi\u015f bir roman bu\u2026 Oku, d\u00fc\u015f\u00fcn, sonra olacaklar\u0131 bekle ve g\u00f6r!   \u201cGe\u00e7mi\u015fim hakk\u0131nda \u00f6\u011frendiklerimden sonra kendime gelmem \u00e7ok uzun s\u00fcrd\u00fc. \u00d6zellikle r\u00fcyalar\u0131m pe\u015fimi b\u0131rakm\u0131yordu. Ge\u00e7mi\u015fe ait oldu\u011funu bildi\u011fim bir s\u00fcr\u00fc sahne geceler boyunca g\u00f6zlerimin \u00f6n\u00fcnden ge\u00e7iyordu. Baz\u0131lar\u0131 defalarca tekrarl\u0131yordu, baz\u0131lar\u0131 sadece g\u00f6r\u00fcn\u00fcp kaybolarak bile beni parampar\u00e7a ediyordu. Sabahlar\u0131 uyand\u0131\u011f\u0131mda enkaz gibi oluyordum. Sire b\u00fct\u00fcn bunlar\u0131n normal s\u00fcre\u00e7ler oldu\u011funu; art\u0131k eski benli\u011fimle birle\u015fmeye ba\u015flad\u0131\u011f\u0131m\u0131 s\u00f6yl\u00fcyordu.\u201d   <\/p>\n","protected":false},"excerpt":{"rendered":"<p>Tanr\u0131n\u0131n varl\u0131\u011f\u0131 bilimsel olarak kan\u0131tlanabilir mi? Art\u0131k \u00f6lmek zorunda olmad\u0131\u011f\u0131m\u0131z, b\u00fct\u00fcn canl\u0131lar\u0131n denge halinde ve mutlu ya\u015fad\u0131\u011f\u0131 bir d\u00fcnya kurabilir miyiz? D\u00fcnya t\u00fckenmeye y\u00fcz tutmu\u015fken bizi<span class=\"excerpt-hellip\"> [\u2026]<\/span><\/p>\n","protected":false},"featured_media":0,"template":"","meta":{"_monsterinsights_skip_tracking":false,"_monsterinsights_sitenote_active":false,"_monsterinsights_sitenote_note":"","_monsterinsights_sitenote_category":0},"product_brand":[],"product_cat":[12540,12291],"product_tag":[],"class_list":{"0":"post-747709","1":"product","2":"type-product","3":"status-publish","5":"product_cat-bilim-kurgu","6":"product_cat-edebiyat","7":"pa_cilt-ciltsiz","8":"pa_tur-kitap","9":"pa_yayinevi-eksik-parca-yayinlari","10":"pa_yazar-uzay-gormus","12":"first","13":"instock","14":"sale","15":"shipping-taxable","16":"purchasable","17":"product-type-simple"},"_links":{"self":[{"href":"https:\/\/roveyayinevi.com.tr\/index.php\/wp-json\/wp\/v2\/product\/747709","targetHints":{"allow":["GET"]}}],"collection":[{"href":"https:\/\/roveyayinevi.com.tr\/index.php\/wp-json\/wp\/v2\/product"}],"about":[{"href":"https:\/\/roveyayinevi.com.tr\/index.php\/wp-json\/wp\/v2\/types\/product"}],"wp:attachment":[{"href":"https:\/\/roveyayinevi.com.tr\/index.php\/wp-json\/wp\/v2\/media?parent=747709"}],"wp:term":[{"taxonomy":"product_brand","embeddable":true,"href":"https:\/\/roveyayinevi.com.tr\/index.php\/wp-json\/wp\/v2\/product_brand?post=747709"},{"taxonomy":"product_cat","embeddable":true,"href":"https:\/\/roveyayinevi.com.tr\/index.php\/wp-json\/wp\/v2\/product_cat?post=747709"},{"taxonomy":"product_tag","embeddable":true,"href":"https:\/\/roveyayinevi.com.tr\/index.php\/wp-json\/wp\/v2\/product_tag?post=747709"}],"curies":[{"name":"wp","href":"https:\/\/api.w.org\/{rel}","templated":true}]}}