{"id":747707,"date":"2025-08-28T03:13:19","date_gmt":"2025-08-28T00:13:19","guid":{"rendered":"https:\/\/roveyayinevi.com.tr\/index.php\/urun\/edebiyat-ve-siyaset-yazilari1\/"},"modified":"2026-04-16T03:00:29","modified_gmt":"2026-04-16T00:00:29","slug":"edebiyat-ve-siyaset-yazilari1","status":"publish","type":"product","link":"https:\/\/roveyayinevi.com.tr\/index.php\/urun\/edebiyat-ve-siyaset-yazilari1\/","title":{"rendered":"Edebiyat ve Siyaset Yaz\u0131lar\u0131:1"},"content":{"rendered":"<p>\u00c7a\u011fsay\u0131c\u0131 bir bak\u0131\u015f\u0131n\/d\u00fc\u015f\u00fcn\u00fc\u015f\u00fcn anlat\u0131c\u0131s\u0131d\u0131r \u00d6zdemir \u0130nce. Denemelerine konu edindi\u011fi her insani durum, ya\u015famsal\/sanatsal\/k\u00fclt\u00fcrel ger\u00e7eklik ya\u015fanan zaman\u0131n ruhunu i\u00e7erir. Soran, sorgulayan ele\u015ftirel bak\u0131\u015f\u0131n, temellendirdi\u011fi ayd\u0131nlanma d\u00fc\u015f\u00fcncesi s\u00f6z\u00fcn\/yaz\u0131n\u0131n yarat\u0131c\u0131 iklimini var etmeye d\u00f6n\u00fckt\u00fcr. \u201c&#8230;nesnel d\u00fcnyan\u0131n b\u00fct\u00fcnsel imgesini yaratmak,\u201d dedi\u011fi d\u00fc\u015f\u00fcncenin yaz\u0131da\/ya\u015famdaki yans\u0131malar\u0131n\u0131 ele\u015ftirel bir s\u00f6ylemle ele al\u0131r. \u00d6yle ki; \u00d6zdemir \u0130nce, yaz\u0131nsal\/ele\u015ftirel denemenin modern anlat\u0131da u\u00e7land\u0131\u011f\u0131 birikimi \u00e7a\u011fda\u015f edebiyata ta\u015f\u0131r. \u00dc\u00e7 ciltten olu\u015fan \u201cEdebiyat ve Siyaset Yaz\u0131lar\u0131\u201dn\u0131n ilk kitab\u0131nda yer alan S\u00f6z ve Yaz\u0131, Tarih Ba\u011f\u0131\u015flamaz, bu oylumlu birikimi ta\u015f\u0131yor. Denemelerine yans\u0131yan her bir d\u00fc\u015f\u00fcncesi T\u00fcrkiye ger\u00e7e\u011finin k\u00fclt\u00fcrel atlas\u0131n\u0131 kavramaya d\u00f6n\u00fckt\u00fcr.   Sanat\u0131n g\u00fcncel ve g\u00fcndemde olan sorunlar\u0131n\u0131 ele almas\u0131, \u00fclke ger\u00e7e\u011finde ya\u015fananlar\u0131n bu iklime yans\u0131lar\u0131 onun denemelerinin ana konusudur. \u201cD\u00fc\u015f\u00fcncenin ve felsefenin, sanat ve edebiyat yap\u0131tlar\u0131n\u0131n en b\u00fcy\u00fck d\u00fc\u015fman\u0131n\u0131n zaman oldu\u011fu s\u00f6ylenir ama zaman\u0131n (olmad\u0131\u011f\u0131 i\u00e7in) d\u00fc\u015fman etkisi g\u00f6r\u00fclm\u00fcyor bu yaz\u0131larda. Bu nedenle, 1984 \u2013 1995 y\u0131llar\u0131 aras\u0131nda yazd\u0131\u011f\u0131m yaz\u0131lar, aradan ge\u00e7en onca y\u0131ldan sonra da f\u0131r\u0131ndan yeni \u00e7\u0131km\u0131\u015f gibi taptaze.\u201d \u00d6zdemir \u0130nce <\/p>\n","protected":false},"excerpt":{"rendered":"<p>\u00c7a\u011fsay\u0131c\u0131 bir bak\u0131\u015f\u0131n\/d\u00fc\u015f\u00fcn\u00fc\u015f\u00fcn anlat\u0131c\u0131s\u0131d\u0131r \u00d6zdemir \u0130nce. Denemelerine konu edindi\u011fi her insani durum, ya\u015famsal\/sanatsal\/k\u00fclt\u00fcrel ger\u00e7eklik ya\u015fanan zaman\u0131n ruhunu i\u00e7erir. Soran, sorgulayan ele\u015ftirel bak\u0131\u015f\u0131n, temellendirdi\u011fi ayd\u0131nlanma d\u00fc\u015f\u00fcncesi s\u00f6z\u00fcn\/yaz\u0131n\u0131n<span class=\"excerpt-hellip\"> [\u2026]<\/span><\/p>\n","protected":false},"featured_media":0,"template":"","meta":{"_monsterinsights_skip_tracking":false,"_monsterinsights_sitenote_active":false,"_monsterinsights_sitenote_note":"","_monsterinsights_sitenote_category":0},"product_brand":[],"product_cat":[12777,12291],"product_tag":[],"class_list":{"0":"post-747707","1":"product","2":"type-product","3":"status-publish","5":"product_cat-deneme","6":"product_cat-edebiyat","7":"pa_cilt-ciltsiz","8":"pa_tur-kitap","9":"pa_yayinevi-eksik-parca-yayinlari","10":"pa_yazar-ozdemir-ince","12":"first","13":"instock","14":"sale","15":"shipping-taxable","16":"purchasable","17":"product-type-simple"},"_links":{"self":[{"href":"https:\/\/roveyayinevi.com.tr\/index.php\/wp-json\/wp\/v2\/product\/747707","targetHints":{"allow":["GET"]}}],"collection":[{"href":"https:\/\/roveyayinevi.com.tr\/index.php\/wp-json\/wp\/v2\/product"}],"about":[{"href":"https:\/\/roveyayinevi.com.tr\/index.php\/wp-json\/wp\/v2\/types\/product"}],"wp:attachment":[{"href":"https:\/\/roveyayinevi.com.tr\/index.php\/wp-json\/wp\/v2\/media?parent=747707"}],"wp:term":[{"taxonomy":"product_brand","embeddable":true,"href":"https:\/\/roveyayinevi.com.tr\/index.php\/wp-json\/wp\/v2\/product_brand?post=747707"},{"taxonomy":"product_cat","embeddable":true,"href":"https:\/\/roveyayinevi.com.tr\/index.php\/wp-json\/wp\/v2\/product_cat?post=747707"},{"taxonomy":"product_tag","embeddable":true,"href":"https:\/\/roveyayinevi.com.tr\/index.php\/wp-json\/wp\/v2\/product_tag?post=747707"}],"curies":[{"name":"wp","href":"https:\/\/api.w.org\/{rel}","templated":true}]}}