{"id":747706,"date":"2025-08-28T03:13:17","date_gmt":"2025-08-28T00:13:17","guid":{"rendered":"https:\/\/roveyayinevi.com.tr\/index.php\/urun\/surdurulebilir-iyi-ebeveynlik-uygulamalari\/"},"modified":"2026-04-16T03:00:29","modified_gmt":"2026-04-16T00:00:29","slug":"surdurulebilir-iyi-ebeveynlik-uygulamalari","status":"publish","type":"product","link":"https:\/\/roveyayinevi.com.tr\/index.php\/urun\/surdurulebilir-iyi-ebeveynlik-uygulamalari\/","title":{"rendered":"S\u00fcrd\u00fcr\u00fclebilir \u0130yi Ebeveynlik Uygulamalar\u0131"},"content":{"rendered":"<p>\u00c7a\u011fda\u015f T\u00fcrkiye&#8217;nin ebeveynlik felsefesi S\u00fcrd\u00fcr\u00fclebilir \u0130yi Ebeveynlik; bu topraklarda \u00e7ocuk ye\u015fti\u015ftiren, bug\u00fcn\u00fcn bilgi ve uygulamalar\u0131yla etkile\u015fimde kalan ve bireysel ko\u015fullar\u0131n fark\u0131ndal\u0131\u011f\u0131yla hareket eden bir ebeveynlik anlay\u0131\u015f\u0131d\u0131r. Moda ak\u0131mlar\u0131 sorgulamaya, toplumsal bask\u0131lar\u0131 fark etmeye, annenin, baban\u0131n ve \u00e7ocu\u011fun ki\u015filiklerini g\u00f6z \u00f6n\u00fcnde bulundurmaya, \u00f6zetle d\u00fc\u015f\u00fcnmeye davet eder.Uluslararas\u0131 tan\u0131n\u0131rl\u0131k alm\u0131\u015f S\u00fcrd\u00fcr\u00fclebilir \u0130yi Ebeveynlik yakla\u015f\u0131m\u0131, bu kitapta tam da bunu yap\u0131yor: Uzmanlar ve ebeveynler, bir ki\u015finin se\u00e7i\u011fi bir g\u00fcndem konusu \u00fczerinde tart\u0131\u015fmaya ba\u015flay\u0131p gittik\u00e7e daha felsefi konular\u0131 irdeliyorlar.Annesi \u00e7ocu\u011funa bir \u015faplak ats\u0131n m\u0131? (Ya da \u015fiddet nedir?)Karde\u015f yapmak i\u00e7in \u00e7ocuktan izin almal\u0131 m\u0131? (Ya da \u00e7ocu\u011fun s\u0131n\u0131rlar\u0131 nerededir?)\u00c7ocuklar sosyal medyada payla\u015f\u0131lmal\u0131 m\u0131? (Ya da \u00e7ocuk hakk\u0131 nedir?)Bu ve bunun gibi pek \u00e7ok zor konu, bu kitapta farkl\u0131 g\u00f6r\u00fc\u015fleresahip anneler, babalar ve uzmanlar tarandan ele al\u0131n\u0131yor.Pratik felsefe temelli bu sohbetler yeti\u015fkinlerin hayat g\u00f6r\u00fc\u015f\u00fcn\u00fc geni\u015fledik\u00e7e, ebeveynli\u011fin kalitesi de y\u00fckseliyor.Bu kitap, S\u00fcrd\u00fcr\u00fclebilir \u0130yi Ebeveynlik felsefesinin temellerini ele alan birinci kitab\u0131n devam\u0131 niteli\u011finde.<\/p>\n","protected":false},"excerpt":{"rendered":"<p>\u00c7a\u011fda\u015f T\u00fcrkiye&#8217;nin ebeveynlik felsefesi S\u00fcrd\u00fcr\u00fclebilir \u0130yi Ebeveynlik; bu topraklarda \u00e7ocuk ye\u015fti\u015ftiren, bug\u00fcn\u00fcn bilgi ve uygulamalar\u0131yla etkile\u015fimde kalan ve bireysel ko\u015fullar\u0131n fark\u0131ndal\u0131\u011f\u0131yla hareket eden bir ebeveynlik anlay\u0131\u015f\u0131d\u0131r.<span class=\"excerpt-hellip\"> [\u2026]<\/span><\/p>\n","protected":false},"featured_media":0,"template":"","meta":{"_monsterinsights_skip_tracking":false,"_monsterinsights_sitenote_active":false,"_monsterinsights_sitenote_note":"","_monsterinsights_sitenote_category":0},"product_brand":[],"product_cat":[12777,12291],"product_tag":[],"class_list":{"0":"post-747706","1":"product","2":"type-product","3":"status-publish","5":"product_cat-deneme","6":"product_cat-edebiyat","7":"pa_cilt-ciltsiz","8":"pa_tur-kitap","9":"pa_yayinevi-yeni-insan-yayinlari","10":"pa_yazar-gulus-turkmen","12":"first","13":"instock","14":"sale","15":"shipping-taxable","16":"purchasable","17":"product-type-simple"},"_links":{"self":[{"href":"https:\/\/roveyayinevi.com.tr\/index.php\/wp-json\/wp\/v2\/product\/747706","targetHints":{"allow":["GET"]}}],"collection":[{"href":"https:\/\/roveyayinevi.com.tr\/index.php\/wp-json\/wp\/v2\/product"}],"about":[{"href":"https:\/\/roveyayinevi.com.tr\/index.php\/wp-json\/wp\/v2\/types\/product"}],"wp:attachment":[{"href":"https:\/\/roveyayinevi.com.tr\/index.php\/wp-json\/wp\/v2\/media?parent=747706"}],"wp:term":[{"taxonomy":"product_brand","embeddable":true,"href":"https:\/\/roveyayinevi.com.tr\/index.php\/wp-json\/wp\/v2\/product_brand?post=747706"},{"taxonomy":"product_cat","embeddable":true,"href":"https:\/\/roveyayinevi.com.tr\/index.php\/wp-json\/wp\/v2\/product_cat?post=747706"},{"taxonomy":"product_tag","embeddable":true,"href":"https:\/\/roveyayinevi.com.tr\/index.php\/wp-json\/wp\/v2\/product_tag?post=747706"}],"curies":[{"name":"wp","href":"https:\/\/api.w.org\/{rel}","templated":true}]}}