{"id":747705,"date":"2025-08-28T03:13:15","date_gmt":"2025-08-28T00:13:15","guid":{"rendered":"https:\/\/roveyayinevi.com.tr\/index.php\/urun\/goklerdeki-yazgi\/"},"modified":"2026-04-16T03:00:29","modified_gmt":"2026-04-16T00:00:29","slug":"goklerdeki-yazgi","status":"publish","type":"product","link":"https:\/\/roveyayinevi.com.tr\/index.php\/urun\/goklerdeki-yazgi\/","title":{"rendered":"G\u00f6klerdeki Yazg\u0131"},"content":{"rendered":"<p>Y\u0131ld\u0131zlar\u0131 Hesaplamak roman\u0131yla ba\u015flayan bu s\u0131ra d\u0131\u015f\u0131 alternatif tarih maceras\u0131, G\u00f6klerdeki Yazg\u0131 ile kald\u0131\u011f\u0131 yerden devam ediyor. 1952 y\u0131l\u0131nda d\u00fc\u015fen g\u00f6kta\u015f\u0131n\u0131n yol a\u00e7t\u0131\u011f\u0131 tarihi k\u0131r\u0131lma, Elma York\u2019u hayal dahi edemeyece\u011fi bir yolculu\u011fa \u00e7\u0131kard\u0131. O art\u0131k Ay\u2019a giden ilk kad\u0131n astronottu. Ancak d\u00fcnyada ya\u015famak gitgide zorla\u015f\u0131rken insanl\u0131\u011f\u0131n Ay\u2019dan daha fazlas\u0131na ihtiyac\u0131 vard\u0131, bir gezegene\u2026 \u00c7\u00fcnk\u00fc uygarl\u0131\u011f\u0131m\u0131z\u0131n gelece\u011fi, y\u0131ld\u0131zlarda s\u0131\u011f\u0131n\u0131lacak bir liman bulmaktan ge\u00e7iyordu. Ay g\u00f6revinden aln\u0131n\u0131n ak\u0131yla \u00e7\u0131kan Elma York\u2019un \u00f6n\u00fcndeki yeni hedef Mars\u2019t\u0131. Ne var ki y\u0131llara yay\u0131lacak bu zorlu yolculuk boyunca hem ailesine duydu\u011fu \u00f6zlemi bast\u0131rmak hem de tarihi ve toplumsal \u00f6nyarg\u0131larla ba\u015f etmek zorundayd\u0131. Astronot Kad\u0131n serisinin ikinci roman\u0131 G\u00f6klerdeki Yazg\u0131, uzay\u0131n t\u00fcm so\u011fu\u011funa ra\u011fmen harareti hi\u00e7 dinmeyen bir hayatta kalma hik\u00e2yesi. \u201cMuhte\u015fem bir devam kitab\u0131.\u201d Marzie Reads \u201cBu kitap yaln\u0131zca bilimkurgu severler i\u00e7in de\u011fil.\u201d Caroline Bookbinder <\/p>\n","protected":false},"excerpt":{"rendered":"<p>Y\u0131ld\u0131zlar\u0131 Hesaplamak roman\u0131yla ba\u015flayan bu s\u0131ra d\u0131\u015f\u0131 alternatif tarih maceras\u0131, G\u00f6klerdeki Yazg\u0131 ile kald\u0131\u011f\u0131 yerden devam ediyor. 1952 y\u0131l\u0131nda d\u00fc\u015fen g\u00f6kta\u015f\u0131n\u0131n yol a\u00e7t\u0131\u011f\u0131 tarihi k\u0131r\u0131lma, Elma<span class=\"excerpt-hellip\"> [\u2026]<\/span><\/p>\n","protected":false},"featured_media":0,"template":"","meta":{"_monsterinsights_skip_tracking":false,"_monsterinsights_sitenote_active":false,"_monsterinsights_sitenote_note":"","_monsterinsights_sitenote_category":0},"product_brand":[],"product_cat":[12291,12711],"product_tag":[],"class_list":{"0":"post-747705","1":"product","2":"type-product","3":"status-publish","5":"product_cat-edebiyat","6":"product_cat-roman-oyku","7":"pa_cilt-ciltsiz","8":"pa_tur-kitap","9":"pa_yayinevi-eksik-parca-yayinlari","10":"pa_yazar-marie-robinette-kowal","12":"first","13":"instock","14":"sale","15":"shipping-taxable","16":"purchasable","17":"product-type-simple"},"_links":{"self":[{"href":"https:\/\/roveyayinevi.com.tr\/index.php\/wp-json\/wp\/v2\/product\/747705","targetHints":{"allow":["GET"]}}],"collection":[{"href":"https:\/\/roveyayinevi.com.tr\/index.php\/wp-json\/wp\/v2\/product"}],"about":[{"href":"https:\/\/roveyayinevi.com.tr\/index.php\/wp-json\/wp\/v2\/types\/product"}],"wp:attachment":[{"href":"https:\/\/roveyayinevi.com.tr\/index.php\/wp-json\/wp\/v2\/media?parent=747705"}],"wp:term":[{"taxonomy":"product_brand","embeddable":true,"href":"https:\/\/roveyayinevi.com.tr\/index.php\/wp-json\/wp\/v2\/product_brand?post=747705"},{"taxonomy":"product_cat","embeddable":true,"href":"https:\/\/roveyayinevi.com.tr\/index.php\/wp-json\/wp\/v2\/product_cat?post=747705"},{"taxonomy":"product_tag","embeddable":true,"href":"https:\/\/roveyayinevi.com.tr\/index.php\/wp-json\/wp\/v2\/product_tag?post=747705"}],"curies":[{"name":"wp","href":"https:\/\/api.w.org\/{rel}","templated":true}]}}