{"id":747704,"date":"2025-08-28T03:13:14","date_gmt":"2025-08-28T00:13:14","guid":{"rendered":"https:\/\/roveyayinevi.com.tr\/index.php\/urun\/evreni-anlayan-maymun\/"},"modified":"2026-04-16T03:00:29","modified_gmt":"2026-04-16T00:00:29","slug":"evreni-anlayan-maymun","status":"publish","type":"product","link":"https:\/\/roveyayinevi.com.tr\/index.php\/urun\/evreni-anlayan-maymun\/","title":{"rendered":"Evreni Anlayan Maymun"},"content":{"rendered":"<p>Evreni Anlayan Maymun d\u00fcnyadaki en tuhaf hayvan\u0131n, insan\u0131n \u00f6yk\u00fcs\u00fc. Uzaydan gelen bir bilimsel ara\u015ft\u0131rmac\u0131 t\u00fcr\u00fcm\u00fcz\u00fc nas\u0131l g\u00f6r\u00fcrd\u00fc? Cinsiyet farkl\u0131l\u0131klar\u0131m\u0131z\u0131, cinsel davran\u0131\u015flar\u0131m\u0131z\u0131, fedak\u00e2r e\u011filimlerimizi ve k\u00fclt\u00fcr\u00fcm\u00fcz\u00fc nas\u0131l anlard\u0131? Kitap bu sorular\u0131 iki b\u00fcy\u00fck d\u00fc\u015f\u00fcnce ekol\u00fcnden yararlanarak ele al\u0131yor: Evrimsel psikoloji ve k\u00fclt\u00fcrel evrim teorisi. Kitab\u0131n yol g\u00f6steren varsay\u0131m\u0131, insanlar\u0131n hayvan oldu\u011fu ve t\u00fcm hayvanlar gibi bizim de genlerimizi aktaracak \u015fekilde evrimle\u015fti\u011fimiz. Ancak bir a\u015famadan sonra k\u00fclt\u00fcrel kapasitemiz de evrimle\u015fti. \u0130\u015fte o andan itibaren k\u00fclt\u00fcr kendi i\u00e7inde evrimle\u015fmeye ba\u015flad\u0131. Bu, bizi sadece bir maymun olman\u0131n \u00f6tesine ge\u00e7ip gezegeni yeniden \u015fekillendirebilen, ba\u015fka d\u00fcnyalara seyahat edebilen ve k\u00fc\u00e7\u00fck, ge\u00e7ici bir par\u00e7as\u0131 oldu\u011fumuz u\u00e7suz bucaks\u0131z evreni anlayabilen bir maymuna d\u00f6n\u00fc\u015ft\u00fcrd\u00fc.   \u201c\u0130nsan do\u011fas\u0131n\u0131n evrimin \u0131\u015f\u0131\u011f\u0131nda etkileyici ve zarif bir ke\u015ffi, bir\u00e7ok modern sosyal ve politik ikilemi ayd\u0131nlat\u0131yor.\u201d \u2013 Matt Ridley, K\u0131z\u0131l Krali\u00e7e ve Erdem Pe\u015finde kitaplar\u0131n\u0131n yazar\u0131 \u201c\u0130ster t\u00fcr\u00fcm\u00fcz\u00fcn bir \u00fcyesi olun ister bu gezegenin bask\u0131n ya\u015fam formu kar\u015f\u0131s\u0131nda kafas\u0131 kar\u0131\u015fm\u0131\u015f uzaydan gelmi\u015f bir bilimci, kar\u015f\u0131n\u0131zda insan do\u011fas\u0131na harika bir giri\u015f kitab\u0131 var. \u2026 Bu e\u011flenceli, kolay anla\u015f\u0131l\u0131r, bilimle dolu kitap sizi duygular\u0131n\u0131z, ili\u015fkileriniz ve toplumunuz hakk\u0131nda daha bilgili k\u0131lacak.\u201d \u2013 Geoffrey Miller, Sevi\u015fen Beyin kitab\u0131n\u0131n yazar\u0131 \u201cGen odakl\u0131 bak\u0131\u015f a\u00e7\u0131s\u0131n\u0131n uzun zamand\u0131r g\u00f6rd\u00fc\u011f\u00fcm en iyi g\u00fcncellemesi. Bu kitap, insan do\u011fas\u0131na bak\u0131\u015f\u0131n\u0131z\u0131 tersy\u00fcz ve alt\u00fcst edecek.\u201d \u2013 Susan Blackmore, Mem Makinesi ve Bilin\u00e7: Bir Giri\u015f kitaplar\u0131n\u0131n yazar\u0131 <\/p>\n","protected":false},"excerpt":{"rendered":"<p>Evreni Anlayan Maymun d\u00fcnyadaki en tuhaf hayvan\u0131n, insan\u0131n \u00f6yk\u00fcs\u00fc. Uzaydan gelen bir bilimsel ara\u015ft\u0131rmac\u0131 t\u00fcr\u00fcm\u00fcz\u00fc nas\u0131l g\u00f6r\u00fcrd\u00fc? Cinsiyet farkl\u0131l\u0131klar\u0131m\u0131z\u0131, cinsel davran\u0131\u015flar\u0131m\u0131z\u0131, fedak\u00e2r e\u011filimlerimizi ve k\u00fclt\u00fcr\u00fcm\u00fcz\u00fc nas\u0131l<span class=\"excerpt-hellip\"> [\u2026]<\/span><\/p>\n","protected":false},"featured_media":0,"template":"","meta":{"_monsterinsights_skip_tracking":false,"_monsterinsights_sitenote_active":false,"_monsterinsights_sitenote_note":"","_monsterinsights_sitenote_category":0},"product_brand":[],"product_cat":[13005,13006],"product_tag":[],"class_list":{"0":"post-747704","1":"product","2":"type-product","3":"status-publish","5":"product_cat-bilim-muhendislik","6":"product_cat-populer-bilim","7":"pa_cilt-ciltsiz","8":"pa_tur-kitap","9":"pa_yayinevi-eksik-parca-yayinlari","10":"pa_yazar-steve-stewart-williams","12":"first","13":"instock","14":"sale","15":"shipping-taxable","16":"purchasable","17":"product-type-simple"},"_links":{"self":[{"href":"https:\/\/roveyayinevi.com.tr\/index.php\/wp-json\/wp\/v2\/product\/747704","targetHints":{"allow":["GET"]}}],"collection":[{"href":"https:\/\/roveyayinevi.com.tr\/index.php\/wp-json\/wp\/v2\/product"}],"about":[{"href":"https:\/\/roveyayinevi.com.tr\/index.php\/wp-json\/wp\/v2\/types\/product"}],"wp:attachment":[{"href":"https:\/\/roveyayinevi.com.tr\/index.php\/wp-json\/wp\/v2\/media?parent=747704"}],"wp:term":[{"taxonomy":"product_brand","embeddable":true,"href":"https:\/\/roveyayinevi.com.tr\/index.php\/wp-json\/wp\/v2\/product_brand?post=747704"},{"taxonomy":"product_cat","embeddable":true,"href":"https:\/\/roveyayinevi.com.tr\/index.php\/wp-json\/wp\/v2\/product_cat?post=747704"},{"taxonomy":"product_tag","embeddable":true,"href":"https:\/\/roveyayinevi.com.tr\/index.php\/wp-json\/wp\/v2\/product_tag?post=747704"}],"curies":[{"name":"wp","href":"https:\/\/api.w.org\/{rel}","templated":true}]}}