{"id":747703,"date":"2025-08-28T03:13:12","date_gmt":"2025-08-28T00:13:12","guid":{"rendered":"https:\/\/roveyayinevi.com.tr\/index.php\/urun\/geldigimi-asla-gormedin\/"},"modified":"2026-04-16T03:00:29","modified_gmt":"2026-04-16T00:00:29","slug":"geldigimi-asla-gormedin","status":"publish","type":"product","link":"https:\/\/roveyayinevi.com.tr\/index.php\/urun\/geldigimi-asla-gormedin\/","title":{"rendered":"Geldi\u011fimi Asla G\u00f6rmedin"},"content":{"rendered":"<p>New York Times En \u0130yi Gerilim 2021 Psikopatlarla dolu bir \u00fcniversitede ne yanl\u0131\u015f gidebilir ki? Her \u015fey! Chloe Sevre ile tan\u0131\u015f\u0131n. O al\u0131ml\u0131 bir \u00fcniversitesi \u00f6\u011frencisi ve ayn\u0131 zamanda bir psikopat. Hobileri aras\u0131nda yogalatese gitmek, \u00f6\u011frenci partilerinde da\u011f\u0131tmak ve lise arkada\u015f\u0131 Will Bachman\u2019\u0131 \u00f6ld\u00fcrme planlar\u0131 yapmak var! Chloe, kendisi gibi psikopati e\u011filimleri g\u00f6steren bir grup \u00f6\u011frenciyle birlikte s\u0131ra d\u0131\u015f\u0131 bir klinik ara\u015ft\u0131rmada denek olmay\u0131 kabul eder. Empatiden, korku veya su\u00e7luluk duygusundan yoksun \u00f6\u011frenciler \u00fczerinde yap\u0131lan bu ara\u015ft\u0131rman\u0131n ba\u015f\u0131ndaki \u00fcnl\u00fc psikolog, deneklerinin duygu durumlar\u0131n\u0131 takip edebilmek i\u00e7in onlar\u0131 s\u00fcrekli g\u00f6zetim alt\u0131nda tutmaktad\u0131r. Ancak ara\u015ft\u0131rmaya kat\u0131lan \u00f6\u011frenciler birer birer cinayete kurban gitmeye ba\u015flay\u0131nca i\u015fler kontrolden \u00e7\u0131kar. Avc\u0131yken av durumuna d\u00fc\u015fen ve kendini tehlikeli bir kedi-fare oyunun i\u00e7inde bulan Chloe i\u00e7in art\u0131k t\u00fcm planlar\u0131n\u0131 g\u00f6zden ge\u00e7irme vakti gelmi\u015ftir. Geldi\u011fimi Asla G\u00f6rmedin, sizi bir psikopat\u0131n taraf\u0131n\u0131 tutmaya zorlayacak s\u00fcr\u00fckleyici ve nefes kesici bir roman.   \u201cS\u00fcr\u00fckleyici. Cesur bir yeni yetenekten g\u00f6z kama\u015ft\u0131r\u0131c\u0131 bir \u00e7\u0131k\u0131\u015f.\u201d Tess Gerritsen \u201cSon derece ba\u011f\u0131ml\u0131l\u0131k yap\u0131c\u0131.\u201d Alice Hunter \u201cYepyeni, h\u0131zl\u0131 tempolu ve \u015feytani bir zek\u00e2!\u201d Lisa Gardner <\/p>\n","protected":false},"excerpt":{"rendered":"<p>New York Times En \u0130yi Gerilim 2021 Psikopatlarla dolu bir \u00fcniversitede ne yanl\u0131\u015f gidebilir ki? Her \u015fey! Chloe Sevre ile tan\u0131\u015f\u0131n. O al\u0131ml\u0131 bir \u00fcniversitesi \u00f6\u011frencisi<span class=\"excerpt-hellip\"> [\u2026]<\/span><\/p>\n","protected":false},"featured_media":0,"template":"","meta":{"_monsterinsights_skip_tracking":false,"_monsterinsights_sitenote_active":false,"_monsterinsights_sitenote_note":"","_monsterinsights_sitenote_category":0},"product_brand":[],"product_cat":[12291,12711],"product_tag":[],"class_list":{"0":"post-747703","1":"product","2":"type-product","3":"status-publish","5":"product_cat-edebiyat","6":"product_cat-roman-oyku","7":"pa_cilt-ciltsiz","8":"pa_tur-kitap","9":"pa_yayinevi-eksik-parca-yayinlari","10":"pa_yazar-vera-kurian","12":"first","13":"instock","14":"sale","15":"shipping-taxable","16":"purchasable","17":"product-type-simple"},"_links":{"self":[{"href":"https:\/\/roveyayinevi.com.tr\/index.php\/wp-json\/wp\/v2\/product\/747703","targetHints":{"allow":["GET"]}}],"collection":[{"href":"https:\/\/roveyayinevi.com.tr\/index.php\/wp-json\/wp\/v2\/product"}],"about":[{"href":"https:\/\/roveyayinevi.com.tr\/index.php\/wp-json\/wp\/v2\/types\/product"}],"wp:attachment":[{"href":"https:\/\/roveyayinevi.com.tr\/index.php\/wp-json\/wp\/v2\/media?parent=747703"}],"wp:term":[{"taxonomy":"product_brand","embeddable":true,"href":"https:\/\/roveyayinevi.com.tr\/index.php\/wp-json\/wp\/v2\/product_brand?post=747703"},{"taxonomy":"product_cat","embeddable":true,"href":"https:\/\/roveyayinevi.com.tr\/index.php\/wp-json\/wp\/v2\/product_cat?post=747703"},{"taxonomy":"product_tag","embeddable":true,"href":"https:\/\/roveyayinevi.com.tr\/index.php\/wp-json\/wp\/v2\/product_tag?post=747703"}],"curies":[{"name":"wp","href":"https:\/\/api.w.org\/{rel}","templated":true}]}}