{"id":747701,"date":"2025-08-28T03:13:10","date_gmt":"2025-08-28T00:13:10","guid":{"rendered":"https:\/\/roveyayinevi.com.tr\/index.php\/urun\/iktisat-ve-toplum-dergisi-148-sayi-bolusum-deseni\/"},"modified":"2026-04-16T03:00:29","modified_gmt":"2026-04-16T00:00:29","slug":"iktisat-ve-toplum-dergisi-148-sayi-bolusum-deseni","status":"publish","type":"product","link":"https:\/\/roveyayinevi.com.tr\/index.php\/urun\/iktisat-ve-toplum-dergisi-148-sayi-bolusum-deseni\/","title":{"rendered":"\u0130ktisat ve Toplum Dergisi 148. Say\u0131: B\u00f6l\u00fc\u015f\u00fcm Deseni"},"content":{"rendered":"<p>AKP D\u00f6nemi T\u00fcrkiye\u2019sinin B\u00f6l\u00fc\u015f\u00fcm Deseni \u00dczerine G\u00f6zlemler A.Erin\u00e7 Yeldan   Kalk\u0131nma ve Kentle\u015fme \u0130li\u015fkisi \u00dczerine Baz\u0131 Tart\u0131\u015fmalar ve T\u00fcrkiye Fatma Do\u011fruel, A. Suut Do\u011fruel   Yaral\u0131 Kentler: Do\u011fuda Deprem Kenti Olmak Ahmet Yazar   Fikret \u015eenses An\u0131s\u0131na   T\u00fcrk\u00e7e (Osmanl\u0131ca) Okur i\u00e7in Yaz\u0131lm\u0131\u015f \u0130lk \u201cAlman Tarih\u00e7i Okulu\u201d \u0130ktisat Makalesi: \u0130ktisat Bilimi ve Milli \u0130ktisat Dr. Friedrich Hoffmann   Ortak Politikalar Mutabakat Metni&#8217;ne Bak\u0131\u015f Mahfi E\u011filmez, \u00d6rsan K. \u00d6ymen, Bayram Ali E\u015fiyok, Hakan M\u0131hc\u0131, Ay\u015fe Ka\u015f\u0131k\u0131r\u0131k   T\u00fcrkiye\u2019de Plastik Po\u015fetleri \u00dccretlendirme Politikas\u0131 ve Plastik Po\u015fet Kullan\u0131m\u0131na Etkisi Devrim Dumluda\u011f, G\u00fcl\u015fah Kocakaya   Kim bu Onurlular, Al\u00e7aklar ve Hilek\u00e2rlar? Ece Korkut   T\u00fcrkiye Ekonomi Modeli\u2019nden Lirala\u015fmaya: Bilsay Kuru\u00e7\u2019la R\u00f6portaj B\u00fc\u015fra Akkaya   R\u00f6portaj: Prof. Dr. \u015eebnem \u00dcnal G\u00fcl\u00e7in Elif Y\u00fccel<\/p>\n","protected":false},"excerpt":{"rendered":"<p>AKP D\u00f6nemi T\u00fcrkiye\u2019sinin B\u00f6l\u00fc\u015f\u00fcm Deseni \u00dczerine G\u00f6zlemler A.Erin\u00e7 Yeldan Kalk\u0131nma ve Kentle\u015fme \u0130li\u015fkisi \u00dczerine Baz\u0131 Tart\u0131\u015fmalar ve T\u00fcrkiye Fatma Do\u011fruel, A. Suut Do\u011fruel Yaral\u0131 Kentler: Do\u011fuda<span class=\"excerpt-hellip\"> [\u2026]<\/span><\/p>\n","protected":false},"featured_media":0,"template":"","meta":{"_monsterinsights_skip_tracking":false,"_monsterinsights_sitenote_active":false,"_monsterinsights_sitenote_note":"","_monsterinsights_sitenote_category":0},"product_brand":[],"product_cat":[13527],"product_tag":[],"class_list":{"0":"post-747701","1":"product","2":"type-product","3":"status-publish","5":"product_cat-sureli-yayinlar","6":"pa_cilt-ciltsiz","7":"pa_tur-kitap","8":"pa_yayinevi-efil-yayinevi-dergi","9":"pa_yazar-kolektif","11":"first","12":"instock","13":"sale","14":"shipping-taxable","15":"purchasable","16":"product-type-simple"},"_links":{"self":[{"href":"https:\/\/roveyayinevi.com.tr\/index.php\/wp-json\/wp\/v2\/product\/747701","targetHints":{"allow":["GET"]}}],"collection":[{"href":"https:\/\/roveyayinevi.com.tr\/index.php\/wp-json\/wp\/v2\/product"}],"about":[{"href":"https:\/\/roveyayinevi.com.tr\/index.php\/wp-json\/wp\/v2\/types\/product"}],"wp:attachment":[{"href":"https:\/\/roveyayinevi.com.tr\/index.php\/wp-json\/wp\/v2\/media?parent=747701"}],"wp:term":[{"taxonomy":"product_brand","embeddable":true,"href":"https:\/\/roveyayinevi.com.tr\/index.php\/wp-json\/wp\/v2\/product_brand?post=747701"},{"taxonomy":"product_cat","embeddable":true,"href":"https:\/\/roveyayinevi.com.tr\/index.php\/wp-json\/wp\/v2\/product_cat?post=747701"},{"taxonomy":"product_tag","embeddable":true,"href":"https:\/\/roveyayinevi.com.tr\/index.php\/wp-json\/wp\/v2\/product_tag?post=747701"}],"curies":[{"name":"wp","href":"https:\/\/api.w.org\/{rel}","templated":true}]}}