{"id":747698,"date":"2025-08-28T03:13:03","date_gmt":"2025-08-28T00:13:03","guid":{"rendered":"https:\/\/roveyayinevi.com.tr\/index.php\/urun\/ardic-kusu-ile-renklenen-dunya\/"},"modified":"2026-04-16T03:00:29","modified_gmt":"2026-04-16T00:00:29","slug":"ardic-kusu-ile-renklenen-dunya","status":"publish","type":"product","link":"https:\/\/roveyayinevi.com.tr\/index.php\/urun\/ardic-kusu-ile-renklenen-dunya\/","title":{"rendered":"Ard\u0131\u00e7 Ku\u015fu ile Renklenen D\u00fcnya"},"content":{"rendered":"<p>Renklerin pe\u015finde s\u0131ra d\u0131\u015f\u0131, gizemli ve ko\u015fu\u015fturmal\u0131 bir ser\u00fcvene haz\u0131r m\u0131s\u0131n? Y\u0131ld\u0131zl\u0131 bir g\u00f6kte parlayan y\u0131ld\u0131zlar\u0131, i\u00e7inizi \u0131s\u0131tacak sapsar\u0131 g\u00fcne\u015fi, pamuk gibi yumu\u015fak bulutlar\u0131, masmavi g\u00f6ky\u00fcz\u00fcn\u00fc g\u00f6rmeden bir g\u00fcn ge\u00e7irdi\u011fini d\u00fc\u015f\u00fcnebiliyor musun? Peki, bir g\u00fcn yerle g\u00f6k aras\u0131ndaki t\u00fcm renklerin ya\u011fmurun ya\u011fmas\u0131 ile yok oldu\u011funu, ya\u015fad\u0131klar\u0131 k\u00f6y\u00fcn canl\u0131l\u0131\u011f\u0131n\u0131 kaybedip \u015feffafl\u0131\u011fa mahkum kald\u0131\u011f\u0131n\u0131 g\u00f6ren iki \u00e7ocuk ne yapard\u0131? Kerem ve Ay\u00e7a; renklerin hayatlar\u0131ndan birdenbire kaybolmas\u0131na \u00fcz\u00fcl\u00fcp, k\u00f6ylerinin eskisi gibi reng\u00e2renk ve canl\u0131 h\u00e2le gelmesi i\u00e7in renklerin pe\u015fine d\u00fc\u015ferler. Renkleri ararken onlara pek \u00e7ok canl\u0131, birbirinden farkl\u0131 mek\u00e2nlar e\u015flik eder. Ard\u0131\u00e7 Ku\u015fu ile Renklenen D\u00fcnya; t\u00fcm \u00e7ocuklar\u0131n kendi renklerini, \u0131\u015f\u0131\u011f\u0131n\u0131 ke\u015ffetmeleri i\u00e7in rehber niteli\u011finde bir eser.<\/p>\n","protected":false},"excerpt":{"rendered":"<p>Renklerin pe\u015finde s\u0131ra d\u0131\u015f\u0131, gizemli ve ko\u015fu\u015fturmal\u0131 bir ser\u00fcvene haz\u0131r m\u0131s\u0131n? Y\u0131ld\u0131zl\u0131 bir g\u00f6kte parlayan y\u0131ld\u0131zlar\u0131, i\u00e7inizi \u0131s\u0131tacak sapsar\u0131 g\u00fcne\u015fi, pamuk gibi yumu\u015fak bulutlar\u0131, masmavi g\u00f6ky\u00fcz\u00fcn\u00fc<span class=\"excerpt-hellip\"> [\u2026]<\/span><\/p>\n","protected":false},"featured_media":0,"template":"","meta":{"_monsterinsights_skip_tracking":false,"_monsterinsights_sitenote_active":false,"_monsterinsights_sitenote_note":"","_monsterinsights_sitenote_category":0},"product_brand":[],"product_cat":[12274,12284],"product_tag":[],"class_list":{"0":"post-747698","1":"product","2":"type-product","3":"status-publish","5":"product_cat-cocuk-ve-genclik-kitaplari","6":"product_cat-hikayeler","7":"pa_cilt-ciltsiz","8":"pa_tur-kitap","9":"pa_yayinevi-yeni-insan-yayinlari","10":"pa_yazar-meftun-kocakaya-bayir","12":"first","13":"instock","14":"sale","15":"shipping-taxable","16":"purchasable","17":"product-type-simple"},"_links":{"self":[{"href":"https:\/\/roveyayinevi.com.tr\/index.php\/wp-json\/wp\/v2\/product\/747698","targetHints":{"allow":["GET"]}}],"collection":[{"href":"https:\/\/roveyayinevi.com.tr\/index.php\/wp-json\/wp\/v2\/product"}],"about":[{"href":"https:\/\/roveyayinevi.com.tr\/index.php\/wp-json\/wp\/v2\/types\/product"}],"wp:attachment":[{"href":"https:\/\/roveyayinevi.com.tr\/index.php\/wp-json\/wp\/v2\/media?parent=747698"}],"wp:term":[{"taxonomy":"product_brand","embeddable":true,"href":"https:\/\/roveyayinevi.com.tr\/index.php\/wp-json\/wp\/v2\/product_brand?post=747698"},{"taxonomy":"product_cat","embeddable":true,"href":"https:\/\/roveyayinevi.com.tr\/index.php\/wp-json\/wp\/v2\/product_cat?post=747698"},{"taxonomy":"product_tag","embeddable":true,"href":"https:\/\/roveyayinevi.com.tr\/index.php\/wp-json\/wp\/v2\/product_tag?post=747698"}],"curies":[{"name":"wp","href":"https:\/\/api.w.org\/{rel}","templated":true}]}}