{"id":747686,"date":"2025-08-28T03:12:42","date_gmt":"2025-08-28T00:12:42","guid":{"rendered":"https:\/\/roveyayinevi.com.tr\/index.php\/urun\/ikinci-sans-2\/"},"modified":"2025-11-21T08:49:36","modified_gmt":"2025-11-21T05:49:36","slug":"ikinci-sans-2","status":"publish","type":"product","link":"https:\/\/roveyayinevi.com.tr\/index.php\/urun\/ikinci-sans-2\/","title":{"rendered":"\u0130kinci \u015eans"},"content":{"rendered":"<p>Bitmez dedi\u011fin bu a\u015fk g\u00fcne\u015f bat\u0131nca bitti Yaral\u0131 duygular\u0131m kor ate\u015f gibi da\u011flar. Deli r\u00fczg\u00e2r gibiydi esti savurdu gitti Bu y\u00fczdendir k\u00f6r baht\u0131m gece g\u00fcnd\u00fcz hep a\u011flar.   Bu derdimin derman\u0131 ilac\u0131n ad\u0131 sensin Sevda y\u00fckl\u00fc kalbimin sesi feryad\u0131 sensin Dinledi\u011fim bestenin \u015fark\u0131n\u0131n tad\u0131 sensin D\u00f6nersen bir g\u00fcn bana hayat yeniden \u00e7a\u011flar.   Hadi ara bul beni kulak ver bu s\u00f6z\u00fcme G\u00fcl\u00fc\u015flerim tezelden geliversin y\u00fcz\u00fcme. Yeniden g\u00fcne\u015f do\u011fsun y\u00fcre\u011fime \u00f6z\u00fcme Kader belki de bize ikinci bir \u015fans sa\u011flar. <\/p>\n","protected":false},"excerpt":{"rendered":"<p>Bitmez dedi\u011fin bu a\u015fk g\u00fcne\u015f bat\u0131nca bitti Yaral\u0131 duygular\u0131m kor ate\u015f gibi da\u011flar. Deli r\u00fczg\u00e2r gibiydi esti savurdu gitti Bu y\u00fczdendir k\u00f6r baht\u0131m gece g\u00fcnd\u00fcz hep<span class=\"excerpt-hellip\"> [\u2026]<\/span><\/p>\n","protected":false},"featured_media":0,"template":"","meta":{"_monsterinsights_skip_tracking":false,"_monsterinsights_sitenote_active":false,"_monsterinsights_sitenote_note":"","_monsterinsights_sitenote_category":0},"product_brand":[],"product_cat":[12291,12509],"product_tag":[],"class_list":{"0":"post-747686","1":"product","2":"type-product","3":"status-publish","5":"product_cat-edebiyat","6":"product_cat-siir","7":"pa_cilt-ciltsiz","8":"pa_tur-kitap","9":"pa_yayinevi-semenderkitap-yayinlari","10":"pa_yazar-suna-yilmaz","12":"first","13":"instock","14":"sale","15":"shipping-taxable","16":"purchasable","17":"product-type-simple"},"_links":{"self":[{"href":"https:\/\/roveyayinevi.com.tr\/index.php\/wp-json\/wp\/v2\/product\/747686","targetHints":{"allow":["GET"]}}],"collection":[{"href":"https:\/\/roveyayinevi.com.tr\/index.php\/wp-json\/wp\/v2\/product"}],"about":[{"href":"https:\/\/roveyayinevi.com.tr\/index.php\/wp-json\/wp\/v2\/types\/product"}],"wp:attachment":[{"href":"https:\/\/roveyayinevi.com.tr\/index.php\/wp-json\/wp\/v2\/media?parent=747686"}],"wp:term":[{"taxonomy":"product_brand","embeddable":true,"href":"https:\/\/roveyayinevi.com.tr\/index.php\/wp-json\/wp\/v2\/product_brand?post=747686"},{"taxonomy":"product_cat","embeddable":true,"href":"https:\/\/roveyayinevi.com.tr\/index.php\/wp-json\/wp\/v2\/product_cat?post=747686"},{"taxonomy":"product_tag","embeddable":true,"href":"https:\/\/roveyayinevi.com.tr\/index.php\/wp-json\/wp\/v2\/product_tag?post=747686"}],"curies":[{"name":"wp","href":"https:\/\/api.w.org\/{rel}","templated":true}]}}