{"id":747683,"date":"2025-08-28T03:12:37","date_gmt":"2025-08-28T00:12:37","guid":{"rendered":"https:\/\/roveyayinevi.com.tr\/index.php\/urun\/dunya-nereye-gidiyor\/"},"modified":"2026-04-16T03:00:29","modified_gmt":"2026-04-16T00:00:29","slug":"dunya-nereye-gidiyor","status":"publish","type":"product","link":"https:\/\/roveyayinevi.com.tr\/index.php\/urun\/dunya-nereye-gidiyor\/","title":{"rendered":"D\u00fcnya Nereye Gidiyor"},"content":{"rendered":"<p>\u0130smail \u00d6zmel, iyi bir hukuk adam\u0131, iyi bir \u015fair, iyi bir ara\u015ft\u0131rmac\u0131, iyi yazar ve iyi bir fikir adam\u0131d\u0131r. \u00c7\u0131k\u0131\u015f Yolu adl\u0131 \u00e7al\u0131\u015fmas\u0131 i\u00e7in Kitaba Dair ba\u015fl\u0131\u011f\u0131yla yazd\u0131\u011f\u0131m takdim yaz\u0131s\u0131nda \u201c\u00d6zmel, seksen alt\u0131 y\u0131ll\u0131k bilgi birikiminin ve hayat tecr\u00fcbesinin sonucu olarak ele\u015ftirel bir bak\u0131\u015fla kaleme ald\u0131\u011f\u0131 \u201cMedeniyetler \u00c7at\u0131\u015fmas\u0131 m\u0131\u201d kitab\u0131n\u0131 yay\u0131mlad\u0131ktan sonra ayn\u0131 d\u00fc\u015f\u00fcnceyle ikinci kitap olan \u201c\u00c7\u0131k\u0131\u015f Yolu\u201dnu kaleme alm\u0131\u015ft\u0131r. Bu serinin \u00fc\u00e7\u00fcnc\u00fc kitab\u0131n\u0131 da \u0130smail \u00d6zmel\u2019den sab\u0131rs\u0131zl\u0131kla bekledi\u011fimizi belirtmek isterim.\u201d demi\u015ftim. Anla\u015f\u0131lan o ki bu ifadelerimizden hareketle \u0130smail \u00d6zmel, hukuk bilgisini, siyaset anlay\u0131\u015f\u0131n\u0131 ve hayat tecr\u00fcbesini birle\u015ftirerek \u201cD\u00fcnya Nereye Gidiyor?\u201d ad\u0131yla yeni bir eser daha v\u00fccuda getirdi. \u00c7ok \u00fcretken bir yazar olan \u00d6zmel eserinde, T\u00fcrkiye\u2019nin g\u00fcncel meselleri ile d\u00fcnyan\u0131n g\u00fcncel meselleri \u00e7e\u015fitli ba\u015fl\u0131klar alt\u0131nda ele alarak kendi bilgi birikimiyle yo\u011furup ele\u015ftirel bir g\u00f6zle yorumlam\u0131\u015ft\u0131r. \u201cD\u00fcnya insan idraki ile vard\u0131r.\u201d c\u00fcmlesiyle ba\u015flar ve \u201cVatan ve millet sevgisi ve kayg\u0131s\u0131 ile kaynamayan y\u00fcre\u011fin \u00f6mr\u00fc k\u0131sa, yeme\u011fi tats\u0131z olur.\u201d c\u00fcmlesiyle son bulur. \u0130ki c\u00fcmle aras\u0131nda o kadar \u00e7ok konu ele al\u0131nm\u0131\u015f ki, burada tek tek s\u0131ralamak ve \u00fczerinde d\u00fc\u015f\u00fcncelerimi belirmek m\u00fcmk\u00fcn g\u00f6r\u00fcnm\u00fcyor. \u00c7\u00fcnk\u00fc eseri okumak ve okuduktan sonra \u00fczerinde derin derin d\u00fc\u015f\u00fcnmek gerekiyor. Dolay\u0131s\u0131yla eser \u00fczerinde d\u00fc\u015f\u00fcncelerimi uzun uzun burada belirmek yerine eseri okuyan her okuyucunun kendi d\u00fc\u015f\u00fcncesinin zihninde olu\u015fmas\u0131n\u0131 daha uygun buluyorum. D\u00fc\u015f\u00fcn\u00fcrler, filozoflar pek \u00e7ok konuda yazar, \u00e7izer ve yay\u0131mlar. Fikir adamlar\u0131n\u0131n yazd\u0131klar\u0131 ilgili ki\u015filere tesir edip onlara yol g\u00f6sterici oldu\u011fu muhakkakt\u0131r. Dolay\u0131s\u0131yla bir d\u00fc\u015f\u00fcn\u00fcr olarak \u0130smail \u00d6zmel de hukuki, siyasi ve k\u00fclt\u00fcrel birikimiyle d\u00fcnyadaki ve T\u00fcrkiye\u2019deki g\u00fcncel meselleri ele\u015ftirel bir g\u00f6zle kaleme ald\u0131\u011f\u0131 eserinin okuyucuya tesir edici ve yol g\u00f6sterici olaca\u011f\u0131 d\u00fc\u015f\u00fcncesindeyim.   Prof. Dr. Nedim BAKIRCI <\/p>\n","protected":false},"excerpt":{"rendered":"<p>\u0130smail \u00d6zmel, iyi bir hukuk adam\u0131, iyi bir \u015fair, iyi bir ara\u015ft\u0131rmac\u0131, iyi yazar ve iyi bir fikir adam\u0131d\u0131r. \u00c7\u0131k\u0131\u015f Yolu adl\u0131 \u00e7al\u0131\u015fmas\u0131 i\u00e7in Kitaba Dair<span class=\"excerpt-hellip\"> [\u2026]<\/span><\/p>\n","protected":false},"featured_media":0,"template":"","meta":{"_monsterinsights_skip_tracking":false,"_monsterinsights_sitenote_active":false,"_monsterinsights_sitenote_note":"","_monsterinsights_sitenote_category":0},"product_brand":[],"product_cat":[52477],"product_tag":[],"class_list":{"0":"post-747683","1":"product","2":"type-product","3":"status-publish","5":"product_cat-arastirma","6":"pa_cilt-ciltsiz","7":"pa_tur-kitap","8":"pa_yayinevi-korkut-yayinlari","9":"pa_yazar-ismail-ozmel","11":"first","12":"instock","13":"sale","14":"shipping-taxable","15":"purchasable","16":"product-type-simple"},"_links":{"self":[{"href":"https:\/\/roveyayinevi.com.tr\/index.php\/wp-json\/wp\/v2\/product\/747683","targetHints":{"allow":["GET"]}}],"collection":[{"href":"https:\/\/roveyayinevi.com.tr\/index.php\/wp-json\/wp\/v2\/product"}],"about":[{"href":"https:\/\/roveyayinevi.com.tr\/index.php\/wp-json\/wp\/v2\/types\/product"}],"wp:attachment":[{"href":"https:\/\/roveyayinevi.com.tr\/index.php\/wp-json\/wp\/v2\/media?parent=747683"}],"wp:term":[{"taxonomy":"product_brand","embeddable":true,"href":"https:\/\/roveyayinevi.com.tr\/index.php\/wp-json\/wp\/v2\/product_brand?post=747683"},{"taxonomy":"product_cat","embeddable":true,"href":"https:\/\/roveyayinevi.com.tr\/index.php\/wp-json\/wp\/v2\/product_cat?post=747683"},{"taxonomy":"product_tag","embeddable":true,"href":"https:\/\/roveyayinevi.com.tr\/index.php\/wp-json\/wp\/v2\/product_tag?post=747683"}],"curies":[{"name":"wp","href":"https:\/\/api.w.org\/{rel}","templated":true}]}}