{"id":747681,"date":"2025-08-28T03:12:34","date_gmt":"2025-08-28T00:12:34","guid":{"rendered":"https:\/\/roveyayinevi.com.tr\/index.php\/urun\/cansu-ile-anneannesinden-eglenceli-oyunlar\/"},"modified":"2026-04-13T03:06:48","modified_gmt":"2026-04-13T00:06:48","slug":"cansu-ile-anneannesinden-eglenceli-oyunlar","status":"publish","type":"product","link":"https:\/\/roveyayinevi.com.tr\/index.php\/urun\/cansu-ile-anneannesinden-eglenceli-oyunlar\/","title":{"rendered":"Cansu ile Anneannesinden E\u011flenceli Oyunlar"},"content":{"rendered":"<p>Sayg\u0131de\u011fer anne babalar ve gelece\u011fin mimar\u0131 olan siz minik yavrular\u0131m\u0131z. Bu kitapta hem anne babalar hem de \u00e7ocuklar\u0131n\u0131z sizinle ortak oyunlarda bulu\u015fup teknoloji ba\u011f\u0131ml\u0131l\u0131\u011f\u0131ndan kurtularak, ileride anlatacaklar\u0131 g\u00fczel an\u0131lara imza atacaklar. Kendilerini ke\u015ffedecekler. Siz anne babalar \u00e7ocuklu\u011funuzdaki oyunlar\u0131 hat\u0131rlay\u0131p hik\u00e2yede ge\u00e7en her bir oyunu \u00e7ocuklu\u011funuzla oynayarak \u00e7ok keyifli saatler ge\u00e7ireceksiniz. G\u00fczel y\u00fcrekli \u00e7ocuklar\u0131m; bir nebze de olsa sizlerin hayal d\u00fcnyan\u0131za dokunabilmek, mutlulu\u011funuza ve kendinizi ke\u015ffetmenize katk\u0131 sa\u011flamak beni \u00e7ok mutlu edecektir. E\u011fitimci arkada\u015flar\u0131ma da iyi bir kaynak olaca\u011f\u0131 d\u00fc\u015f\u00fcncesindeyim. Sizi Cansu ve anneannesiyle ba\u015f ba\u015fa b\u0131rak\u0131yorum. <\/p>\n","protected":false},"excerpt":{"rendered":"<p>Sayg\u0131de\u011fer anne babalar ve gelece\u011fin mimar\u0131 olan siz minik yavrular\u0131m\u0131z. Bu kitapta hem anne babalar hem de \u00e7ocuklar\u0131n\u0131z sizinle ortak oyunlarda bulu\u015fup teknoloji ba\u011f\u0131ml\u0131l\u0131\u011f\u0131ndan kurtularak, ileride<span class=\"excerpt-hellip\"> [\u2026]<\/span><\/p>\n","protected":false},"featured_media":0,"template":"","meta":{"_monsterinsights_skip_tracking":false,"_monsterinsights_sitenote_active":false,"_monsterinsights_sitenote_note":"","_monsterinsights_sitenote_category":0},"product_brand":[],"product_cat":[12274,12284],"product_tag":[],"class_list":{"0":"post-747681","1":"product","2":"type-product","3":"status-publish","5":"product_cat-cocuk-ve-genclik-kitaplari","6":"product_cat-hikayeler","7":"pa_cilt-ciltsiz","8":"pa_tur-kitap","9":"pa_yayinevi-efsun-yayincilik","10":"pa_yazar-gulten-erturk","12":"first","13":"instock","14":"sale","15":"shipping-taxable","16":"purchasable","17":"product-type-simple"},"_links":{"self":[{"href":"https:\/\/roveyayinevi.com.tr\/index.php\/wp-json\/wp\/v2\/product\/747681","targetHints":{"allow":["GET"]}}],"collection":[{"href":"https:\/\/roveyayinevi.com.tr\/index.php\/wp-json\/wp\/v2\/product"}],"about":[{"href":"https:\/\/roveyayinevi.com.tr\/index.php\/wp-json\/wp\/v2\/types\/product"}],"wp:attachment":[{"href":"https:\/\/roveyayinevi.com.tr\/index.php\/wp-json\/wp\/v2\/media?parent=747681"}],"wp:term":[{"taxonomy":"product_brand","embeddable":true,"href":"https:\/\/roveyayinevi.com.tr\/index.php\/wp-json\/wp\/v2\/product_brand?post=747681"},{"taxonomy":"product_cat","embeddable":true,"href":"https:\/\/roveyayinevi.com.tr\/index.php\/wp-json\/wp\/v2\/product_cat?post=747681"},{"taxonomy":"product_tag","embeddable":true,"href":"https:\/\/roveyayinevi.com.tr\/index.php\/wp-json\/wp\/v2\/product_tag?post=747681"}],"curies":[{"name":"wp","href":"https:\/\/api.w.org\/{rel}","templated":true}]}}