{"id":747677,"date":"2025-08-28T03:12:27","date_gmt":"2025-08-28T00:12:27","guid":{"rendered":"https:\/\/roveyayinevi.com.tr\/index.php\/urun\/zit-kavramlar-okul-oncesi-egitici-ogretici-oyun-seti\/"},"modified":"2026-04-14T03:06:35","modified_gmt":"2026-04-14T00:06:35","slug":"zit-kavramlar-okul-oncesi-egitici-ogretici-oyun-seti","status":"publish","type":"product","link":"https:\/\/roveyayinevi.com.tr\/index.php\/urun\/zit-kavramlar-okul-oncesi-egitici-ogretici-oyun-seti\/","title":{"rendered":"Z\u0131t Kavramlar Okul \u00d6ncesi E\u011fitici-\u00d6\u011fretici Oyun Seti"},"content":{"rendered":"<p>Okul \u00d6ncesi E\u011fitici &#8211; \u00d6\u011fretici 40 Par\u00e7a Puzzle Oyun SetiPuzzle par\u00e7alar\u0131 \u00fczerine birbirleri ile z\u0131t kavraml\u0131 olan resimleri bularak e\u015fle\u015ftirme oyunudur.Bu oyun \u00e7ocu\u011fun kavramlar\u0131 anlamas\u0131na, Kavramsal d\u00fc\u015f\u00fcnme yetisini geli\u015ftirmesine yard\u0131mc\u0131 olan e\u011fitici bir oyundur.Par\u00e7a Say\u0131s\u0131 40<\/p>\n","protected":false},"excerpt":{"rendered":"<p>Okul \u00d6ncesi E\u011fitici &#8211; \u00d6\u011fretici 40 Par\u00e7a Puzzle Oyun SetiPuzzle par\u00e7alar\u0131 \u00fczerine birbirleri ile z\u0131t kavraml\u0131 olan resimleri bularak e\u015fle\u015ftirme oyunudur.Bu oyun \u00e7ocu\u011fun kavramlar\u0131 anlamas\u0131na, Kavramsal<span class=\"excerpt-hellip\"> [\u2026]<\/span><\/p>\n","protected":false},"featured_media":0,"template":"","meta":{"_monsterinsights_skip_tracking":false,"_monsterinsights_sitenote_active":false,"_monsterinsights_sitenote_note":"","_monsterinsights_sitenote_category":0},"product_brand":[],"product_cat":[12274,90558],"product_tag":[],"class_list":{"0":"post-747677","1":"product","2":"type-product","3":"status-publish","5":"product_cat-cocuk-ve-genclik-kitaplari","6":"product_cat-yapboz-kitaplari","7":"pa_cilt-ciltsiz","8":"pa_tur-kitap20","9":"pa_yayinevi-bumerang-yayinevi","10":"pa_yazar-ck-games","12":"first","13":"instock","14":"sale","15":"shipping-taxable","16":"purchasable","17":"product-type-simple"},"_links":{"self":[{"href":"https:\/\/roveyayinevi.com.tr\/index.php\/wp-json\/wp\/v2\/product\/747677","targetHints":{"allow":["GET"]}}],"collection":[{"href":"https:\/\/roveyayinevi.com.tr\/index.php\/wp-json\/wp\/v2\/product"}],"about":[{"href":"https:\/\/roveyayinevi.com.tr\/index.php\/wp-json\/wp\/v2\/types\/product"}],"wp:attachment":[{"href":"https:\/\/roveyayinevi.com.tr\/index.php\/wp-json\/wp\/v2\/media?parent=747677"}],"wp:term":[{"taxonomy":"product_brand","embeddable":true,"href":"https:\/\/roveyayinevi.com.tr\/index.php\/wp-json\/wp\/v2\/product_brand?post=747677"},{"taxonomy":"product_cat","embeddable":true,"href":"https:\/\/roveyayinevi.com.tr\/index.php\/wp-json\/wp\/v2\/product_cat?post=747677"},{"taxonomy":"product_tag","embeddable":true,"href":"https:\/\/roveyayinevi.com.tr\/index.php\/wp-json\/wp\/v2\/product_tag?post=747677"}],"curies":[{"name":"wp","href":"https:\/\/api.w.org\/{rel}","templated":true}]}}