{"id":747675,"date":"2025-08-28T03:12:24","date_gmt":"2025-08-28T00:12:24","guid":{"rendered":"https:\/\/roveyayinevi.com.tr\/index.php\/urun\/sayilari-ogreniyorum-okul-oncesi-egitici-ogretici-oyun-seti\/"},"modified":"2025-10-29T08:40:20","modified_gmt":"2025-10-29T05:40:20","slug":"sayilari-ogreniyorum-okul-oncesi-egitici-ogretici-oyun-seti","status":"publish","type":"product","link":"https:\/\/roveyayinevi.com.tr\/index.php\/urun\/sayilari-ogreniyorum-okul-oncesi-egitici-ogretici-oyun-seti\/","title":{"rendered":"Say\u0131lar\u0131 \u00d6\u011freniyorum Okul \u00d6ncesi E\u011fitici-\u00d6\u011fretici Oyun Seti"},"content":{"rendered":"<p>Par\u00e7a Say\u0131s\u0131: 45Bu oyun \u00e7ocuklar\u0131n rakamlar\u0131 tan\u0131mas\u0131na, odaklanma ve g\u00f6rsel alg\u0131lama becerisinin geli\u015fmesine yard\u0131mc\u0131 olan e\u011fitici bir oyundur.<\/p>\n","protected":false},"excerpt":{"rendered":"<p>Par\u00e7a Say\u0131s\u0131: 45Bu oyun \u00e7ocuklar\u0131n rakamlar\u0131 tan\u0131mas\u0131na, odaklanma ve g\u00f6rsel alg\u0131lama becerisinin geli\u015fmesine yard\u0131mc\u0131 olan e\u011fitici bir oyundur.<\/p>\n","protected":false},"featured_media":0,"template":"","meta":{"_monsterinsights_skip_tracking":false,"_monsterinsights_sitenote_active":false,"_monsterinsights_sitenote_note":"","_monsterinsights_sitenote_category":0},"product_brand":[],"product_cat":[12274,90558],"product_tag":[],"class_list":{"0":"post-747675","1":"product","2":"type-product","3":"status-publish","5":"product_cat-cocuk-ve-genclik-kitaplari","6":"product_cat-yapboz-kitaplari","7":"pa_cilt-ciltsiz","8":"pa_tur-kitap20","9":"pa_yayinevi-bumerang-yayinevi","10":"pa_yazar-ck-games","12":"first","13":"instock","14":"sale","15":"shipping-taxable","16":"purchasable","17":"product-type-simple"},"_links":{"self":[{"href":"https:\/\/roveyayinevi.com.tr\/index.php\/wp-json\/wp\/v2\/product\/747675","targetHints":{"allow":["GET"]}}],"collection":[{"href":"https:\/\/roveyayinevi.com.tr\/index.php\/wp-json\/wp\/v2\/product"}],"about":[{"href":"https:\/\/roveyayinevi.com.tr\/index.php\/wp-json\/wp\/v2\/types\/product"}],"wp:attachment":[{"href":"https:\/\/roveyayinevi.com.tr\/index.php\/wp-json\/wp\/v2\/media?parent=747675"}],"wp:term":[{"taxonomy":"product_brand","embeddable":true,"href":"https:\/\/roveyayinevi.com.tr\/index.php\/wp-json\/wp\/v2\/product_brand?post=747675"},{"taxonomy":"product_cat","embeddable":true,"href":"https:\/\/roveyayinevi.com.tr\/index.php\/wp-json\/wp\/v2\/product_cat?post=747675"},{"taxonomy":"product_tag","embeddable":true,"href":"https:\/\/roveyayinevi.com.tr\/index.php\/wp-json\/wp\/v2\/product_tag?post=747675"}],"curies":[{"name":"wp","href":"https:\/\/api.w.org\/{rel}","templated":true}]}}