{"id":747674,"date":"2025-08-28T03:12:22","date_gmt":"2025-08-28T00:12:22","guid":{"rendered":"https:\/\/roveyayinevi.com.tr\/index.php\/urun\/hafiza-oyunu-okul-oncesi-oyun-seti\/"},"modified":"2026-04-16T03:00:28","modified_gmt":"2026-04-16T00:00:28","slug":"hafiza-oyunu-okul-oncesi-oyun-seti","status":"publish","type":"product","link":"https:\/\/roveyayinevi.com.tr\/index.php\/urun\/hafiza-oyunu-okul-oncesi-oyun-seti\/","title":{"rendered":"Haf\u0131za Oyunu Okul \u00d6ncesi Oyun Seti"},"content":{"rendered":"<p>Okul \u00d6ncesi E\u011fitici \u00d6\u011fretici 34 Par\u00e7a Puzzle Oyun Seti T\u00fcm kartlar kapal\u0131 ve aral\u0131kl\u0131 olarak dizilir. En k\u00fc\u00e7\u00fck oyuncu 2 kart a\u00e7ar kartlar birbirinin ayn\u0131s\u0131 de\u011filse geri kapatarak s\u0131ray\u0131 di\u011fer oyuncuya verir ayn\u0131 ise 2 kart daha a\u00e7arak devam eder. Oyun sonunda en \u00e7ok kart toplayan kazan\u0131r.* Bu oyun \u00e7ocuklar\u0131n nesneleri tan\u0131mas\u0131na, haf\u0131za, odaklanma ve g\u00f6rsel alg\u0131lama becerisinin geli\u015fmesine yard\u0131mc\u0131 olan e\u011fitici bir oyundur.<\/p>\n","protected":false},"excerpt":{"rendered":"<p>Okul \u00d6ncesi E\u011fitici \u00d6\u011fretici 34 Par\u00e7a Puzzle Oyun Seti T\u00fcm kartlar kapal\u0131 ve aral\u0131kl\u0131 olarak dizilir. En k\u00fc\u00e7\u00fck oyuncu 2 kart a\u00e7ar kartlar birbirinin ayn\u0131s\u0131 de\u011filse<span class=\"excerpt-hellip\"> [\u2026]<\/span><\/p>\n","protected":false},"featured_media":0,"template":"","meta":{"_monsterinsights_skip_tracking":false,"_monsterinsights_sitenote_active":false,"_monsterinsights_sitenote_note":"","_monsterinsights_sitenote_category":0},"product_brand":[],"product_cat":[12274,90558],"product_tag":[],"class_list":{"0":"post-747674","1":"product","2":"type-product","3":"status-publish","5":"product_cat-cocuk-ve-genclik-kitaplari","6":"product_cat-yapboz-kitaplari","7":"pa_cilt-ciltsiz","8":"pa_tur-kitap20","9":"pa_yayinevi-bumerang-yayinevi","10":"pa_yazar-ck-games","12":"first","13":"instock","14":"sale","15":"shipping-taxable","16":"purchasable","17":"product-type-simple"},"_links":{"self":[{"href":"https:\/\/roveyayinevi.com.tr\/index.php\/wp-json\/wp\/v2\/product\/747674","targetHints":{"allow":["GET"]}}],"collection":[{"href":"https:\/\/roveyayinevi.com.tr\/index.php\/wp-json\/wp\/v2\/product"}],"about":[{"href":"https:\/\/roveyayinevi.com.tr\/index.php\/wp-json\/wp\/v2\/types\/product"}],"wp:attachment":[{"href":"https:\/\/roveyayinevi.com.tr\/index.php\/wp-json\/wp\/v2\/media?parent=747674"}],"wp:term":[{"taxonomy":"product_brand","embeddable":true,"href":"https:\/\/roveyayinevi.com.tr\/index.php\/wp-json\/wp\/v2\/product_brand?post=747674"},{"taxonomy":"product_cat","embeddable":true,"href":"https:\/\/roveyayinevi.com.tr\/index.php\/wp-json\/wp\/v2\/product_cat?post=747674"},{"taxonomy":"product_tag","embeddable":true,"href":"https:\/\/roveyayinevi.com.tr\/index.php\/wp-json\/wp\/v2\/product_tag?post=747674"}],"curies":[{"name":"wp","href":"https:\/\/api.w.org\/{rel}","templated":true}]}}