{"id":747672,"date":"2025-08-28T03:12:19","date_gmt":"2025-08-28T00:12:19","guid":{"rendered":"https:\/\/roveyayinevi.com.tr\/index.php\/urun\/kucuk-kasifin-boyama-kitabi-seti12-kitap\/"},"modified":"2026-04-16T03:00:28","modified_gmt":"2026-04-16T00:00:28","slug":"kucuk-kasifin-boyama-kitabi-seti12-kitap","status":"publish","type":"product","link":"https:\/\/roveyayinevi.com.tr\/index.php\/urun\/kucuk-kasifin-boyama-kitabi-seti12-kitap\/","title":{"rendered":"K\u00fc\u00e7\u00fck Ka\u015fifin Boyama Kitab\u0131 Seti(12 Kitap)"},"content":{"rendered":"<p>Heeey k\u00fc\u00e7\u00fck k\u00e2\u015fif!Yepyeni bir boyama serisiyle tan\u0131\u015fmaya haz\u0131r m\u0131s\u0131n?\u00d6yleyse reng\u00e2renk kalemlerini, \u00e7e\u015fit \u00e7e\u015fit boyalar\u0131n\u0131 haz\u0131rla!Hem ke\u015ffet hem de e\u011flencenin tad\u0131n\u0131 \u00e7\u0131kar!             Boyama Kitaplar\u0131            1. Evcil Hayvanlar                  7. Dinozorlar            2. Yabani Hayvanlar               8. \u00c7i\u00e7ekler            3. Suda Ya\u015fayan Hayvanlar    9. A\u011fa\u00e7lar                   4. Ku\u015flar                                 10. Ula\u015f\u0131m Ara\u00e7lar\u0131            5. Meyveler                            11. \u0130\u015f Ara\u00e7lar\u0131            6. Sebzeler                              12. Hava ve Uzay Ara\u00e7lar\u0131 <\/p>\n","protected":false},"excerpt":{"rendered":"<p>Heeey k\u00fc\u00e7\u00fck k\u00e2\u015fif!Yepyeni bir boyama serisiyle tan\u0131\u015fmaya haz\u0131r m\u0131s\u0131n?\u00d6yleyse reng\u00e2renk kalemlerini, \u00e7e\u015fit \u00e7e\u015fit boyalar\u0131n\u0131 haz\u0131rla!Hem ke\u015ffet hem de e\u011flencenin tad\u0131n\u0131 \u00e7\u0131kar! Boyama Kitaplar\u0131 1. Evcil Hayvanlar<span class=\"excerpt-hellip\"> [\u2026]<\/span><\/p>\n","protected":false},"featured_media":0,"template":"","meta":{"_monsterinsights_skip_tracking":false,"_monsterinsights_sitenote_active":false,"_monsterinsights_sitenote_note":"","_monsterinsights_sitenote_category":0},"product_brand":[],"product_cat":[12644,12274],"product_tag":[],"class_list":{"0":"post-747672","1":"product","2":"type-product","3":"status-publish","5":"product_cat-boyama-kitaplari","6":"product_cat-cocuk-ve-genclik-kitaplari","7":"pa_cilt-set","8":"pa_tur-kitap","9":"pa_yayinevi-bicirik-yayinlari","10":"pa_yazar-kolektif","12":"first","13":"instock","14":"sale","15":"shipping-taxable","16":"purchasable","17":"product-type-simple"},"_links":{"self":[{"href":"https:\/\/roveyayinevi.com.tr\/index.php\/wp-json\/wp\/v2\/product\/747672","targetHints":{"allow":["GET"]}}],"collection":[{"href":"https:\/\/roveyayinevi.com.tr\/index.php\/wp-json\/wp\/v2\/product"}],"about":[{"href":"https:\/\/roveyayinevi.com.tr\/index.php\/wp-json\/wp\/v2\/types\/product"}],"wp:attachment":[{"href":"https:\/\/roveyayinevi.com.tr\/index.php\/wp-json\/wp\/v2\/media?parent=747672"}],"wp:term":[{"taxonomy":"product_brand","embeddable":true,"href":"https:\/\/roveyayinevi.com.tr\/index.php\/wp-json\/wp\/v2\/product_brand?post=747672"},{"taxonomy":"product_cat","embeddable":true,"href":"https:\/\/roveyayinevi.com.tr\/index.php\/wp-json\/wp\/v2\/product_cat?post=747672"},{"taxonomy":"product_tag","embeddable":true,"href":"https:\/\/roveyayinevi.com.tr\/index.php\/wp-json\/wp\/v2\/product_tag?post=747672"}],"curies":[{"name":"wp","href":"https:\/\/api.w.org\/{rel}","templated":true}]}}