{"id":747669,"date":"2025-08-28T03:12:15","date_gmt":"2025-08-28T00:12:15","guid":{"rendered":"https:\/\/roveyayinevi.com.tr\/index.php\/urun\/milli-sairimiz-mehmed-akif\/"},"modified":"2026-04-16T03:00:28","modified_gmt":"2026-04-16T00:00:28","slug":"milli-sairimiz-mehmed-akif","status":"publish","type":"product","link":"https:\/\/roveyayinevi.com.tr\/index.php\/urun\/milli-sairimiz-mehmed-akif\/","title":{"rendered":"Milli \u015eairimiz Mehmed Akif"},"content":{"rendered":"<p>\u015eair, hayk\u0131rmakla g\u00f6revlidir. Hak bildi\u011fi yolda yapayaln\u0131z da kalsa, bu toprak i\u00e7in yorulacakt\u0131r&#8230; \u00c2kif, bu ger\u00e7e\u011fi bilen ve k\u0131yas\u0131ya yorulan bir insand\u0131r. \u015eair, do\u011fruyu ve g\u00fczeli hem duyacak, hem duyuracakt\u0131r. Bildi\u011fini saklamayacakt\u0131r. Topra\u011f\u0131n\u0131n ve \u00f6z medeniyetinin insan\u0131 i\u00e7in \u00e7\u0131rp\u0131nacak ve asla y\u0131lmayacakt\u0131r. \u00c2kif, y\u0131lmak bilmeyen bir \u201cger\u00e7ek\u201d adamd\u0131r. \u015eair, \u015fahs\u0131 i\u00e7in de\u011fil, ger\u00e7ek de\u011ferler i\u00e7in hissedecek ve yazacakt\u0131r. G\u00f6nl\u00fcn\u00fcn g\u0131das\u0131 sadece cesareti ve d\u00fcr\u00fcstl\u00fc\u011f\u00fc olacakt\u0131r&#8230; \u00c2kif, d\u00fcr\u00fcstl\u00fc\u011f\u00fcn ve cesaretin yolcusudur. \u015eair, \u00f6nce kendisi olacakt\u0131r. Yabanc\u0131 hayran\u0131 sahte kahramanl\u0131klardan ka\u00e7acakt\u0131r. \u00c2kif, b\u00f6ylesine bir anlay\u0131\u015f\u0131n \u00e2bide eseri ve sesidir. \u015eair, g\u00fcn\u00fcbirlik adam de\u011fil, yar\u0131nlar\u0131 \u00f6zleyen ve istikb\u00e2li g\u00f6steren harikul\u00e2de bir kabiliyettir. \u00c2kif, d\u00fcne ve bug\u00fcne oldu\u011fu gibi yar\u0131nlara da \u0131\u015f\u0131k tutan g\u00fc\u00e7l\u00fc ve m\u00fcstesna bir me\u015faledir.<\/p>\n","protected":false},"excerpt":{"rendered":"<p>\u015eair, hayk\u0131rmakla g\u00f6revlidir. Hak bildi\u011fi yolda yapayaln\u0131z da kalsa, bu toprak i\u00e7in yorulacakt\u0131r&#8230; \u00c2kif, bu ger\u00e7e\u011fi bilen ve k\u0131yas\u0131ya yorulan bir insand\u0131r. \u015eair, do\u011fruyu ve g\u00fczeli<span class=\"excerpt-hellip\"> [\u2026]<\/span><\/p>\n","protected":false},"featured_media":0,"template":"","meta":{"_monsterinsights_skip_tracking":false,"_monsterinsights_sitenote_active":false,"_monsterinsights_sitenote_note":"","_monsterinsights_sitenote_category":0},"product_brand":[],"product_cat":[13072,12291],"product_tag":[],"class_list":{"0":"post-747669","1":"product","2":"type-product","3":"status-publish","5":"product_cat-arastirma-inceleme-referans","6":"product_cat-edebiyat","7":"pa_cilt-ciltsiz","8":"pa_tur-kitap","9":"pa_yayinevi-nesil-yayinlari","10":"pa_yazar-vehbi-vakkasoglu","12":"first","13":"instock","14":"sale","15":"shipping-taxable","16":"purchasable","17":"product-type-simple"},"_links":{"self":[{"href":"https:\/\/roveyayinevi.com.tr\/index.php\/wp-json\/wp\/v2\/product\/747669","targetHints":{"allow":["GET"]}}],"collection":[{"href":"https:\/\/roveyayinevi.com.tr\/index.php\/wp-json\/wp\/v2\/product"}],"about":[{"href":"https:\/\/roveyayinevi.com.tr\/index.php\/wp-json\/wp\/v2\/types\/product"}],"wp:attachment":[{"href":"https:\/\/roveyayinevi.com.tr\/index.php\/wp-json\/wp\/v2\/media?parent=747669"}],"wp:term":[{"taxonomy":"product_brand","embeddable":true,"href":"https:\/\/roveyayinevi.com.tr\/index.php\/wp-json\/wp\/v2\/product_brand?post=747669"},{"taxonomy":"product_cat","embeddable":true,"href":"https:\/\/roveyayinevi.com.tr\/index.php\/wp-json\/wp\/v2\/product_cat?post=747669"},{"taxonomy":"product_tag","embeddable":true,"href":"https:\/\/roveyayinevi.com.tr\/index.php\/wp-json\/wp\/v2\/product_tag?post=747669"}],"curies":[{"name":"wp","href":"https:\/\/api.w.org\/{rel}","templated":true}]}}